{"id":1931,"date":"2024-08-27T15:02:59","date_gmt":"2024-08-27T18:02:59","guid":{"rendered":"https:\/\/nelsonbarbudo.com.br\/?page_id=1931"},"modified":"2024-09-09T16:12:16","modified_gmt":"2024-09-09T19:12:16","slug":"o-deputado-2","status":"publish","type":"page","link":"https:\/\/nelsonbarbudo.com.br\/index.php\/o-deputado-2\/","title":{"rendered":"O Deputado"},"content":{"rendered":"\t\t<div data-elementor-type=\"wp-page\" data-elementor-id=\"1931\" class=\"elementor elementor-1931\">\n\t\t\t\t<div class=\"elementor-element elementor-element-ab02e80 e-flex e-con-boxed e-con e-parent\" data-id=\"ab02e80\" data-element_type=\"container\">\n\t\t\t\t\t<div class=\"e-con-inner\">\n\t\t\t\t<div class=\"elementor-element elementor-element-1f985a9 elementor-widget elementor-widget-spacer\" data-id=\"1f985a9\" data-element_type=\"widget\" data-widget_type=\"spacer.default\">\n\t\t\t\t<div class=\"elementor-widget-container\">\n\t\t\t\t\t\t\t<div class=\"elementor-spacer\">\n\t\t\t<div class=\"elementor-spacer-inner\"><\/div>\n\t\t<\/div>\n\t\t\t\t\t\t<\/div>\n\t\t\t\t<\/div>\n\t\t\t\t<div class=\"elementor-element elementor-element-f6fe151 elementor-widget elementor-widget-heading\" data-id=\"f6fe151\" data-element_type=\"widget\" data-widget_type=\"heading.default\">\n\t\t\t\t<div class=\"elementor-widget-container\">\n\t\t\t\t\t<h2 class=\"elementor-heading-title elementor-size-default\">QUEM \u00c9 O DEPUTADO NELSON BARBUDO<\/h2>\t\t\t\t<\/div>\n\t\t\t\t<\/div>\n\t\t\t\t<div class=\"elementor-element elementor-element-82208eb elementor-widget elementor-widget-spacer\" data-id=\"82208eb\" data-element_type=\"widget\" data-widget_type=\"spacer.default\">\n\t\t\t\t<div class=\"elementor-widget-container\">\n\t\t\t\t\t\t\t<div class=\"elementor-spacer\">\n\t\t\t<div class=\"elementor-spacer-inner\"><\/div>\n\t\t<\/div>\n\t\t\t\t\t\t<\/div>\n\t\t\t\t<\/div>\n\t\t\t\t\t<\/div>\n\t\t\t\t<\/div>\n\t\t<div class=\"elementor-element elementor-element-8b16b6b e-flex e-con-boxed e-con e-parent\" data-id=\"8b16b6b\" data-element_type=\"container\">\n\t\t\t\t\t<div class=\"e-con-inner\">\n\t\t\t\t<div class=\"elementor-element elementor-element-d94d265 elementor-widget elementor-widget-text-editor\" data-id=\"d94d265\" data-element_type=\"widget\" data-widget_type=\"text-editor.default\">\n\t\t\t\t<div class=\"elementor-widget-container\">\n\t\t\t\t\t\t\t\t\t<p align=\"justify\"><img fetchpriority=\"high\" decoding=\"async\" class=\" wp-image-2025 alignleft\" src=\"https:\/\/nelsonbarbudo.com.br\/wp-content\/uploads\/2024\/08\/quemehnelsonbarbudo-300x171.jpg\" alt=\"\" width=\"375\" height=\"214\" srcset=\"https:\/\/nelsonbarbudo.com.br\/wp-content\/uploads\/2024\/08\/quemehnelsonbarbudo-300x171.jpg 300w, https:\/\/nelsonbarbudo.com.br\/wp-content\/uploads\/2024\/08\/quemehnelsonbarbudo-1024x583.jpg 1024w, https:\/\/nelsonbarbudo.com.br\/wp-content\/uploads\/2024\/08\/quemehnelsonbarbudo-768x437.jpg 768w, https:\/\/nelsonbarbudo.com.br\/wp-content\/uploads\/2024\/08\/quemehnelsonbarbudo.jpg 1111w\" sizes=\"(max-width: 375px) 100vw, 375px\" \/>Nelson Ned Previdente, nasceu em 14 de fevereiro de 1960 na cidade de Monte Apraz\u00edvel\u2013 SP, filho de Woscerter Nelson Previdente e Nair Alonso Previdente, ca\u00e7ula entre quatro irm\u00e3os. Viveu sua inf\u00e2ncia em Poloni, mas estudou em S\u00e3o Jos\u00e9 do Rio Preto; at\u00e9 fez cursinho em S\u00e3o Paulo Capital e logo entendeu que sua voca\u00e7\u00e3o n\u00e3o estava nesse lugar j\u00e1 t\u00e3o cheio de ind\u00fastrias e pr\u00e9dios.<\/p><p align=\"justify\">Percebeu que era hora de uma virada em sua vida e no final da d\u00e9cada de 80 deixou a casa dos pais e se mudou para Camapu\u00e3 \u2013 MS. Em busca de um novo rumo e disposto a escrever sua pr\u00f3pria hist\u00f3ria, ele e sua esposa, na \u00e9poca namorada, V\u00e2nia Regina Zanini Previdente, foram apenas com a coragem e assim come\u00e7aram a trabalhar no campo, aprendendo sobre tudo aquilo que vem da terra. E foi nessa mesma \u00e9poca que por causa da sua barba, ganhou o apelido que carrega at\u00e9 hoje, Nelson Barbudo.<\/p><p align=\"justify\">Barbudo ficou no Mato Grosso do Sul at\u00e9 1988, quando partiu para Alto Taquari \u2013 MT, cidade pequena e promissora no ramo da agropecu\u00e1ria e foi ali que ele escolheu para construir sua fam\u00edlia.<br \/>Sempre ativo nos bastidores das corridas eleitorais do munic\u00edpio, Nelson resolveu colocar seu nome \u00e0 prova pela primeira vez nas elei\u00e7\u00f5es de 2004, concorrendo ao cargo de vereador. Eleito o mais votado com 281 votos, foi quando teve in\u00edcio sua carreira pol\u00edtica, no mandato que exerceu de 2005 a 2008 e ap\u00f3s isso n\u00e3o concorreu novamente.<\/p><p align=\"justify\">Quase dez anos depois, Barbudo percebeu que o pa\u00eds atravessava maus caminhos com as gest\u00f5es que direcionavam nossa na\u00e7\u00e3o para o lodo do socialismo. Preocupado e a fim de participar da mudan\u00e7a que ele queria, encontrou em Jair Messias Bolsonaro um motivo e uma alian\u00e7a para formar e defender nossa bandeira.<\/p><p>Ao final de 2017, Nelson Barbudo tornou-se conhecido nas redes sociais, atrav\u00e9s de v\u00eddeos onde ele falava sobre os principais personagens que estavam afundando o Brasil e tamb\u00e9m mostrava a nova onda conservadora que estava se formando com Bolsonaro, cativando assim, as pessoas que pensavam como ele. Em 2018 ele percorreu todo o Estado de Mato Grosso, levando suas palavras, bandeiras e o nome de Jair Bolsonaro por onde passava.<\/p><p align=\"justify\">Ent\u00e3o, pela segunda vez, Nelson coloca seu nome \u00e0 disposi\u00e7\u00e3o, dessa vez concorrendo a uma cadeira na C\u00e2mara Federal. Novamente ele foi eleito o mais votado, com a estrondosa marca de 126.249 votos.<\/p><p align=\"justify\">Em 2019, Nelson Barbudo come\u00e7a oficialmente sua carreira como Deputado Federal por Mato Grosso. Em seu mandato sempre se manteve reto e convicto daquilo que pregava em campanha. Defendeu incansavelmente os produtores rurais dando apoio irrestrito a tudo aquilo que fosse para o crescimento e o fortalecimento das atividades agropecu\u00e1rias, defendeu a fam\u00edlia e a P\u00e1tria, votou pelas reformas que eram necess\u00e1rias para o destravamento do pa\u00eds e coibiu muitas tentativas de retrocesso vindas da oposi\u00e7\u00e3o. Ele agiu em causas esquecidas, trabalhando pelos madeireiros e garimpeiros legalizados e fazendo parte da maior for\u00e7a tarefa que existiu na regulariza\u00e7\u00e3o fundi\u00e1ria.<\/p><p align=\"justify\">Durante todo o seu mandato, esteve em primeiro lugar na avalia\u00e7\u00e3o do Ranking dos Pol\u00edticos, como o melhor parlamentar de Mato Grosso e foi premiado na categoria \u201c\u00d3timo Parlamentar\u201d no ano de 2021.<br \/>Em 2022 o pa\u00eds passava por um grande conflito pol\u00edtico e infelizmente Barbudo n\u00e3o se reelegeu, mesmo tendo feito mais de 53 mil votos, ficando como suplente. Em 2024, infelizmente a Deputada Am\u00e1lia Barros (PL-MT) veio a falecer e o deputado Nelson Barbudo assumiu novamente o cargo na C\u00e2mara dos Deputados.<\/p><p align=\"justify\">Em seu segundo mandato como deputado federal, Nelson abra\u00e7ou a causa pela Defesa da Mulher, trabalhando em diversos projetos como o PL 2988\/2024, o PL 3003\/2024, o PL 2992\/2014 e o PL 3067\/2024, al\u00e9m disso, segue apoiando o setor agropecu\u00e1rio, participando efetivamente da Comiss\u00e3o de Agricultura, Pecu\u00e1ria e Abastecimento Rural e da Comiss\u00e3o de Meio Ambiente, sempre defendendo o produtor rural e seus direitos.<br \/>Nelson Barbudo foi da ro\u00e7a ao Congresso, com seu par de botinas e seu velho chap\u00e9u, representando milhares de brasileiros que desejavam ver a mudan\u00e7a que o Brasil tanto clamava.<\/p>\t\t\t\t\t\t\t\t<\/div>\n\t\t\t\t<\/div>\n\t\t\t\t\t<\/div>\n\t\t\t\t<\/div>\n\t\t\t\t<\/div>\n\t\t","protected":false},"excerpt":{"rendered":"<p>QUEM \u00c9 O DEPUTADO NELSON BARBUDO Nelson Ned Previdente, nasceu em 14 de fevereiro de 1960 na cidade de Monte Apraz\u00edvel\u2013 SP, filho de Woscerter Nelson Previdente e Nair Alonso Previdente, ca\u00e7ula entre quatro irm\u00e3os. Viveu sua inf\u00e2ncia em Poloni, mas estudou em S\u00e3o Jos\u00e9 do Rio Preto; at\u00e9 fez cursinho em S\u00e3o Paulo Capital [&hellip;]<\/p>\n","protected":false},"author":1,"featured_media":0,"parent":0,"menu_order":0,"comment_status":"closed","ping_status":"closed","template":"tpl-default-elementor.php","meta":{"footnotes":""},"class_list":["post-1931","page","type-page","status-publish","hentry"],"yoast_head":"<!-- This site is optimized with the Yoast SEO plugin v25.4 - https:\/\/yoast.com\/wordpress\/plugins\/seo\/ -->\n<title>O Deputado - Deputado Federal pelo Mato Grosso<\/title>\n<meta name=\"robots\" content=\"index, follow, max-snippet:-1, max-image-preview:large, max-video-preview:-1\" \/>\n<link rel=\"canonical\" href=\"https:\/\/nelsonbarbudo.com.br\/index.php\/o-deputado-2\/\" \/>\n<meta property=\"og:locale\" content=\"pt_BR\" \/>\n<meta property=\"og:type\" content=\"article\" \/>\n<meta property=\"og:title\" content=\"O Deputado - Deputado Federal pelo Mato Grosso\" \/>\n<meta property=\"og:description\" content=\"QUEM \u00c9 O DEPUTADO NELSON BARBUDO Nelson Ned Previdente, nasceu em 14 de fevereiro de 1960 na cidade de Monte Apraz\u00edvel\u2013 SP, filho de Woscerter Nelson Previdente e Nair Alonso Previdente, ca\u00e7ula entre quatro irm\u00e3os. Viveu sua inf\u00e2ncia em Poloni, mas estudou em S\u00e3o Jos\u00e9 do Rio Preto; at\u00e9 fez cursinho em S\u00e3o Paulo Capital [&hellip;]\" \/>\n<meta property=\"og:url\" content=\"https:\/\/nelsonbarbudo.com.br\/index.php\/o-deputado-2\/\" \/>\n<meta property=\"og:site_name\" content=\"Deputado Federal pelo Mato Grosso\" \/>\n<meta property=\"article:modified_time\" content=\"2024-09-09T19:12:16+00:00\" \/>\n<meta property=\"og:image\" content=\"https:\/\/nelsonbarbudo.com.br\/wp-content\/uploads\/2024\/08\/quemehnelsonbarbudo-300x171.jpg\" \/>\n<meta name=\"twitter:card\" content=\"summary_large_image\" \/>\n<meta name=\"twitter:label1\" content=\"Est. tempo de leitura\" \/>\n\t<meta name=\"twitter:data1\" content=\"4 minutos\" \/>\n<script type=\"application\/ld+json\" class=\"yoast-schema-graph\">{\"@context\":\"https:\/\/schema.org\",\"@graph\":[{\"@type\":\"WebPage\",\"@id\":\"https:\/\/nelsonbarbudo.com.br\/index.php\/o-deputado-2\/\",\"url\":\"https:\/\/nelsonbarbudo.com.br\/index.php\/o-deputado-2\/\",\"name\":\"O Deputado - Deputado Federal pelo Mato Grosso\",\"isPartOf\":{\"@id\":\"https:\/\/nelsonbarbudo.com.br\/#website\"},\"primaryImageOfPage\":{\"@id\":\"https:\/\/nelsonbarbudo.com.br\/index.php\/o-deputado-2\/#primaryimage\"},\"image\":{\"@id\":\"https:\/\/nelsonbarbudo.com.br\/index.php\/o-deputado-2\/#primaryimage\"},\"thumbnailUrl\":\"https:\/\/nelsonbarbudo.com.br\/wp-content\/uploads\/2024\/08\/quemehnelsonbarbudo-300x171.jpg\",\"datePublished\":\"2024-08-27T18:02:59+00:00\",\"dateModified\":\"2024-09-09T19:12:16+00:00\",\"breadcrumb\":{\"@id\":\"https:\/\/nelsonbarbudo.com.br\/index.php\/o-deputado-2\/#breadcrumb\"},\"inLanguage\":\"pt-BR\",\"potentialAction\":[{\"@type\":\"ReadAction\",\"target\":[\"https:\/\/nelsonbarbudo.com.br\/index.php\/o-deputado-2\/\"]}]},{\"@type\":\"ImageObject\",\"inLanguage\":\"pt-BR\",\"@id\":\"https:\/\/nelsonbarbudo.com.br\/index.php\/o-deputado-2\/#primaryimage\",\"url\":\"https:\/\/nelsonbarbudo.com.br\/wp-content\/uploads\/2024\/08\/quemehnelsonbarbudo.jpg\",\"contentUrl\":\"https:\/\/nelsonbarbudo.com.br\/wp-content\/uploads\/2024\/08\/quemehnelsonbarbudo.jpg\",\"width\":1111,\"height\":632,\"caption\":\"Plen\u00e1rio\"},{\"@type\":\"BreadcrumbList\",\"@id\":\"https:\/\/nelsonbarbudo.com.br\/index.php\/o-deputado-2\/#breadcrumb\",\"itemListElement\":[{\"@type\":\"ListItem\",\"position\":1,\"name\":\"In\u00edcio\",\"item\":\"https:\/\/nelsonbarbudo.com.br\/\"},{\"@type\":\"ListItem\",\"position\":2,\"name\":\"O Deputado\"}]},{\"@type\":\"WebSite\",\"@id\":\"https:\/\/nelsonbarbudo.com.br\/#website\",\"url\":\"https:\/\/nelsonbarbudo.com.br\/\",\"name\":\"Deputado Federal Nelson Barbudo\",\"description\":\"PL - MT\",\"potentialAction\":[{\"@type\":\"SearchAction\",\"target\":{\"@type\":\"EntryPoint\",\"urlTemplate\":\"https:\/\/nelsonbarbudo.com.br\/?s={search_term_string}\"},\"query-input\":{\"@type\":\"PropertyValueSpecification\",\"valueRequired\":true,\"valueName\":\"search_term_string\"}}],\"inLanguage\":\"pt-BR\"}]}<\/script>\n<!-- \/ Yoast SEO plugin. -->","yoast_head_json":{"title":"O Deputado - Deputado Federal pelo Mato Grosso","robots":{"index":"index","follow":"follow","max-snippet":"max-snippet:-1","max-image-preview":"max-image-preview:large","max-video-preview":"max-video-preview:-1"},"canonical":"https:\/\/nelsonbarbudo.com.br\/index.php\/o-deputado-2\/","og_locale":"pt_BR","og_type":"article","og_title":"O Deputado - Deputado Federal pelo Mato Grosso","og_description":"QUEM \u00c9 O DEPUTADO NELSON BARBUDO Nelson Ned Previdente, nasceu em 14 de fevereiro de 1960 na cidade de Monte Apraz\u00edvel\u2013 SP, filho de Woscerter Nelson Previdente e Nair Alonso Previdente, ca\u00e7ula entre quatro irm\u00e3os. Viveu sua inf\u00e2ncia em Poloni, mas estudou em S\u00e3o Jos\u00e9 do Rio Preto; at\u00e9 fez cursinho em S\u00e3o Paulo Capital [&hellip;]","og_url":"https:\/\/nelsonbarbudo.com.br\/index.php\/o-deputado-2\/","og_site_name":"Deputado Federal pelo Mato Grosso","article_modified_time":"2024-09-09T19:12:16+00:00","og_image":[{"url":"https:\/\/nelsonbarbudo.com.br\/wp-content\/uploads\/2024\/08\/quemehnelsonbarbudo-300x171.jpg","type":"","width":"","height":""}],"twitter_card":"summary_large_image","twitter_misc":{"Est. tempo de leitura":"4 minutos"},"schema":{"@context":"https:\/\/schema.org","@graph":[{"@type":"WebPage","@id":"https:\/\/nelsonbarbudo.com.br\/index.php\/o-deputado-2\/","url":"https:\/\/nelsonbarbudo.com.br\/index.php\/o-deputado-2\/","name":"O Deputado - Deputado Federal pelo Mato Grosso","isPartOf":{"@id":"https:\/\/nelsonbarbudo.com.br\/#website"},"primaryImageOfPage":{"@id":"https:\/\/nelsonbarbudo.com.br\/index.php\/o-deputado-2\/#primaryimage"},"image":{"@id":"https:\/\/nelsonbarbudo.com.br\/index.php\/o-deputado-2\/#primaryimage"},"thumbnailUrl":"https:\/\/nelsonbarbudo.com.br\/wp-content\/uploads\/2024\/08\/quemehnelsonbarbudo-300x171.jpg","datePublished":"2024-08-27T18:02:59+00:00","dateModified":"2024-09-09T19:12:16+00:00","breadcrumb":{"@id":"https:\/\/nelsonbarbudo.com.br\/index.php\/o-deputado-2\/#breadcrumb"},"inLanguage":"pt-BR","potentialAction":[{"@type":"ReadAction","target":["https:\/\/nelsonbarbudo.com.br\/index.php\/o-deputado-2\/"]}]},{"@type":"ImageObject","inLanguage":"pt-BR","@id":"https:\/\/nelsonbarbudo.com.br\/index.php\/o-deputado-2\/#primaryimage","url":"https:\/\/nelsonbarbudo.com.br\/wp-content\/uploads\/2024\/08\/quemehnelsonbarbudo.jpg","contentUrl":"https:\/\/nelsonbarbudo.com.br\/wp-content\/uploads\/2024\/08\/quemehnelsonbarbudo.jpg","width":1111,"height":632,"caption":"Plen\u00e1rio"},{"@type":"BreadcrumbList","@id":"https:\/\/nelsonbarbudo.com.br\/index.php\/o-deputado-2\/#breadcrumb","itemListElement":[{"@type":"ListItem","position":1,"name":"In\u00edcio","item":"https:\/\/nelsonbarbudo.com.br\/"},{"@type":"ListItem","position":2,"name":"O Deputado"}]},{"@type":"WebSite","@id":"https:\/\/nelsonbarbudo.com.br\/#website","url":"https:\/\/nelsonbarbudo.com.br\/","name":"Deputado Federal Nelson Barbudo","description":"PL - MT","potentialAction":[{"@type":"SearchAction","target":{"@type":"EntryPoint","urlTemplate":"https:\/\/nelsonbarbudo.com.br\/?s={search_term_string}"},"query-input":{"@type":"PropertyValueSpecification","valueRequired":true,"valueName":"search_term_string"}}],"inLanguage":"pt-BR"}]}},"_links":{"self":[{"href":"https:\/\/nelsonbarbudo.com.br\/index.php\/wp-json\/wp\/v2\/pages\/1931","targetHints":{"allow":["GET"]}}],"collection":[{"href":"https:\/\/nelsonbarbudo.com.br\/index.php\/wp-json\/wp\/v2\/pages"}],"about":[{"href":"https:\/\/nelsonbarbudo.com.br\/index.php\/wp-json\/wp\/v2\/types\/page"}],"author":[{"embeddable":true,"href":"https:\/\/nelsonbarbudo.com.br\/index.php\/wp-json\/wp\/v2\/users\/1"}],"replies":[{"embeddable":true,"href":"https:\/\/nelsonbarbudo.com.br\/index.php\/wp-json\/wp\/v2\/comments?post=1931"}],"version-history":[{"count":9,"href":"https:\/\/nelsonbarbudo.com.br\/index.php\/wp-json\/wp\/v2\/pages\/1931\/revisions"}],"predecessor-version":[{"id":2080,"href":"https:\/\/nelsonbarbudo.com.br\/index.php\/wp-json\/wp\/v2\/pages\/1931\/revisions\/2080"}],"wp:attachment":[{"href":"https:\/\/nelsonbarbudo.com.br\/index.php\/wp-json\/wp\/v2\/media?parent=1931"}],"curies":[{"name":"wp","href":"https:\/\/api.w.org\/{rel}","templated":true}]}}