{"id":1999,"date":"2024-08-29T09:43:21","date_gmt":"2024-08-29T12:43:21","guid":{"rendered":"https:\/\/nelsonbarbudo.com.br\/?page_id=1999"},"modified":"2024-09-09T16:45:31","modified_gmt":"2024-09-09T19:45:31","slug":"em-defesa-da-mulher","status":"publish","type":"page","link":"https:\/\/nelsonbarbudo.com.br\/index.php\/em-defesa-da-mulher\/","title":{"rendered":"Em Defesa da Mulher"},"content":{"rendered":"\t\t<div data-elementor-type=\"wp-page\" data-elementor-id=\"1999\" class=\"elementor elementor-1999\">\n\t\t\t\t<div class=\"elementor-element elementor-element-db6971a e-flex e-con-boxed e-con e-parent\" data-id=\"db6971a\" data-element_type=\"container\">\n\t\t\t\t\t<div class=\"e-con-inner\">\n\t\t\t\t<div class=\"elementor-element elementor-element-b508916 elementor-widget elementor-widget-heading\" data-id=\"b508916\" data-element_type=\"widget\" data-widget_type=\"heading.default\">\n\t\t\t\t<div class=\"elementor-widget-container\">\n\t\t\t\t\t<h2 class=\"elementor-heading-title elementor-size-default\">EM DEFESA DA MULHER<\/h2>\t\t\t\t<\/div>\n\t\t\t\t<\/div>\n\t\t\t\t<div class=\"elementor-element elementor-element-c983664 elementor-widget elementor-widget-spacer\" data-id=\"c983664\" data-element_type=\"widget\" data-widget_type=\"spacer.default\">\n\t\t\t\t<div class=\"elementor-widget-container\">\n\t\t\t\t\t\t\t<div class=\"elementor-spacer\">\n\t\t\t<div class=\"elementor-spacer-inner\"><\/div>\n\t\t<\/div>\n\t\t\t\t\t\t<\/div>\n\t\t\t\t<\/div>\n\t\t\t\t<div class=\"elementor-element elementor-element-54e0359 elementor-widget elementor-widget-wpsection_wps_blog_grid\" data-id=\"54e0359\" data-element_type=\"widget\" data-widget_type=\"wpsection_wps_blog_grid.default\">\n\t\t\t\t<div class=\"elementor-widget-container\">\n\t\t\t\t\t\n\n<section class=\"blog-grid\">\n    <div class=\"auto-container\">\n        <div class=\"row clearfix\">\n                            <div class=\"col-lg-4 col-md-4 col-sm-12 news-block\">\n                    <div class=\"wp_blog_block news-block-two wow fadeInUp animated\" data-wow-delay=\"00ms\" data-wow-duration=\"1500ms\">\n                        <div class=\"inner-box\">\n                            <div class=\"image-box\">\n\n                                <figure class=\"image mr_product_thumb\">\n                                    <a class=\"mr_product_link\" href=\"https:\/\/nelsonbarbudo.com.br\/index.php\/2026\/03\/09\/no-dia-da-mulher-deputado-nelson-barbudo-destaca-projetos-apresentados-em-defesa-das-mulheres\/\">\n                                        \n\t\t\t\t\t\t\t\t\t<img fetchpriority=\"high\" decoding=\"async\" width=\"1280\" height=\"958\" src=\"https:\/\/nelsonbarbudo.com.br\/wp-content\/uploads\/2026\/03\/WhatsApp-Image-2026-03-08-at-12.00.18.jpeg\" class=\"attachment-post-thumbnail size-post-thumbnail wp-post-image\" alt=\"\" srcset=\"https:\/\/nelsonbarbudo.com.br\/wp-content\/uploads\/2026\/03\/WhatsApp-Image-2026-03-08-at-12.00.18.jpeg 1280w, https:\/\/nelsonbarbudo.com.br\/wp-content\/uploads\/2026\/03\/WhatsApp-Image-2026-03-08-at-12.00.18-300x225.jpeg 300w, https:\/\/nelsonbarbudo.com.br\/wp-content\/uploads\/2026\/03\/WhatsApp-Image-2026-03-08-at-12.00.18-1024x766.jpeg 1024w, https:\/\/nelsonbarbudo.com.br\/wp-content\/uploads\/2026\/03\/WhatsApp-Image-2026-03-08-at-12.00.18-768x575.jpeg 768w\" sizes=\"(max-width: 1280px) 100vw, 1280px\" \/>  \n\n                                    <\/a>\n                                <\/figure>\n\n                                <span class=\"post-date mr_post_date\">09 mar<\/span>\n                            <\/div>\n                            <div class=\"lower-content\">\n                                <div class=\"subtitle_alignment\">\n                                    <span class=\"category mr_block_subtitle mr_featured_block_subtitle\">\n                                        <a href=\"https:\/\/nelsonbarbudo.com.br\/index.php\/category\/defesa-mulher\/\">Defesa-Mulher<\/a>                                    <\/span>\n                                <\/div>\n\n                                <h3 class=\"mr_block_title mr_featured_block\"><a href=\"https:\/\/nelsonbarbudo.com.br\/index.php\/2026\/03\/09\/no-dia-da-mulher-deputado-nelson-barbudo-destaca-projetos-apresentados-em-defesa-das-mulheres\/\">No Dia da Mulher, deputado Nelson Barbudo destaca projetos apresentados em defesa das mulheres<\/a><\/h3>\n                                <ul class=\"post-info clearfix\">\n                                    <li class=\"author-box mr_block_author\">\n                                        <div class=\"author-thumb\"><img alt='' src='https:\/\/secure.gravatar.com\/avatar\/b9fe02dd5c47fa8f3403fa53c592961d634ae71b86f7373da04d0e801510e425?s=90&#038;d=mm&#038;r=g' srcset='https:\/\/secure.gravatar.com\/avatar\/b9fe02dd5c47fa8f3403fa53c592961d634ae71b86f7373da04d0e801510e425?s=180&#038;d=mm&#038;r=g 2x' class='avatar avatar-90 photo' height='90' width='90' \/><\/div>\n                                        <a href=\"https:\/\/nelsonbarbudo.com.br\/index.php\/author\/imprensa\/\">Marlene Maidana<\/a>\n                                    <\/li>\n                                    <li class=\"mr_featured_block mr_block_comment\"><i class=\"\"><\/i>Nenhum coment\u00e1rio<\/li>\n                                <\/ul>\n\n                                <p class=\"mr_featured_block mr_f_block_text\">No Dia da Mulher, deputado Nelson Barbudo destaca projetos apresentados em defesa das mulheres O Dia Internacional da Mulher \u00e9 um momento de reconhecimento da import\u00e2ncia das mulheres na sociedade, mas tamb\u00e9m de reflex\u00e3o sobre a necessidade de ampliar a prote\u00e7\u00e3o e garantir mais seguran\u00e7a para elas. Na C\u00e2mara dos&hellip;<\/p>\n                                <div class=\"wps_read_button_area\">\n                                    <button class=\"wps_read_button\">\n                                        <a class=\"theme_btn_none\" href=\"https:\/\/nelsonbarbudo.com.br\/index.php\/2026\/03\/09\/no-dia-da-mulher-deputado-nelson-barbudo-destaca-projetos-apresentados-em-defesa-das-mulheres\/\">Ler Mais<\/a>\n                                    <\/button>\n                                <\/div>\n                            <\/div>\n                        <\/div>\n                    <\/div>\n                <\/div>\n                            <div class=\"col-lg-4 col-md-4 col-sm-12 news-block\">\n                    <div class=\"wp_blog_block news-block-two wow fadeInUp animated\" data-wow-delay=\"00ms\" data-wow-duration=\"1500ms\">\n                        <div class=\"inner-box\">\n                            <div class=\"image-box\">\n\n                                <figure class=\"image mr_product_thumb\">\n                                    <a class=\"mr_product_link\" href=\"https:\/\/nelsonbarbudo.com.br\/index.php\/2026\/02\/09\/deputado-nelson-barbudo-apresenta-projeto-que-preve-afastamento-preventivo-de-agentes-publicos-denunciados-por-assedio-sexual\/\">\n                                        \n\t\t\t\t\t\t\t\t\t<img decoding=\"async\" width=\"525\" height=\"440\" src=\"https:\/\/nelsonbarbudo.com.br\/wp-content\/uploads\/2026\/02\/WhatsApp-Image-2026-02-03-at-11.32.11-2-e1771282585882.jpeg\" class=\"attachment-post-thumbnail size-post-thumbnail wp-post-image\" alt=\"\" srcset=\"https:\/\/nelsonbarbudo.com.br\/wp-content\/uploads\/2026\/02\/WhatsApp-Image-2026-02-03-at-11.32.11-2-e1771282585882.jpeg 525w, https:\/\/nelsonbarbudo.com.br\/wp-content\/uploads\/2026\/02\/WhatsApp-Image-2026-02-03-at-11.32.11-2-e1771282585882-300x251.jpeg 300w, https:\/\/nelsonbarbudo.com.br\/wp-content\/uploads\/2026\/02\/WhatsApp-Image-2026-02-03-at-11.32.11-2-e1771282585882-370x310.jpeg 370w\" sizes=\"(max-width: 525px) 100vw, 525px\" \/>  \n\n                                    <\/a>\n                                <\/figure>\n\n                                <span class=\"post-date mr_post_date\">09 fev<\/span>\n                            <\/div>\n                            <div class=\"lower-content\">\n                                <div class=\"subtitle_alignment\">\n                                    <span class=\"category mr_block_subtitle mr_featured_block_subtitle\">\n                                        <a href=\"https:\/\/nelsonbarbudo.com.br\/index.php\/category\/defesa-mulher\/\">Defesa-Mulher<\/a>                                    <\/span>\n                                <\/div>\n\n                                <h3 class=\"mr_block_title mr_featured_block\"><a href=\"https:\/\/nelsonbarbudo.com.br\/index.php\/2026\/02\/09\/deputado-nelson-barbudo-apresenta-projeto-que-preve-afastamento-preventivo-de-agentes-publicos-denunciados-por-assedio-sexual\/\">Deputado Nelson Barbudo apresenta projeto que prev\u00ea afastamento preventivo de agentes p\u00fablicos denunciados por ass\u00e9dio sexual<\/a><\/h3>\n                                <ul class=\"post-info clearfix\">\n                                    <li class=\"author-box mr_block_author\">\n                                        <div class=\"author-thumb\"><img alt='' src='https:\/\/secure.gravatar.com\/avatar\/b9fe02dd5c47fa8f3403fa53c592961d634ae71b86f7373da04d0e801510e425?s=90&#038;d=mm&#038;r=g' srcset='https:\/\/secure.gravatar.com\/avatar\/b9fe02dd5c47fa8f3403fa53c592961d634ae71b86f7373da04d0e801510e425?s=180&#038;d=mm&#038;r=g 2x' class='avatar avatar-90 photo' height='90' width='90' \/><\/div>\n                                        <a href=\"https:\/\/nelsonbarbudo.com.br\/index.php\/author\/imprensa\/\">Marlene Maidana<\/a>\n                                    <\/li>\n                                    <li class=\"mr_featured_block mr_block_comment\"><i class=\"\"><\/i>Nenhum coment\u00e1rio<\/li>\n                                <\/ul>\n\n                                <p class=\"mr_featured_block mr_f_block_text\">Deputado Nelson Barbudo apresenta projeto que prev\u00ea afastamento preventivo de agentes p\u00fablicos denunciados por ass\u00e9dio sexual O deputado federal Nelson Barbudo (PL-MT) apresentou na C\u00e2mara dos Deputados o Projeto de Lei n\u00ba 350\/2026, que estabelece o afastamento imediato e preventivo de agentes p\u00fablicos denunciados por ass\u00e9dio sexual contra mulheres no&hellip;<\/p>\n                                <div class=\"wps_read_button_area\">\n                                    <button class=\"wps_read_button\">\n                                        <a class=\"theme_btn_none\" href=\"https:\/\/nelsonbarbudo.com.br\/index.php\/2026\/02\/09\/deputado-nelson-barbudo-apresenta-projeto-que-preve-afastamento-preventivo-de-agentes-publicos-denunciados-por-assedio-sexual\/\">Ler Mais<\/a>\n                                    <\/button>\n                                <\/div>\n                            <\/div>\n                        <\/div>\n                    <\/div>\n                <\/div>\n                            <div class=\"col-lg-4 col-md-4 col-sm-12 news-block\">\n                    <div class=\"wp_blog_block news-block-two wow fadeInUp animated\" data-wow-delay=\"00ms\" data-wow-duration=\"1500ms\">\n                        <div class=\"inner-box\">\n                            <div class=\"image-box\">\n\n                                <figure class=\"image mr_product_thumb\">\n                                    <a class=\"mr_product_link\" href=\"https:\/\/nelsonbarbudo.com.br\/index.php\/2024\/11\/09\/urgencia-de-projeto-de-nelson-barbudo-e-aprovado-na-camara-e-proibe-a-liberdade-provisoria-para-quem-cometer-crimes-hediondos-como-estupro-e-feminicidio\/\">\n                                        \n\t\t\t\t\t\t\t\t\t<img decoding=\"async\" width=\"1000\" height=\"616\" src=\"https:\/\/nelsonbarbudo.com.br\/wp-content\/uploads\/2024\/11\/Plenario.jpeg\" class=\"attachment-post-thumbnail size-post-thumbnail wp-post-image\" alt=\"\" srcset=\"https:\/\/nelsonbarbudo.com.br\/wp-content\/uploads\/2024\/11\/Plenario.jpeg 1000w, https:\/\/nelsonbarbudo.com.br\/wp-content\/uploads\/2024\/11\/Plenario-300x185.jpeg 300w, https:\/\/nelsonbarbudo.com.br\/wp-content\/uploads\/2024\/11\/Plenario-768x473.jpeg 768w\" sizes=\"(max-width: 1000px) 100vw, 1000px\" \/>  \n\n                                    <\/a>\n                                <\/figure>\n\n                                <span class=\"post-date mr_post_date\">09 nov<\/span>\n                            <\/div>\n                            <div class=\"lower-content\">\n                                <div class=\"subtitle_alignment\">\n                                    <span class=\"category mr_block_subtitle mr_featured_block_subtitle\">\n                                        <a href=\"https:\/\/nelsonbarbudo.com.br\/index.php\/category\/defesa-mulher\/\">Defesa-Mulher<\/a>                                    <\/span>\n                                <\/div>\n\n                                <h3 class=\"mr_block_title mr_featured_block\"><a href=\"https:\/\/nelsonbarbudo.com.br\/index.php\/2024\/11\/09\/urgencia-de-projeto-de-nelson-barbudo-e-aprovado-na-camara-e-proibe-a-liberdade-provisoria-para-quem-cometer-crimes-hediondos-como-estupro-e-feminicidio\/\">URG\u00caNCIA DE PROJETO DE NELSON BARBUDO \u00c9 APROVADO NA C\u00c2MARA E PRO\u00cdBE A LIBERDADE PROVIS\u00d3RIA PARA QUEM COMETER CRIMES HEDIONDOS COMO ESTUPRO E FEMINIC\u00cdDIO<\/a><\/h3>\n                                <ul class=\"post-info clearfix\">\n                                    <li class=\"author-box mr_block_author\">\n                                        <div class=\"author-thumb\"><img alt='' src='https:\/\/secure.gravatar.com\/avatar\/b9fe02dd5c47fa8f3403fa53c592961d634ae71b86f7373da04d0e801510e425?s=90&#038;d=mm&#038;r=g' srcset='https:\/\/secure.gravatar.com\/avatar\/b9fe02dd5c47fa8f3403fa53c592961d634ae71b86f7373da04d0e801510e425?s=180&#038;d=mm&#038;r=g 2x' class='avatar avatar-90 photo' height='90' width='90' \/><\/div>\n                                        <a href=\"https:\/\/nelsonbarbudo.com.br\/index.php\/author\/imprensa\/\">Marlene Maidana<\/a>\n                                    <\/li>\n                                    <li class=\"mr_featured_block mr_block_comment\"><i class=\"\"><\/i>Nenhum coment\u00e1rio<\/li>\n                                <\/ul>\n\n                                <p class=\"mr_featured_block mr_f_block_text\">URG\u00caNCIA DE PROJETO DE NELSON BARBUDO \u00c9 APROVADO NA C\u00c2MARA E PRO\u00cdBE A LIBERDADE PROVIS\u00d3RIA PARA QUEM COMETER CRIMES HEDIONDOS COMO ESTUPRO E FEMINIC\u00cdDIO A C\u00e2mara dos Deputados aprovou nesta segunda-feira (4), a urg\u00eancia do Projeto 2988\/2024 de autoria do deputado Nelson Barbudo (PL-MT) que torna obrigat\u00f3ria a pris\u00e3o preventiva&hellip;<\/p>\n                                <div class=\"wps_read_button_area\">\n                                    <button class=\"wps_read_button\">\n                                        <a class=\"theme_btn_none\" href=\"https:\/\/nelsonbarbudo.com.br\/index.php\/2024\/11\/09\/urgencia-de-projeto-de-nelson-barbudo-e-aprovado-na-camara-e-proibe-a-liberdade-provisoria-para-quem-cometer-crimes-hediondos-como-estupro-e-feminicidio\/\">Ler Mais<\/a>\n                                    <\/button>\n                                <\/div>\n                            <\/div>\n                        <\/div>\n                    <\/div>\n                <\/div>\n            \t\t\t\n       \n      \n \t\n\t\t\t\n\t\t\t\t\t\t\t\t   \n              <\/div>\n    <\/div>\n<\/section>\n\n\n\t\t\t\n\n\n\t\t\t\t<\/div>\n\t\t\t\t<\/div>\n\t\t\t\t\t<\/div>\n\t\t\t\t<\/div>\n\t\t\t\t<\/div>\n\t\t","protected":false},"excerpt":{"rendered":"<p>EM DEFESA DA MULHER 28 ago Defesa-Mulher Nelson Barbudo pede penas mais duras para crimes contra mulheres Marlene Maidana Nenhum coment\u00e1rio Nelson Barbudo pede penas mais duras para crimes contra mulheres O deputado federal Nelson Barbudo (PL-MT) tem se destacado como defensor dos direitos das mulheres no Brasil. Mesmo durante o \u201cRecesso Branco\u201d, Barbudo apresentou [&hellip;]<\/p>\n","protected":false},"author":1,"featured_media":0,"parent":0,"menu_order":0,"comment_status":"closed","ping_status":"closed","template":"","meta":{"footnotes":""},"class_list":["post-1999","page","type-page","status-publish","hentry"],"yoast_head":"<!-- This site is optimized with the Yoast SEO plugin v25.4 - https:\/\/yoast.com\/wordpress\/plugins\/seo\/ -->\n<title>Em Defesa da Mulher - Deputado Federal pelo Mato Grosso<\/title>\n<meta name=\"robots\" content=\"index, follow, max-snippet:-1, max-image-preview:large, max-video-preview:-1\" \/>\n<link rel=\"canonical\" href=\"https:\/\/nelsonbarbudo.com.br\/index.php\/em-defesa-da-mulher\/\" \/>\n<meta property=\"og:locale\" content=\"pt_BR\" \/>\n<meta property=\"og:type\" content=\"article\" \/>\n<meta property=\"og:title\" content=\"Em Defesa da Mulher - Deputado Federal pelo Mato Grosso\" \/>\n<meta property=\"og:description\" content=\"EM DEFESA DA MULHER 28 ago Defesa-Mulher Nelson Barbudo pede penas mais duras para crimes contra mulheres Marlene Maidana Nenhum coment\u00e1rio Nelson Barbudo pede penas mais duras para crimes contra mulheres O deputado federal Nelson Barbudo (PL-MT) tem se destacado como defensor dos direitos das mulheres no Brasil. Mesmo durante o \u201cRecesso Branco\u201d, Barbudo apresentou [&hellip;]\" \/>\n<meta property=\"og:url\" content=\"https:\/\/nelsonbarbudo.com.br\/index.php\/em-defesa-da-mulher\/\" \/>\n<meta property=\"og:site_name\" content=\"Deputado Federal pelo Mato Grosso\" \/>\n<meta property=\"article:modified_time\" content=\"2024-09-09T19:45:31+00:00\" \/>\n<meta property=\"og:image\" content=\"https:\/\/nelsonbarbudo.com.br\/wp-content\/uploads\/2024\/08\/Foto-Pablo-Valadares-Camara-dos-Deputados.jpg\" \/>\n<meta name=\"twitter:card\" content=\"summary_large_image\" \/>\n<meta name=\"twitter:label1\" content=\"Est. tempo de leitura\" \/>\n\t<meta name=\"twitter:data1\" content=\"1 minuto\" \/>\n<script type=\"application\/ld+json\" class=\"yoast-schema-graph\">{\"@context\":\"https:\/\/schema.org\",\"@graph\":[{\"@type\":\"WebPage\",\"@id\":\"https:\/\/nelsonbarbudo.com.br\/index.php\/em-defesa-da-mulher\/\",\"url\":\"https:\/\/nelsonbarbudo.com.br\/index.php\/em-defesa-da-mulher\/\",\"name\":\"Em Defesa da Mulher - Deputado Federal pelo Mato Grosso\",\"isPartOf\":{\"@id\":\"https:\/\/nelsonbarbudo.com.br\/#website\"},\"primaryImageOfPage\":{\"@id\":\"https:\/\/nelsonbarbudo.com.br\/index.php\/em-defesa-da-mulher\/#primaryimage\"},\"image\":{\"@id\":\"https:\/\/nelsonbarbudo.com.br\/index.php\/em-defesa-da-mulher\/#primaryimage\"},\"thumbnailUrl\":\"https:\/\/nelsonbarbudo.com.br\/wp-content\/uploads\/2024\/08\/Foto-Pablo-Valadares-Camara-dos-Deputados.jpg\",\"datePublished\":\"2024-08-29T12:43:21+00:00\",\"dateModified\":\"2024-09-09T19:45:31+00:00\",\"breadcrumb\":{\"@id\":\"https:\/\/nelsonbarbudo.com.br\/index.php\/em-defesa-da-mulher\/#breadcrumb\"},\"inLanguage\":\"pt-BR\",\"potentialAction\":[{\"@type\":\"ReadAction\",\"target\":[\"https:\/\/nelsonbarbudo.com.br\/index.php\/em-defesa-da-mulher\/\"]}]},{\"@type\":\"ImageObject\",\"inLanguage\":\"pt-BR\",\"@id\":\"https:\/\/nelsonbarbudo.com.br\/index.php\/em-defesa-da-mulher\/#primaryimage\",\"url\":\"https:\/\/nelsonbarbudo.com.br\/wp-content\/uploads\/2024\/08\/Foto-Pablo-Valadares-Camara-dos-Deputados.jpg\",\"contentUrl\":\"https:\/\/nelsonbarbudo.com.br\/wp-content\/uploads\/2024\/08\/Foto-Pablo-Valadares-Camara-dos-Deputados.jpg\",\"width\":1000,\"height\":667,\"caption\":\"Foto - Pablo Valadares-C\u00e2mara dos Deputados\"},{\"@type\":\"BreadcrumbList\",\"@id\":\"https:\/\/nelsonbarbudo.com.br\/index.php\/em-defesa-da-mulher\/#breadcrumb\",\"itemListElement\":[{\"@type\":\"ListItem\",\"position\":1,\"name\":\"In\u00edcio\",\"item\":\"https:\/\/nelsonbarbudo.com.br\/\"},{\"@type\":\"ListItem\",\"position\":2,\"name\":\"Em Defesa da Mulher\"}]},{\"@type\":\"WebSite\",\"@id\":\"https:\/\/nelsonbarbudo.com.br\/#website\",\"url\":\"https:\/\/nelsonbarbudo.com.br\/\",\"name\":\"Deputado Federal Nelson Barbudo\",\"description\":\"PL - MT\",\"potentialAction\":[{\"@type\":\"SearchAction\",\"target\":{\"@type\":\"EntryPoint\",\"urlTemplate\":\"https:\/\/nelsonbarbudo.com.br\/?s={search_term_string}\"},\"query-input\":{\"@type\":\"PropertyValueSpecification\",\"valueRequired\":true,\"valueName\":\"search_term_string\"}}],\"inLanguage\":\"pt-BR\"}]}<\/script>\n<!-- \/ Yoast SEO plugin. -->","yoast_head_json":{"title":"Em Defesa da Mulher - Deputado Federal pelo Mato Grosso","robots":{"index":"index","follow":"follow","max-snippet":"max-snippet:-1","max-image-preview":"max-image-preview:large","max-video-preview":"max-video-preview:-1"},"canonical":"https:\/\/nelsonbarbudo.com.br\/index.php\/em-defesa-da-mulher\/","og_locale":"pt_BR","og_type":"article","og_title":"Em Defesa da Mulher - Deputado Federal pelo Mato Grosso","og_description":"EM DEFESA DA MULHER 28 ago Defesa-Mulher Nelson Barbudo pede penas mais duras para crimes contra mulheres Marlene Maidana Nenhum coment\u00e1rio Nelson Barbudo pede penas mais duras para crimes contra mulheres O deputado federal Nelson Barbudo (PL-MT) tem se destacado como defensor dos direitos das mulheres no Brasil. Mesmo durante o \u201cRecesso Branco\u201d, Barbudo apresentou [&hellip;]","og_url":"https:\/\/nelsonbarbudo.com.br\/index.php\/em-defesa-da-mulher\/","og_site_name":"Deputado Federal pelo Mato Grosso","article_modified_time":"2024-09-09T19:45:31+00:00","og_image":[{"url":"https:\/\/nelsonbarbudo.com.br\/wp-content\/uploads\/2024\/08\/Foto-Pablo-Valadares-Camara-dos-Deputados.jpg","type":"","width":"","height":""}],"twitter_card":"summary_large_image","twitter_misc":{"Est. tempo de leitura":"1 minuto"},"schema":{"@context":"https:\/\/schema.org","@graph":[{"@type":"WebPage","@id":"https:\/\/nelsonbarbudo.com.br\/index.php\/em-defesa-da-mulher\/","url":"https:\/\/nelsonbarbudo.com.br\/index.php\/em-defesa-da-mulher\/","name":"Em Defesa da Mulher - Deputado Federal pelo Mato Grosso","isPartOf":{"@id":"https:\/\/nelsonbarbudo.com.br\/#website"},"primaryImageOfPage":{"@id":"https:\/\/nelsonbarbudo.com.br\/index.php\/em-defesa-da-mulher\/#primaryimage"},"image":{"@id":"https:\/\/nelsonbarbudo.com.br\/index.php\/em-defesa-da-mulher\/#primaryimage"},"thumbnailUrl":"https:\/\/nelsonbarbudo.com.br\/wp-content\/uploads\/2024\/08\/Foto-Pablo-Valadares-Camara-dos-Deputados.jpg","datePublished":"2024-08-29T12:43:21+00:00","dateModified":"2024-09-09T19:45:31+00:00","breadcrumb":{"@id":"https:\/\/nelsonbarbudo.com.br\/index.php\/em-defesa-da-mulher\/#breadcrumb"},"inLanguage":"pt-BR","potentialAction":[{"@type":"ReadAction","target":["https:\/\/nelsonbarbudo.com.br\/index.php\/em-defesa-da-mulher\/"]}]},{"@type":"ImageObject","inLanguage":"pt-BR","@id":"https:\/\/nelsonbarbudo.com.br\/index.php\/em-defesa-da-mulher\/#primaryimage","url":"https:\/\/nelsonbarbudo.com.br\/wp-content\/uploads\/2024\/08\/Foto-Pablo-Valadares-Camara-dos-Deputados.jpg","contentUrl":"https:\/\/nelsonbarbudo.com.br\/wp-content\/uploads\/2024\/08\/Foto-Pablo-Valadares-Camara-dos-Deputados.jpg","width":1000,"height":667,"caption":"Foto - Pablo Valadares-C\u00e2mara dos Deputados"},{"@type":"BreadcrumbList","@id":"https:\/\/nelsonbarbudo.com.br\/index.php\/em-defesa-da-mulher\/#breadcrumb","itemListElement":[{"@type":"ListItem","position":1,"name":"In\u00edcio","item":"https:\/\/nelsonbarbudo.com.br\/"},{"@type":"ListItem","position":2,"name":"Em Defesa da Mulher"}]},{"@type":"WebSite","@id":"https:\/\/nelsonbarbudo.com.br\/#website","url":"https:\/\/nelsonbarbudo.com.br\/","name":"Deputado Federal Nelson Barbudo","description":"PL - MT","potentialAction":[{"@type":"SearchAction","target":{"@type":"EntryPoint","urlTemplate":"https:\/\/nelsonbarbudo.com.br\/?s={search_term_string}"},"query-input":{"@type":"PropertyValueSpecification","valueRequired":true,"valueName":"search_term_string"}}],"inLanguage":"pt-BR"}]}},"_links":{"self":[{"href":"https:\/\/nelsonbarbudo.com.br\/index.php\/wp-json\/wp\/v2\/pages\/1999","targetHints":{"allow":["GET"]}}],"collection":[{"href":"https:\/\/nelsonbarbudo.com.br\/index.php\/wp-json\/wp\/v2\/pages"}],"about":[{"href":"https:\/\/nelsonbarbudo.com.br\/index.php\/wp-json\/wp\/v2\/types\/page"}],"author":[{"embeddable":true,"href":"https:\/\/nelsonbarbudo.com.br\/index.php\/wp-json\/wp\/v2\/users\/1"}],"replies":[{"embeddable":true,"href":"https:\/\/nelsonbarbudo.com.br\/index.php\/wp-json\/wp\/v2\/comments?post=1999"}],"version-history":[{"count":10,"href":"https:\/\/nelsonbarbudo.com.br\/index.php\/wp-json\/wp\/v2\/pages\/1999\/revisions"}],"predecessor-version":[{"id":2113,"href":"https:\/\/nelsonbarbudo.com.br\/index.php\/wp-json\/wp\/v2\/pages\/1999\/revisions\/2113"}],"wp:attachment":[{"href":"https:\/\/nelsonbarbudo.com.br\/index.php\/wp-json\/wp\/v2\/media?parent=1999"}],"curies":[{"name":"wp","href":"https:\/\/api.w.org\/{rel}","templated":true}]}}