{"id":2038,"date":"2024-09-06T16:45:09","date_gmt":"2024-09-06T19:45:09","guid":{"rendered":"https:\/\/nelsonbarbudo.com.br\/?page_id=2038"},"modified":"2024-09-09T16:25:31","modified_gmt":"2024-09-09T19:25:31","slug":"galeria-de-fotos","status":"publish","type":"page","link":"https:\/\/nelsonbarbudo.com.br\/index.php\/galeria-de-fotos\/","title":{"rendered":"Galeria de Fotos"},"content":{"rendered":"\t\t<div data-elementor-type=\"wp-page\" data-elementor-id=\"2038\" class=\"elementor elementor-2038\">\n\t\t\t\t<div class=\"elementor-element elementor-element-14602ae e-flex e-con-boxed e-con e-parent\" data-id=\"14602ae\" data-element_type=\"container\">\n\t\t\t\t\t<div class=\"e-con-inner\">\n\t\t\t\t<div class=\"elementor-element elementor-element-166e6ca elementor-widget elementor-widget-heading\" data-id=\"166e6ca\" data-element_type=\"widget\" data-widget_type=\"heading.default\">\n\t\t\t\t<div class=\"elementor-widget-container\">\n\t\t\t\t\t<h2 class=\"elementor-heading-title elementor-size-default\">Galeria de Fotos<\/h2>\t\t\t\t<\/div>\n\t\t\t\t<\/div>\n\t\t\t\t\t<\/div>\n\t\t\t\t<\/div>\n\t\t<div class=\"elementor-element elementor-element-837841b e-flex e-con-boxed e-con e-parent\" data-id=\"837841b\" data-element_type=\"container\">\n\t\t\t\t\t<div class=\"e-con-inner\">\n\t\t\t\t<div class=\"elementor-element elementor-element-96fe5f6 elementor-widget elementor-widget-image-gallery\" data-id=\"96fe5f6\" data-element_type=\"widget\" data-widget_type=\"image-gallery.default\">\n\t\t\t\t<div class=\"elementor-widget-container\">\n\t\t\t\t\t\t\t<div class=\"elementor-image-gallery\">\n\t\t\t<div id='gallery-1' class='gallery galleryid-2038 gallery-columns-4 gallery-size-thumbnail'><figure class='gallery-item'>\n\t\t\t<div class='gallery-icon landscape'>\n\t\t\t\t<a data-elementor-open-lightbox=\"yes\" data-elementor-lightbox-slideshow=\"96fe5f6\" data-elementor-lightbox-title=\"quemehnelsonbarbudo\" data-e-action-hash=\"#elementor-action%3Aaction%3Dlightbox%26settings%3DeyJpZCI6MjAyNSwidXJsIjoiaHR0cHM6XC9cL25lbHNvbmJhcmJ1ZG8uY29tLmJyXC93cC1jb250ZW50XC91cGxvYWRzXC8yMDI0XC8wOFwvcXVlbWVobmVsc29uYmFyYnVkby5qcGciLCJzbGlkZXNob3ciOiI5NmZlNWY2In0%3D\" href='https:\/\/nelsonbarbudo.com.br\/wp-content\/uploads\/2024\/08\/quemehnelsonbarbudo.jpg'><img decoding=\"async\" width=\"150\" height=\"150\" src=\"https:\/\/nelsonbarbudo.com.br\/wp-content\/uploads\/2024\/08\/quemehnelsonbarbudo-150x150.jpg\" class=\"attachment-thumbnail size-thumbnail\" alt=\"\" aria-describedby=\"gallery-1-2025\" srcset=\"https:\/\/nelsonbarbudo.com.br\/wp-content\/uploads\/2024\/08\/quemehnelsonbarbudo-150x150.jpg 150w, https:\/\/nelsonbarbudo.com.br\/wp-content\/uploads\/2024\/08\/quemehnelsonbarbudo-70x70.jpg 70w\" sizes=\"(max-width: 150px) 100vw, 150px\" \/><\/a>\n\t\t\t<\/div>\n\t\t\t\t<figcaption class='wp-caption-text gallery-caption' id='gallery-1-2025'>\n\t\t\t\tPlen\u00e1rio\n\t\t\t\t<\/figcaption><\/figure><figure class='gallery-item'>\n\t\t\t<div class='gallery-icon landscape'>\n\t\t\t\t<a data-elementor-open-lightbox=\"yes\" data-elementor-lightbox-slideshow=\"96fe5f6\" data-elementor-lightbox-title=\"Comiss\u00f5es da Camara\" data-e-action-hash=\"#elementor-action%3Aaction%3Dlightbox%26settings%3DeyJpZCI6MTk4OSwidXJsIjoiaHR0cHM6XC9cL25lbHNvbmJhcmJ1ZG8uY29tLmJyXC93cC1jb250ZW50XC91cGxvYWRzXC8yMDI0XC8wOFwvQ29taXNzb2VzLWRhLUNhbWFyYS5qcGVnIiwic2xpZGVzaG93IjoiOTZmZTVmNiJ9\" data-elementor-lightbox-description=\"Comiss\u00f5es da Camara\" href='https:\/\/nelsonbarbudo.com.br\/wp-content\/uploads\/2024\/08\/Comissoes-da-Camara.jpeg'><img decoding=\"async\" width=\"150\" height=\"150\" src=\"https:\/\/nelsonbarbudo.com.br\/wp-content\/uploads\/2024\/08\/Comissoes-da-Camara-150x150.jpeg\" class=\"attachment-thumbnail size-thumbnail\" alt=\"\" aria-describedby=\"gallery-1-1989\" srcset=\"https:\/\/nelsonbarbudo.com.br\/wp-content\/uploads\/2024\/08\/Comissoes-da-Camara-150x150.jpeg 150w, https:\/\/nelsonbarbudo.com.br\/wp-content\/uploads\/2024\/08\/Comissoes-da-Camara-70x70.jpeg 70w\" sizes=\"(max-width: 150px) 100vw, 150px\" \/><\/a>\n\t\t\t<\/div>\n\t\t\t\t<figcaption class='wp-caption-text gallery-caption' id='gallery-1-1989'>\n\t\t\t\tComiss\u00f5es da Camara\n\t\t\t\t<\/figcaption><\/figure><figure class='gallery-item'>\n\t\t\t<div class='gallery-icon landscape'>\n\t\t\t\t<a data-elementor-open-lightbox=\"yes\" data-elementor-lightbox-slideshow=\"96fe5f6\" data-elementor-lightbox-title=\"Trabalho nas Comiss\u00f5es da C\u00e2mara\" data-e-action-hash=\"#elementor-action%3Aaction%3Dlightbox%26settings%3DeyJpZCI6MTk4OCwidXJsIjoiaHR0cHM6XC9cL25lbHNvbmJhcmJ1ZG8uY29tLmJyXC93cC1jb250ZW50XC91cGxvYWRzXC8yMDI0XC8wOFwvVHJhYmFsaG8tbmFzLUNvbWlzc29lcy1kYS1DYW1hcmEtc2NhbGVkLmpwZWciLCJzbGlkZXNob3ciOiI5NmZlNWY2In0%3D\" data-elementor-lightbox-description=\"Trabalho nas Comiss\u00f5es da C\u00e2mara\" href='https:\/\/nelsonbarbudo.com.br\/wp-content\/uploads\/2024\/08\/Trabalho-nas-Comissoes-da-Camara-scaled.jpeg'><img decoding=\"async\" width=\"150\" height=\"150\" src=\"https:\/\/nelsonbarbudo.com.br\/wp-content\/uploads\/2024\/08\/Trabalho-nas-Comissoes-da-Camara-150x150.jpeg\" class=\"attachment-thumbnail size-thumbnail\" alt=\"Trabalho nas Comiss\u00f5es da C\u00e2mara\" aria-describedby=\"gallery-1-1988\" srcset=\"https:\/\/nelsonbarbudo.com.br\/wp-content\/uploads\/2024\/08\/Trabalho-nas-Comissoes-da-Camara-150x150.jpeg 150w, https:\/\/nelsonbarbudo.com.br\/wp-content\/uploads\/2024\/08\/Trabalho-nas-Comissoes-da-Camara-70x70.jpeg 70w\" sizes=\"(max-width: 150px) 100vw, 150px\" \/><\/a>\n\t\t\t<\/div>\n\t\t\t\t<figcaption class='wp-caption-text gallery-caption' id='gallery-1-1988'>\n\t\t\t\tTrabalho nas Comiss\u00f5es da C\u00e2mara\n\t\t\t\t<\/figcaption><\/figure><figure class='gallery-item'>\n\t\t\t<div class='gallery-icon landscape'>\n\t\t\t\t<a data-elementor-open-lightbox=\"yes\" data-elementor-lightbox-slideshow=\"96fe5f6\" data-elementor-lightbox-title=\"Plen\u00e1rio\" data-e-action-hash=\"#elementor-action%3Aaction%3Dlightbox%26settings%3DeyJpZCI6MTk4NywidXJsIjoiaHR0cHM6XC9cL25lbHNvbmJhcmJ1ZG8uY29tLmJyXC93cC1jb250ZW50XC91cGxvYWRzXC8yMDI0XC8wOFwvUGxlbmFyaW8uanBlZyIsInNsaWRlc2hvdyI6Ijk2ZmU1ZjYifQ%3D%3D\" data-elementor-lightbox-description=\"Plen\u00e1rio\" href='https:\/\/nelsonbarbudo.com.br\/wp-content\/uploads\/2024\/08\/Plenario.jpeg'><img loading=\"lazy\" decoding=\"async\" width=\"150\" height=\"150\" src=\"https:\/\/nelsonbarbudo.com.br\/wp-content\/uploads\/2024\/08\/Plenario-150x150.jpeg\" class=\"attachment-thumbnail size-thumbnail\" alt=\"Plen\u00e1rio\" aria-describedby=\"gallery-1-1987\" srcset=\"https:\/\/nelsonbarbudo.com.br\/wp-content\/uploads\/2024\/08\/Plenario-150x150.jpeg 150w, https:\/\/nelsonbarbudo.com.br\/wp-content\/uploads\/2024\/08\/Plenario-70x70.jpeg 70w\" sizes=\"(max-width: 150px) 100vw, 150px\" \/><\/a>\n\t\t\t<\/div>\n\t\t\t\t<figcaption class='wp-caption-text gallery-caption' id='gallery-1-1987'>\n\t\t\t\tPlen\u00e1rio\n\t\t\t\t<\/figcaption><\/figure><figure class='gallery-item'>\n\t\t\t<div class='gallery-icon landscape'>\n\t\t\t\t<a data-elementor-open-lightbox=\"yes\" data-elementor-lightbox-slideshow=\"96fe5f6\" data-elementor-lightbox-title=\"Participa\u00e7\u00e3o nas Comiss\u00f5es\" data-e-action-hash=\"#elementor-action%3Aaction%3Dlightbox%26settings%3DeyJpZCI6MTk4NiwidXJsIjoiaHR0cHM6XC9cL25lbHNvbmJhcmJ1ZG8uY29tLmJyXC93cC1jb250ZW50XC91cGxvYWRzXC8yMDI0XC8wOFwvUGFydGljaXBhY2FvLW5hcy1Db21pc3NvZXMuanBlZyIsInNsaWRlc2hvdyI6Ijk2ZmU1ZjYifQ%3D%3D\" data-elementor-lightbox-description=\"Participa\u00e7\u00e3o nas Comiss\u00f5es\" href='https:\/\/nelsonbarbudo.com.br\/wp-content\/uploads\/2024\/08\/Participacao-nas-Comissoes.jpeg'><img loading=\"lazy\" decoding=\"async\" width=\"150\" height=\"150\" src=\"https:\/\/nelsonbarbudo.com.br\/wp-content\/uploads\/2024\/08\/Participacao-nas-Comissoes-150x150.jpeg\" class=\"attachment-thumbnail size-thumbnail\" alt=\"Participa\u00e7\u00e3o nas Comiss\u00f5es\" aria-describedby=\"gallery-1-1986\" srcset=\"https:\/\/nelsonbarbudo.com.br\/wp-content\/uploads\/2024\/08\/Participacao-nas-Comissoes-150x150.jpeg 150w, https:\/\/nelsonbarbudo.com.br\/wp-content\/uploads\/2024\/08\/Participacao-nas-Comissoes-70x70.jpeg 70w\" sizes=\"(max-width: 150px) 100vw, 150px\" \/><\/a>\n\t\t\t<\/div>\n\t\t\t\t<figcaption class='wp-caption-text gallery-caption' id='gallery-1-1986'>\n\t\t\t\tParticipa\u00e7\u00e3o nas Comiss\u00f5es\n\t\t\t\t<\/figcaption><\/figure><figure class='gallery-item'>\n\t\t\t<div class='gallery-icon landscape'>\n\t\t\t\t<a data-elementor-open-lightbox=\"yes\" data-elementor-lightbox-slideshow=\"96fe5f6\" data-elementor-lightbox-title=\"Deputado Nelson Barbuudo e Presidente Bolsonaro\" data-e-action-hash=\"#elementor-action%3Aaction%3Dlightbox%26settings%3DeyJpZCI6MjA4NCwidXJsIjoiaHR0cHM6XC9cL25lbHNvbmJhcmJ1ZG8uY29tLmJyXC93cC1jb250ZW50XC91cGxvYWRzXC8yMDI0XC8wOVwvRGVwdXRhZG8tTmVsc29uLUJhcmJ1dWRvLWUtUHJlc2lkZW50ZS1Cb2xzb25hcm8uanBlZyIsInNsaWRlc2hvdyI6Ijk2ZmU1ZjYifQ%3D%3D\" data-elementor-lightbox-description=\"Participa\u00e7\u00e3o nas Comiss\u00f5es\" href='https:\/\/nelsonbarbudo.com.br\/wp-content\/uploads\/2024\/09\/Deputado-Nelson-Barbuudo-e-Presidente-Bolsonaro.jpeg'><img loading=\"lazy\" decoding=\"async\" width=\"150\" height=\"150\" src=\"https:\/\/nelsonbarbudo.com.br\/wp-content\/uploads\/2024\/09\/Deputado-Nelson-Barbuudo-e-Presidente-Bolsonaro-150x150.jpeg\" class=\"attachment-thumbnail size-thumbnail\" alt=\"\" aria-describedby=\"gallery-1-2084\" srcset=\"https:\/\/nelsonbarbudo.com.br\/wp-content\/uploads\/2024\/09\/Deputado-Nelson-Barbuudo-e-Presidente-Bolsonaro-150x150.jpeg 150w, https:\/\/nelsonbarbudo.com.br\/wp-content\/uploads\/2024\/09\/Deputado-Nelson-Barbuudo-e-Presidente-Bolsonaro-70x70.jpeg 70w\" sizes=\"(max-width: 150px) 100vw, 150px\" \/><\/a>\n\t\t\t<\/div>\n\t\t\t\t<figcaption class='wp-caption-text gallery-caption' id='gallery-1-2084'>\n\t\t\t\tDeputado Nelson Barbuudo e Presidente Bolsonaro\n\t\t\t\t<\/figcaption><\/figure><figure class='gallery-item'>\n\t\t\t<div class='gallery-icon landscape'>\n\t\t\t\t<a data-elementor-open-lightbox=\"yes\" data-elementor-lightbox-slideshow=\"96fe5f6\" data-elementor-lightbox-title=\"Fam\u00edlia\" data-e-action-hash=\"#elementor-action%3Aaction%3Dlightbox%26settings%3DeyJpZCI6MjA4NSwidXJsIjoiaHR0cHM6XC9cL25lbHNvbmJhcmJ1ZG8uY29tLmJyXC93cC1jb250ZW50XC91cGxvYWRzXC8yMDI0XC8wOVwvRmFtaWxpYS1zY2FsZWQuanBlZyIsInNsaWRlc2hvdyI6Ijk2ZmU1ZjYifQ%3D%3D\" data-elementor-lightbox-description=\"Participa\u00e7\u00e3o nas Comiss\u00f5es\" href='https:\/\/nelsonbarbudo.com.br\/wp-content\/uploads\/2024\/09\/Familia-scaled.jpeg'><img loading=\"lazy\" decoding=\"async\" width=\"150\" height=\"150\" src=\"https:\/\/nelsonbarbudo.com.br\/wp-content\/uploads\/2024\/09\/Familia-150x150.jpeg\" class=\"attachment-thumbnail size-thumbnail\" alt=\"\" aria-describedby=\"gallery-1-2085\" srcset=\"https:\/\/nelsonbarbudo.com.br\/wp-content\/uploads\/2024\/09\/Familia-150x150.jpeg 150w, https:\/\/nelsonbarbudo.com.br\/wp-content\/uploads\/2024\/09\/Familia-70x70.jpeg 70w\" sizes=\"(max-width: 150px) 100vw, 150px\" \/><\/a>\n\t\t\t<\/div>\n\t\t\t\t<figcaption class='wp-caption-text gallery-caption' id='gallery-1-2085'>\n\t\t\t\tFam\u00edlia\n\t\t\t\t<\/figcaption><\/figure><figure class='gallery-item'>\n\t\t\t<div class='gallery-icon landscape'>\n\t\t\t\t<a data-elementor-open-lightbox=\"yes\" data-elementor-lightbox-slideshow=\"96fe5f6\" data-elementor-lightbox-title=\"Foto - Pablo Valadares-C\u00e2mara dos Deputados\" data-e-action-hash=\"#elementor-action%3Aaction%3Dlightbox%26settings%3DeyJpZCI6MjA4NiwidXJsIjoiaHR0cHM6XC9cL25lbHNvbmJhcmJ1ZG8uY29tLmJyXC93cC1jb250ZW50XC91cGxvYWRzXC8yMDI0XC8wOVwvRm90by1QYWJsby1WYWxhZGFyZXMtQ2FtYXJhLWRvcy1EZXB1dGFkb3MuanBnIiwic2xpZGVzaG93IjoiOTZmZTVmNiJ9\" data-elementor-lightbox-description=\"Participa\u00e7\u00e3o nas Comiss\u00f5es\" href='https:\/\/nelsonbarbudo.com.br\/wp-content\/uploads\/2024\/09\/Foto-Pablo-Valadares-Camara-dos-Deputados.jpg'><img loading=\"lazy\" decoding=\"async\" width=\"150\" height=\"150\" src=\"https:\/\/nelsonbarbudo.com.br\/wp-content\/uploads\/2024\/09\/Foto-Pablo-Valadares-Camara-dos-Deputados-150x150.jpg\" class=\"attachment-thumbnail size-thumbnail\" alt=\"\" aria-describedby=\"gallery-1-2086\" srcset=\"https:\/\/nelsonbarbudo.com.br\/wp-content\/uploads\/2024\/09\/Foto-Pablo-Valadares-Camara-dos-Deputados-150x150.jpg 150w, https:\/\/nelsonbarbudo.com.br\/wp-content\/uploads\/2024\/09\/Foto-Pablo-Valadares-Camara-dos-Deputados-70x70.jpg 70w\" sizes=\"(max-width: 150px) 100vw, 150px\" \/><\/a>\n\t\t\t<\/div>\n\t\t\t\t<figcaption class='wp-caption-text gallery-caption' id='gallery-1-2086'>\n\t\t\t\tFoto &#8211; Pablo Valadares-C\u00e2mara dos Deputados\n\t\t\t\t<\/figcaption><\/figure><figure class='gallery-item'>\n\t\t\t<div class='gallery-icon portrait'>\n\t\t\t\t<a data-elementor-open-lightbox=\"yes\" data-elementor-lightbox-slideshow=\"96fe5f6\" data-elementor-lightbox-title=\"FOTO PRINCIPAL\" data-e-action-hash=\"#elementor-action%3Aaction%3Dlightbox%26settings%3DeyJpZCI6MjA4NywidXJsIjoiaHR0cHM6XC9cL25lbHNvbmJhcmJ1ZG8uY29tLmJyXC93cC1jb250ZW50XC91cGxvYWRzXC8yMDI0XC8wOVwvRk9UTy1QUklOQ0lQQUwtc2NhbGVkLmpwZWciLCJzbGlkZXNob3ciOiI5NmZlNWY2In0%3D\" data-elementor-lightbox-description=\"Participa\u00e7\u00e3o nas Comiss\u00f5es\" href='https:\/\/nelsonbarbudo.com.br\/wp-content\/uploads\/2024\/09\/FOTO-PRINCIPAL-scaled.jpeg'><img loading=\"lazy\" decoding=\"async\" width=\"150\" height=\"150\" src=\"https:\/\/nelsonbarbudo.com.br\/wp-content\/uploads\/2024\/09\/FOTO-PRINCIPAL-150x150.jpeg\" class=\"attachment-thumbnail size-thumbnail\" alt=\"\" aria-describedby=\"gallery-1-2087\" srcset=\"https:\/\/nelsonbarbudo.com.br\/wp-content\/uploads\/2024\/09\/FOTO-PRINCIPAL-150x150.jpeg 150w, https:\/\/nelsonbarbudo.com.br\/wp-content\/uploads\/2024\/09\/FOTO-PRINCIPAL-70x70.jpeg 70w\" sizes=\"(max-width: 150px) 100vw, 150px\" \/><\/a>\n\t\t\t<\/div>\n\t\t\t\t<figcaption class='wp-caption-text gallery-caption' id='gallery-1-2087'>\n\t\t\t\tPlen\u00e1rio\n\t\t\t\t<\/figcaption><\/figure><figure class='gallery-item'>\n\t\t\t<div class='gallery-icon landscape'>\n\t\t\t\t<a data-elementor-open-lightbox=\"yes\" data-elementor-lightbox-slideshow=\"96fe5f6\" data-elementor-lightbox-title=\"Foto- Zeca Ribeiro - C\u00e2maradosDeputados (1)\" data-e-action-hash=\"#elementor-action%3Aaction%3Dlightbox%26settings%3DeyJpZCI6MjA4OCwidXJsIjoiaHR0cHM6XC9cL25lbHNvbmJhcmJ1ZG8uY29tLmJyXC93cC1jb250ZW50XC91cGxvYWRzXC8yMDI0XC8wOVwvRm90by1aZWNhLVJpYmVpcm8tQ2FtYXJhZG9zRGVwdXRhZG9zLTEuanBnIiwic2xpZGVzaG93IjoiOTZmZTVmNiJ9\" data-elementor-lightbox-description=\"Participa\u00e7\u00e3o nas Comiss\u00f5es\" href='https:\/\/nelsonbarbudo.com.br\/wp-content\/uploads\/2024\/09\/Foto-Zeca-Ribeiro-CamaradosDeputados-1.jpg'><img loading=\"lazy\" decoding=\"async\" width=\"150\" height=\"150\" src=\"https:\/\/nelsonbarbudo.com.br\/wp-content\/uploads\/2024\/09\/Foto-Zeca-Ribeiro-CamaradosDeputados-1-150x150.jpg\" class=\"attachment-thumbnail size-thumbnail\" alt=\"\" aria-describedby=\"gallery-1-2088\" srcset=\"https:\/\/nelsonbarbudo.com.br\/wp-content\/uploads\/2024\/09\/Foto-Zeca-Ribeiro-CamaradosDeputados-1-150x150.jpg 150w, https:\/\/nelsonbarbudo.com.br\/wp-content\/uploads\/2024\/09\/Foto-Zeca-Ribeiro-CamaradosDeputados-1-70x70.jpg 70w\" sizes=\"(max-width: 150px) 100vw, 150px\" \/><\/a>\n\t\t\t<\/div>\n\t\t\t\t<figcaption class='wp-caption-text gallery-caption' id='gallery-1-2088'>\n\t\t\t\tFoto- Zeca Ribeiro &#8211; C\u00e2maradosDeputados (1)\n\t\t\t\t<\/figcaption><\/figure>\n\t\t<\/div>\n\t\t<\/div>\n\t\t\t\t\t\t<\/div>\n\t\t\t\t<\/div>\n\t\t\t\t\t<\/div>\n\t\t\t\t<\/div>\n\t\t\t\t<\/div>\n\t\t","protected":false},"excerpt":{"rendered":"<p>Galeria de Fotos Plen\u00e1rio Comiss\u00f5es da Camara Trabalho nas Comiss\u00f5es da C\u00e2mara Plen\u00e1rio Participa\u00e7\u00e3o nas Comiss\u00f5es Deputado Nelson Barbuudo e Presidente Bolsonaro Fam\u00edlia Foto &#8211; Pablo Valadares-C\u00e2mara dos Deputados Plen\u00e1rio Foto- Zeca Ribeiro &#8211; C\u00e2maradosDeputados (1)<\/p>\n","protected":false},"author":1,"featured_media":0,"parent":0,"menu_order":0,"comment_status":"closed","ping_status":"closed","template":"","meta":{"footnotes":""},"class_list":["post-2038","page","type-page","status-publish","hentry"],"yoast_head":"<!-- This site is optimized with the Yoast SEO plugin v25.4 - https:\/\/yoast.com\/wordpress\/plugins\/seo\/ -->\n<title>Galeria de Fotos - Deputado Federal pelo Mato Grosso<\/title>\n<meta name=\"robots\" content=\"index, follow, max-snippet:-1, max-image-preview:large, max-video-preview:-1\" \/>\n<link rel=\"canonical\" href=\"https:\/\/nelsonbarbudo.com.br\/index.php\/galeria-de-fotos\/\" \/>\n<meta property=\"og:locale\" content=\"pt_BR\" \/>\n<meta property=\"og:type\" content=\"article\" \/>\n<meta property=\"og:title\" content=\"Galeria de Fotos - Deputado Federal pelo Mato Grosso\" \/>\n<meta property=\"og:description\" content=\"Galeria de Fotos Plen\u00e1rio Comiss\u00f5es da Camara Trabalho nas Comiss\u00f5es da C\u00e2mara Plen\u00e1rio Participa\u00e7\u00e3o nas Comiss\u00f5es Deputado Nelson Barbuudo e Presidente Bolsonaro Fam\u00edlia Foto &#8211; Pablo Valadares-C\u00e2mara dos Deputados Plen\u00e1rio Foto- Zeca Ribeiro &#8211; C\u00e2maradosDeputados (1)\" \/>\n<meta property=\"og:url\" content=\"https:\/\/nelsonbarbudo.com.br\/index.php\/galeria-de-fotos\/\" \/>\n<meta property=\"og:site_name\" content=\"Deputado Federal pelo Mato Grosso\" \/>\n<meta property=\"article:modified_time\" content=\"2024-09-09T19:25:31+00:00\" \/>\n<meta property=\"og:image\" content=\"https:\/\/nelsonbarbudo.com.br\/wp-content\/uploads\/2024\/08\/quemehnelsonbarbudo-150x150.jpg\" \/>\n<meta name=\"twitter:card\" content=\"summary_large_image\" \/>\n<script type=\"application\/ld+json\" class=\"yoast-schema-graph\">{\"@context\":\"https:\/\/schema.org\",\"@graph\":[{\"@type\":\"WebPage\",\"@id\":\"https:\/\/nelsonbarbudo.com.br\/index.php\/galeria-de-fotos\/\",\"url\":\"https:\/\/nelsonbarbudo.com.br\/index.php\/galeria-de-fotos\/\",\"name\":\"Galeria de Fotos - Deputado Federal pelo Mato Grosso\",\"isPartOf\":{\"@id\":\"https:\/\/nelsonbarbudo.com.br\/#website\"},\"primaryImageOfPage\":{\"@id\":\"https:\/\/nelsonbarbudo.com.br\/index.php\/galeria-de-fotos\/#primaryimage\"},\"image\":{\"@id\":\"https:\/\/nelsonbarbudo.com.br\/index.php\/galeria-de-fotos\/#primaryimage\"},\"thumbnailUrl\":\"https:\/\/nelsonbarbudo.com.br\/wp-content\/uploads\/2024\/08\/quemehnelsonbarbudo-150x150.jpg\",\"datePublished\":\"2024-09-06T19:45:09+00:00\",\"dateModified\":\"2024-09-09T19:25:31+00:00\",\"breadcrumb\":{\"@id\":\"https:\/\/nelsonbarbudo.com.br\/index.php\/galeria-de-fotos\/#breadcrumb\"},\"inLanguage\":\"pt-BR\",\"potentialAction\":[{\"@type\":\"ReadAction\",\"target\":[\"https:\/\/nelsonbarbudo.com.br\/index.php\/galeria-de-fotos\/\"]}]},{\"@type\":\"ImageObject\",\"inLanguage\":\"pt-BR\",\"@id\":\"https:\/\/nelsonbarbudo.com.br\/index.php\/galeria-de-fotos\/#primaryimage\",\"url\":\"https:\/\/nelsonbarbudo.com.br\/wp-content\/uploads\/2024\/08\/quemehnelsonbarbudo.jpg\",\"contentUrl\":\"https:\/\/nelsonbarbudo.com.br\/wp-content\/uploads\/2024\/08\/quemehnelsonbarbudo.jpg\",\"width\":1111,\"height\":632,\"caption\":\"Plen\u00e1rio\"},{\"@type\":\"BreadcrumbList\",\"@id\":\"https:\/\/nelsonbarbudo.com.br\/index.php\/galeria-de-fotos\/#breadcrumb\",\"itemListElement\":[{\"@type\":\"ListItem\",\"position\":1,\"name\":\"In\u00edcio\",\"item\":\"https:\/\/nelsonbarbudo.com.br\/\"},{\"@type\":\"ListItem\",\"position\":2,\"name\":\"Galeria de Fotos\"}]},{\"@type\":\"WebSite\",\"@id\":\"https:\/\/nelsonbarbudo.com.br\/#website\",\"url\":\"https:\/\/nelsonbarbudo.com.br\/\",\"name\":\"Deputado Federal Nelson Barbudo\",\"description\":\"PL - MT\",\"potentialAction\":[{\"@type\":\"SearchAction\",\"target\":{\"@type\":\"EntryPoint\",\"urlTemplate\":\"https:\/\/nelsonbarbudo.com.br\/?s={search_term_string}\"},\"query-input\":{\"@type\":\"PropertyValueSpecification\",\"valueRequired\":true,\"valueName\":\"search_term_string\"}}],\"inLanguage\":\"pt-BR\"}]}<\/script>\n<!-- \/ Yoast SEO plugin. -->","yoast_head_json":{"title":"Galeria de Fotos - Deputado Federal pelo Mato Grosso","robots":{"index":"index","follow":"follow","max-snippet":"max-snippet:-1","max-image-preview":"max-image-preview:large","max-video-preview":"max-video-preview:-1"},"canonical":"https:\/\/nelsonbarbudo.com.br\/index.php\/galeria-de-fotos\/","og_locale":"pt_BR","og_type":"article","og_title":"Galeria de Fotos - Deputado Federal pelo Mato Grosso","og_description":"Galeria de Fotos Plen\u00e1rio Comiss\u00f5es da Camara Trabalho nas Comiss\u00f5es da C\u00e2mara Plen\u00e1rio Participa\u00e7\u00e3o nas Comiss\u00f5es Deputado Nelson Barbuudo e Presidente Bolsonaro Fam\u00edlia Foto &#8211; Pablo Valadares-C\u00e2mara dos Deputados Plen\u00e1rio Foto- Zeca Ribeiro &#8211; C\u00e2maradosDeputados (1)","og_url":"https:\/\/nelsonbarbudo.com.br\/index.php\/galeria-de-fotos\/","og_site_name":"Deputado Federal pelo Mato Grosso","article_modified_time":"2024-09-09T19:25:31+00:00","og_image":[{"url":"https:\/\/nelsonbarbudo.com.br\/wp-content\/uploads\/2024\/08\/quemehnelsonbarbudo-150x150.jpg","type":"","width":"","height":""}],"twitter_card":"summary_large_image","schema":{"@context":"https:\/\/schema.org","@graph":[{"@type":"WebPage","@id":"https:\/\/nelsonbarbudo.com.br\/index.php\/galeria-de-fotos\/","url":"https:\/\/nelsonbarbudo.com.br\/index.php\/galeria-de-fotos\/","name":"Galeria de Fotos - Deputado Federal pelo Mato Grosso","isPartOf":{"@id":"https:\/\/nelsonbarbudo.com.br\/#website"},"primaryImageOfPage":{"@id":"https:\/\/nelsonbarbudo.com.br\/index.php\/galeria-de-fotos\/#primaryimage"},"image":{"@id":"https:\/\/nelsonbarbudo.com.br\/index.php\/galeria-de-fotos\/#primaryimage"},"thumbnailUrl":"https:\/\/nelsonbarbudo.com.br\/wp-content\/uploads\/2024\/08\/quemehnelsonbarbudo-150x150.jpg","datePublished":"2024-09-06T19:45:09+00:00","dateModified":"2024-09-09T19:25:31+00:00","breadcrumb":{"@id":"https:\/\/nelsonbarbudo.com.br\/index.php\/galeria-de-fotos\/#breadcrumb"},"inLanguage":"pt-BR","potentialAction":[{"@type":"ReadAction","target":["https:\/\/nelsonbarbudo.com.br\/index.php\/galeria-de-fotos\/"]}]},{"@type":"ImageObject","inLanguage":"pt-BR","@id":"https:\/\/nelsonbarbudo.com.br\/index.php\/galeria-de-fotos\/#primaryimage","url":"https:\/\/nelsonbarbudo.com.br\/wp-content\/uploads\/2024\/08\/quemehnelsonbarbudo.jpg","contentUrl":"https:\/\/nelsonbarbudo.com.br\/wp-content\/uploads\/2024\/08\/quemehnelsonbarbudo.jpg","width":1111,"height":632,"caption":"Plen\u00e1rio"},{"@type":"BreadcrumbList","@id":"https:\/\/nelsonbarbudo.com.br\/index.php\/galeria-de-fotos\/#breadcrumb","itemListElement":[{"@type":"ListItem","position":1,"name":"In\u00edcio","item":"https:\/\/nelsonbarbudo.com.br\/"},{"@type":"ListItem","position":2,"name":"Galeria de Fotos"}]},{"@type":"WebSite","@id":"https:\/\/nelsonbarbudo.com.br\/#website","url":"https:\/\/nelsonbarbudo.com.br\/","name":"Deputado Federal Nelson Barbudo","description":"PL - MT","potentialAction":[{"@type":"SearchAction","target":{"@type":"EntryPoint","urlTemplate":"https:\/\/nelsonbarbudo.com.br\/?s={search_term_string}"},"query-input":{"@type":"PropertyValueSpecification","valueRequired":true,"valueName":"search_term_string"}}],"inLanguage":"pt-BR"}]}},"_links":{"self":[{"href":"https:\/\/nelsonbarbudo.com.br\/index.php\/wp-json\/wp\/v2\/pages\/2038","targetHints":{"allow":["GET"]}}],"collection":[{"href":"https:\/\/nelsonbarbudo.com.br\/index.php\/wp-json\/wp\/v2\/pages"}],"about":[{"href":"https:\/\/nelsonbarbudo.com.br\/index.php\/wp-json\/wp\/v2\/types\/page"}],"author":[{"embeddable":true,"href":"https:\/\/nelsonbarbudo.com.br\/index.php\/wp-json\/wp\/v2\/users\/1"}],"replies":[{"embeddable":true,"href":"https:\/\/nelsonbarbudo.com.br\/index.php\/wp-json\/wp\/v2\/comments?post=2038"}],"version-history":[{"count":6,"href":"https:\/\/nelsonbarbudo.com.br\/index.php\/wp-json\/wp\/v2\/pages\/2038\/revisions"}],"predecessor-version":[{"id":2091,"href":"https:\/\/nelsonbarbudo.com.br\/index.php\/wp-json\/wp\/v2\/pages\/2038\/revisions\/2091"}],"wp:attachment":[{"href":"https:\/\/nelsonbarbudo.com.br\/index.php\/wp-json\/wp\/v2\/media?parent=2038"}],"curies":[{"name":"wp","href":"https:\/\/api.w.org\/{rel}","templated":true}]}}