{"id":2093,"date":"2024-09-09T16:32:24","date_gmt":"2024-09-09T19:32:24","guid":{"rendered":"https:\/\/nelsonbarbudo.com.br\/?page_id=2093"},"modified":"2024-09-09T16:34:04","modified_gmt":"2024-09-09T19:34:04","slug":"mato-grosso","status":"publish","type":"page","link":"https:\/\/nelsonbarbudo.com.br\/index.php\/mato-grosso\/","title":{"rendered":"Mato Grosso"},"content":{"rendered":"\t\t<div data-elementor-type=\"wp-page\" data-elementor-id=\"2093\" class=\"elementor elementor-2093\">\n\t\t\t\t<div class=\"elementor-element elementor-element-db6971a e-flex e-con-boxed e-con e-parent\" data-id=\"db6971a\" data-element_type=\"container\">\n\t\t\t\t\t<div class=\"e-con-inner\">\n\t\t\t\t<div class=\"elementor-element elementor-element-b508916 elementor-widget elementor-widget-heading\" data-id=\"b508916\" data-element_type=\"widget\" data-widget_type=\"heading.default\">\n\t\t\t\t<div class=\"elementor-widget-container\">\n\t\t\t\t\t<h2 class=\"elementor-heading-title elementor-size-default\">MATO GROSSO<\/h2>\t\t\t\t<\/div>\n\t\t\t\t<\/div>\n\t\t\t\t<div class=\"elementor-element elementor-element-c983664 elementor-widget elementor-widget-spacer\" data-id=\"c983664\" data-element_type=\"widget\" data-widget_type=\"spacer.default\">\n\t\t\t\t<div class=\"elementor-widget-container\">\n\t\t\t\t\t\t\t<div class=\"elementor-spacer\">\n\t\t\t<div class=\"elementor-spacer-inner\"><\/div>\n\t\t<\/div>\n\t\t\t\t\t\t<\/div>\n\t\t\t\t<\/div>\n\t\t\t\t<div class=\"elementor-element elementor-element-54e0359 elementor-widget elementor-widget-wpsection_wps_blog_grid\" data-id=\"54e0359\" data-element_type=\"widget\" data-widget_type=\"wpsection_wps_blog_grid.default\">\n\t\t\t\t<div class=\"elementor-widget-container\">\n\t\t\t\t\t\n\n<section class=\"blog-grid\">\n    <div class=\"auto-container\">\n        <div class=\"row clearfix\">\n                            <div class=\"col-lg-4 col-md-4 col-sm-12 news-block\">\n                    <div class=\"wp_blog_block news-block-two wow fadeInUp animated\" data-wow-delay=\"00ms\" data-wow-duration=\"1500ms\">\n                        <div class=\"inner-box\">\n                            <div class=\"image-box\">\n\n                                <figure class=\"image mr_product_thumb\">\n                                    <a class=\"mr_product_link\" href=\"https:\/\/nelsonbarbudo.com.br\/index.php\/2026\/04\/06\/deputado-nelson-barbudo-se-filia-ao-podemos\/\">\n                                        \n\t\t\t\t\t\t\t\t\t<img fetchpriority=\"high\" decoding=\"async\" width=\"959\" height=\"719\" src=\"https:\/\/nelsonbarbudo.com.br\/wp-content\/uploads\/2026\/04\/WhatsApp-Image-2026-04-02-at-10.44.02.jpeg\" class=\"attachment-post-thumbnail size-post-thumbnail wp-post-image\" alt=\"\" srcset=\"https:\/\/nelsonbarbudo.com.br\/wp-content\/uploads\/2026\/04\/WhatsApp-Image-2026-04-02-at-10.44.02.jpeg 959w, https:\/\/nelsonbarbudo.com.br\/wp-content\/uploads\/2026\/04\/WhatsApp-Image-2026-04-02-at-10.44.02-300x225.jpeg 300w, https:\/\/nelsonbarbudo.com.br\/wp-content\/uploads\/2026\/04\/WhatsApp-Image-2026-04-02-at-10.44.02-768x576.jpeg 768w\" sizes=\"(max-width: 959px) 100vw, 959px\" \/>  \n\n                                    <\/a>\n                                <\/figure>\n\n                                <span class=\"post-date mr_post_date\">06 abr<\/span>\n                            <\/div>\n                            <div class=\"lower-content\">\n                                <div class=\"subtitle_alignment\">\n                                    <span class=\"category mr_block_subtitle mr_featured_block_subtitle\">\n                                        <a href=\"https:\/\/nelsonbarbudo.com.br\/index.php\/category\/mato-grosso\/\">Mato Grosso<\/a>                                    <\/span>\n                                <\/div>\n\n                                <h3 class=\"mr_block_title mr_featured_block\"><a href=\"https:\/\/nelsonbarbudo.com.br\/index.php\/2026\/04\/06\/deputado-nelson-barbudo-se-filia-ao-podemos\/\">DEPUTADO NELSON BARBUDO SE FILIA AO PODEMOS<\/a><\/h3>\n                                <ul class=\"post-info clearfix\">\n                                    <li class=\"author-box mr_block_author\">\n                                        <div class=\"author-thumb\"><img alt='' src='https:\/\/secure.gravatar.com\/avatar\/b9fe02dd5c47fa8f3403fa53c592961d634ae71b86f7373da04d0e801510e425?s=90&#038;d=mm&#038;r=g' srcset='https:\/\/secure.gravatar.com\/avatar\/b9fe02dd5c47fa8f3403fa53c592961d634ae71b86f7373da04d0e801510e425?s=180&#038;d=mm&#038;r=g 2x' class='avatar avatar-90 photo' height='90' width='90' \/><\/div>\n                                        <a href=\"https:\/\/nelsonbarbudo.com.br\/index.php\/author\/imprensa\/\">Marlene Maidana<\/a>\n                                    <\/li>\n                                    <li class=\"mr_featured_block mr_block_comment\"><i class=\"\"><\/i>Nenhum coment\u00e1rio<\/li>\n                                <\/ul>\n\n                                <p class=\"mr_featured_block mr_f_block_text\">DEPUTADO NELSON BARBUDO SE FILIA AO PODEMOS O deputado federal Nelson Barbudo confirmou sua filia\u00e7\u00e3o ao Podemos, legenda comandada em Mato Grosso pelo presidente da Assembleia Legislativa, Max Russi. A articula\u00e7\u00e3o foi corroborada pelo ex-governador Mauro Mendes (Uni\u00e3o Brasil). Segundo ele, a mudan\u00e7a ocorre em meio ao aumento de quadros&hellip;<\/p>\n                                <div class=\"wps_read_button_area\">\n                                    <button class=\"wps_read_button\">\n                                        <a class=\"theme_btn_none\" href=\"https:\/\/nelsonbarbudo.com.br\/index.php\/2026\/04\/06\/deputado-nelson-barbudo-se-filia-ao-podemos\/\">Ler Mais<\/a>\n                                    <\/button>\n                                <\/div>\n                            <\/div>\n                        <\/div>\n                    <\/div>\n                <\/div>\n                            <div class=\"col-lg-4 col-md-4 col-sm-12 news-block\">\n                    <div class=\"wp_blog_block news-block-two wow fadeInUp animated\" data-wow-delay=\"00ms\" data-wow-duration=\"1500ms\">\n                        <div class=\"inner-box\">\n                            <div class=\"image-box\">\n\n                                <figure class=\"image mr_product_thumb\">\n                                    <a class=\"mr_product_link\" href=\"https:\/\/nelsonbarbudo.com.br\/index.php\/2026\/03\/09\/no-dia-da-mulher-deputado-nelson-barbudo-destaca-projetos-apresentados-em-defesa-das-mulheres\/\">\n                                        \n\t\t\t\t\t\t\t\t\t<img decoding=\"async\" width=\"1280\" height=\"958\" src=\"https:\/\/nelsonbarbudo.com.br\/wp-content\/uploads\/2026\/03\/WhatsApp-Image-2026-03-08-at-12.00.18.jpeg\" class=\"attachment-post-thumbnail size-post-thumbnail wp-post-image\" alt=\"\" srcset=\"https:\/\/nelsonbarbudo.com.br\/wp-content\/uploads\/2026\/03\/WhatsApp-Image-2026-03-08-at-12.00.18.jpeg 1280w, https:\/\/nelsonbarbudo.com.br\/wp-content\/uploads\/2026\/03\/WhatsApp-Image-2026-03-08-at-12.00.18-300x225.jpeg 300w, https:\/\/nelsonbarbudo.com.br\/wp-content\/uploads\/2026\/03\/WhatsApp-Image-2026-03-08-at-12.00.18-1024x766.jpeg 1024w, https:\/\/nelsonbarbudo.com.br\/wp-content\/uploads\/2026\/03\/WhatsApp-Image-2026-03-08-at-12.00.18-768x575.jpeg 768w\" sizes=\"(max-width: 1280px) 100vw, 1280px\" \/>  \n\n                                    <\/a>\n                                <\/figure>\n\n                                <span class=\"post-date mr_post_date\">09 mar<\/span>\n                            <\/div>\n                            <div class=\"lower-content\">\n                                <div class=\"subtitle_alignment\">\n                                    <span class=\"category mr_block_subtitle mr_featured_block_subtitle\">\n                                        <a href=\"https:\/\/nelsonbarbudo.com.br\/index.php\/category\/defesa-mulher\/\">Defesa-Mulher<\/a>                                    <\/span>\n                                <\/div>\n\n                                <h3 class=\"mr_block_title mr_featured_block\"><a href=\"https:\/\/nelsonbarbudo.com.br\/index.php\/2026\/03\/09\/no-dia-da-mulher-deputado-nelson-barbudo-destaca-projetos-apresentados-em-defesa-das-mulheres\/\">No Dia da Mulher, deputado Nelson Barbudo destaca projetos apresentados em defesa das mulheres<\/a><\/h3>\n                                <ul class=\"post-info clearfix\">\n                                    <li class=\"author-box mr_block_author\">\n                                        <div class=\"author-thumb\"><img alt='' src='https:\/\/secure.gravatar.com\/avatar\/b9fe02dd5c47fa8f3403fa53c592961d634ae71b86f7373da04d0e801510e425?s=90&#038;d=mm&#038;r=g' srcset='https:\/\/secure.gravatar.com\/avatar\/b9fe02dd5c47fa8f3403fa53c592961d634ae71b86f7373da04d0e801510e425?s=180&#038;d=mm&#038;r=g 2x' class='avatar avatar-90 photo' height='90' width='90' \/><\/div>\n                                        <a href=\"https:\/\/nelsonbarbudo.com.br\/index.php\/author\/imprensa\/\">Marlene Maidana<\/a>\n                                    <\/li>\n                                    <li class=\"mr_featured_block mr_block_comment\"><i class=\"\"><\/i>Nenhum coment\u00e1rio<\/li>\n                                <\/ul>\n\n                                <p class=\"mr_featured_block mr_f_block_text\">No Dia da Mulher, deputado Nelson Barbudo destaca projetos apresentados em defesa das mulheres O Dia Internacional da Mulher \u00e9 um momento de reconhecimento da import\u00e2ncia das mulheres na sociedade, mas tamb\u00e9m de reflex\u00e3o sobre a necessidade de ampliar a prote\u00e7\u00e3o e garantir mais seguran\u00e7a para elas. Na C\u00e2mara dos&hellip;<\/p>\n                                <div class=\"wps_read_button_area\">\n                                    <button class=\"wps_read_button\">\n                                        <a class=\"theme_btn_none\" href=\"https:\/\/nelsonbarbudo.com.br\/index.php\/2026\/03\/09\/no-dia-da-mulher-deputado-nelson-barbudo-destaca-projetos-apresentados-em-defesa-das-mulheres\/\">Ler Mais<\/a>\n                                    <\/button>\n                                <\/div>\n                            <\/div>\n                        <\/div>\n                    <\/div>\n                <\/div>\n                            <div class=\"col-lg-4 col-md-4 col-sm-12 news-block\">\n                    <div class=\"wp_blog_block news-block-two wow fadeInUp animated\" data-wow-delay=\"00ms\" data-wow-duration=\"1500ms\">\n                        <div class=\"inner-box\">\n                            <div class=\"image-box\">\n\n                                <figure class=\"image mr_product_thumb\">\n                                    <a class=\"mr_product_link\" href=\"https:\/\/nelsonbarbudo.com.br\/index.php\/2026\/03\/09\/2633\/\">\n                                        \n\t\t\t\t\t\t\t\t\t<img decoding=\"async\" width=\"892\" height=\"675\" src=\"https:\/\/nelsonbarbudo.com.br\/wp-content\/uploads\/2026\/03\/26023813_WhatsApp_I.jpeg\" class=\"attachment-post-thumbnail size-post-thumbnail wp-post-image\" alt=\"\" srcset=\"https:\/\/nelsonbarbudo.com.br\/wp-content\/uploads\/2026\/03\/26023813_WhatsApp_I.jpeg 892w, https:\/\/nelsonbarbudo.com.br\/wp-content\/uploads\/2026\/03\/26023813_WhatsApp_I-300x227.jpeg 300w, https:\/\/nelsonbarbudo.com.br\/wp-content\/uploads\/2026\/03\/26023813_WhatsApp_I-768x581.jpeg 768w\" sizes=\"(max-width: 892px) 100vw, 892px\" \/>  \n\n                                    <\/a>\n                                <\/figure>\n\n                                <span class=\"post-date mr_post_date\">09 mar<\/span>\n                            <\/div>\n                            <div class=\"lower-content\">\n                                <div class=\"subtitle_alignment\">\n                                    <span class=\"category mr_block_subtitle mr_featured_block_subtitle\">\n                                        <a href=\"https:\/\/nelsonbarbudo.com.br\/index.php\/category\/conquistas-para-mato-grosso\/\">Conquistas para Mato Grosso<\/a>                                    <\/span>\n                                <\/div>\n\n                                <h3 class=\"mr_block_title mr_featured_block\"><a href=\"https:\/\/nelsonbarbudo.com.br\/index.php\/2026\/03\/09\/2633\/\"><\/a><\/h3>\n                                <ul class=\"post-info clearfix\">\n                                    <li class=\"author-box mr_block_author\">\n                                        <div class=\"author-thumb\"><img alt='' src='https:\/\/secure.gravatar.com\/avatar\/b9fe02dd5c47fa8f3403fa53c592961d634ae71b86f7373da04d0e801510e425?s=90&#038;d=mm&#038;r=g' srcset='https:\/\/secure.gravatar.com\/avatar\/b9fe02dd5c47fa8f3403fa53c592961d634ae71b86f7373da04d0e801510e425?s=180&#038;d=mm&#038;r=g 2x' class='avatar avatar-90 photo' height='90' width='90' \/><\/div>\n                                        <a href=\"https:\/\/nelsonbarbudo.com.br\/index.php\/author\/imprensa\/\">Marlene Maidana<\/a>\n                                    <\/li>\n                                    <li class=\"mr_featured_block mr_block_comment\"><i class=\"\"><\/i>Nenhum coment\u00e1rio<\/li>\n                                <\/ul>\n\n                                <p class=\"mr_featured_block mr_f_block_text\">Deputado Nelson Barbudo destina R$ 400 mil para constru\u00e7\u00e3o do Centro de Conviv\u00eancia na UFMT Araguaia O deputado federal Nelson Barbudo destinou uma emenda parlamentar no valor de R$ 400 mil para a constru\u00e7\u00e3o do Centro de Conviv\u00eancia Estudantil no campus Pontal do Araguaia da Universidade Federal de Mato Grosso.&hellip;<\/p>\n                                <div class=\"wps_read_button_area\">\n                                    <button class=\"wps_read_button\">\n                                        <a class=\"theme_btn_none\" href=\"https:\/\/nelsonbarbudo.com.br\/index.php\/2026\/03\/09\/2633\/\">Ler Mais<\/a>\n                                    <\/button>\n                                <\/div>\n                            <\/div>\n                        <\/div>\n                    <\/div>\n                <\/div>\n            \t\t\t\n       \n      \n \t\n\t\t\t\n\t\t\t\t\t\t\t\t   \n              <\/div>\n    <\/div>\n<\/section>\n\n\n\t\t\t\n\n\n\t\t\t\t<\/div>\n\t\t\t\t<\/div>\n\t\t\t\t\t<\/div>\n\t\t\t\t<\/div>\n\t\t\t\t<\/div>\n\t\t","protected":false},"excerpt":{"rendered":"<p>MATO GROSSO 28 ago Mato Grosso Deputado Nelson Barbudo \u00e9 designado relator do PL 1045\/2024 Marlene Maidana Nenhum coment\u00e1rio Deputado Nelson Barbudo \u00e9 designado relator do PL 1045\/2024 O deputado Nelson Barbudo (PL-MT) foi nomeado relator do Projeto de Lei 1045\/2024, que prop\u00f5e a proibi\u00e7\u00e3o da comercializa\u00e7\u00e3o de animais silvestres e ex\u00f3ticos no Brasil com [&hellip;]<\/p>\n","protected":false},"author":1,"featured_media":0,"parent":0,"menu_order":0,"comment_status":"closed","ping_status":"closed","template":"","meta":{"footnotes":""},"class_list":["post-2093","page","type-page","status-publish","hentry"],"yoast_head":"<!-- This site is optimized with the Yoast SEO plugin v25.4 - https:\/\/yoast.com\/wordpress\/plugins\/seo\/ -->\n<title>Mato Grosso - Deputado Federal pelo Mato Grosso<\/title>\n<meta name=\"robots\" content=\"index, follow, max-snippet:-1, max-image-preview:large, max-video-preview:-1\" \/>\n<link rel=\"canonical\" href=\"https:\/\/nelsonbarbudo.com.br\/index.php\/mato-grosso\/\" \/>\n<meta property=\"og:locale\" content=\"pt_BR\" \/>\n<meta property=\"og:type\" content=\"article\" \/>\n<meta property=\"og:title\" content=\"Mato Grosso - Deputado Federal pelo Mato Grosso\" \/>\n<meta property=\"og:description\" content=\"MATO GROSSO 28 ago Mato Grosso Deputado Nelson Barbudo \u00e9 designado relator do PL 1045\/2024 Marlene Maidana Nenhum coment\u00e1rio Deputado Nelson Barbudo \u00e9 designado relator do PL 1045\/2024 O deputado Nelson Barbudo (PL-MT) foi nomeado relator do Projeto de Lei 1045\/2024, que prop\u00f5e a proibi\u00e7\u00e3o da comercializa\u00e7\u00e3o de animais silvestres e ex\u00f3ticos no Brasil com [&hellip;]\" \/>\n<meta property=\"og:url\" content=\"https:\/\/nelsonbarbudo.com.br\/index.php\/mato-grosso\/\" \/>\n<meta property=\"og:site_name\" content=\"Deputado Federal pelo Mato Grosso\" \/>\n<meta property=\"article:modified_time\" content=\"2024-09-09T19:34:04+00:00\" \/>\n<meta property=\"og:image\" content=\"https:\/\/nelsonbarbudo.com.br\/wp-content\/uploads\/2024\/08\/parrot-6342271_1280.jpg\" \/>\n<meta name=\"twitter:card\" content=\"summary_large_image\" \/>\n<meta name=\"twitter:label1\" content=\"Est. tempo de leitura\" \/>\n\t<meta name=\"twitter:data1\" content=\"1 minuto\" \/>\n<script type=\"application\/ld+json\" class=\"yoast-schema-graph\">{\"@context\":\"https:\/\/schema.org\",\"@graph\":[{\"@type\":\"WebPage\",\"@id\":\"https:\/\/nelsonbarbudo.com.br\/index.php\/mato-grosso\/\",\"url\":\"https:\/\/nelsonbarbudo.com.br\/index.php\/mato-grosso\/\",\"name\":\"Mato Grosso - Deputado Federal pelo Mato Grosso\",\"isPartOf\":{\"@id\":\"https:\/\/nelsonbarbudo.com.br\/#website\"},\"primaryImageOfPage\":{\"@id\":\"https:\/\/nelsonbarbudo.com.br\/index.php\/mato-grosso\/#primaryimage\"},\"image\":{\"@id\":\"https:\/\/nelsonbarbudo.com.br\/index.php\/mato-grosso\/#primaryimage\"},\"thumbnailUrl\":\"https:\/\/nelsonbarbudo.com.br\/wp-content\/uploads\/2024\/08\/parrot-6342271_1280.jpg\",\"datePublished\":\"2024-09-09T19:32:24+00:00\",\"dateModified\":\"2024-09-09T19:34:04+00:00\",\"breadcrumb\":{\"@id\":\"https:\/\/nelsonbarbudo.com.br\/index.php\/mato-grosso\/#breadcrumb\"},\"inLanguage\":\"pt-BR\",\"potentialAction\":[{\"@type\":\"ReadAction\",\"target\":[\"https:\/\/nelsonbarbudo.com.br\/index.php\/mato-grosso\/\"]}]},{\"@type\":\"ImageObject\",\"inLanguage\":\"pt-BR\",\"@id\":\"https:\/\/nelsonbarbudo.com.br\/index.php\/mato-grosso\/#primaryimage\",\"url\":\"https:\/\/nelsonbarbudo.com.br\/wp-content\/uploads\/2024\/08\/parrot-6342271_1280.jpg\",\"contentUrl\":\"https:\/\/nelsonbarbudo.com.br\/wp-content\/uploads\/2024\/08\/parrot-6342271_1280.jpg\",\"width\":1280,\"height\":853},{\"@type\":\"BreadcrumbList\",\"@id\":\"https:\/\/nelsonbarbudo.com.br\/index.php\/mato-grosso\/#breadcrumb\",\"itemListElement\":[{\"@type\":\"ListItem\",\"position\":1,\"name\":\"In\u00edcio\",\"item\":\"https:\/\/nelsonbarbudo.com.br\/\"},{\"@type\":\"ListItem\",\"position\":2,\"name\":\"Mato Grosso\"}]},{\"@type\":\"WebSite\",\"@id\":\"https:\/\/nelsonbarbudo.com.br\/#website\",\"url\":\"https:\/\/nelsonbarbudo.com.br\/\",\"name\":\"Deputado Federal Nelson Barbudo\",\"description\":\"PL - MT\",\"potentialAction\":[{\"@type\":\"SearchAction\",\"target\":{\"@type\":\"EntryPoint\",\"urlTemplate\":\"https:\/\/nelsonbarbudo.com.br\/?s={search_term_string}\"},\"query-input\":{\"@type\":\"PropertyValueSpecification\",\"valueRequired\":true,\"valueName\":\"search_term_string\"}}],\"inLanguage\":\"pt-BR\"}]}<\/script>\n<!-- \/ Yoast SEO plugin. -->","yoast_head_json":{"title":"Mato Grosso - Deputado Federal pelo Mato Grosso","robots":{"index":"index","follow":"follow","max-snippet":"max-snippet:-1","max-image-preview":"max-image-preview:large","max-video-preview":"max-video-preview:-1"},"canonical":"https:\/\/nelsonbarbudo.com.br\/index.php\/mato-grosso\/","og_locale":"pt_BR","og_type":"article","og_title":"Mato Grosso - Deputado Federal pelo Mato Grosso","og_description":"MATO GROSSO 28 ago Mato Grosso Deputado Nelson Barbudo \u00e9 designado relator do PL 1045\/2024 Marlene Maidana Nenhum coment\u00e1rio Deputado Nelson Barbudo \u00e9 designado relator do PL 1045\/2024 O deputado Nelson Barbudo (PL-MT) foi nomeado relator do Projeto de Lei 1045\/2024, que prop\u00f5e a proibi\u00e7\u00e3o da comercializa\u00e7\u00e3o de animais silvestres e ex\u00f3ticos no Brasil com [&hellip;]","og_url":"https:\/\/nelsonbarbudo.com.br\/index.php\/mato-grosso\/","og_site_name":"Deputado Federal pelo Mato Grosso","article_modified_time":"2024-09-09T19:34:04+00:00","og_image":[{"url":"https:\/\/nelsonbarbudo.com.br\/wp-content\/uploads\/2024\/08\/parrot-6342271_1280.jpg","type":"","width":"","height":""}],"twitter_card":"summary_large_image","twitter_misc":{"Est. tempo de leitura":"1 minuto"},"schema":{"@context":"https:\/\/schema.org","@graph":[{"@type":"WebPage","@id":"https:\/\/nelsonbarbudo.com.br\/index.php\/mato-grosso\/","url":"https:\/\/nelsonbarbudo.com.br\/index.php\/mato-grosso\/","name":"Mato Grosso - Deputado Federal pelo Mato Grosso","isPartOf":{"@id":"https:\/\/nelsonbarbudo.com.br\/#website"},"primaryImageOfPage":{"@id":"https:\/\/nelsonbarbudo.com.br\/index.php\/mato-grosso\/#primaryimage"},"image":{"@id":"https:\/\/nelsonbarbudo.com.br\/index.php\/mato-grosso\/#primaryimage"},"thumbnailUrl":"https:\/\/nelsonbarbudo.com.br\/wp-content\/uploads\/2024\/08\/parrot-6342271_1280.jpg","datePublished":"2024-09-09T19:32:24+00:00","dateModified":"2024-09-09T19:34:04+00:00","breadcrumb":{"@id":"https:\/\/nelsonbarbudo.com.br\/index.php\/mato-grosso\/#breadcrumb"},"inLanguage":"pt-BR","potentialAction":[{"@type":"ReadAction","target":["https:\/\/nelsonbarbudo.com.br\/index.php\/mato-grosso\/"]}]},{"@type":"ImageObject","inLanguage":"pt-BR","@id":"https:\/\/nelsonbarbudo.com.br\/index.php\/mato-grosso\/#primaryimage","url":"https:\/\/nelsonbarbudo.com.br\/wp-content\/uploads\/2024\/08\/parrot-6342271_1280.jpg","contentUrl":"https:\/\/nelsonbarbudo.com.br\/wp-content\/uploads\/2024\/08\/parrot-6342271_1280.jpg","width":1280,"height":853},{"@type":"BreadcrumbList","@id":"https:\/\/nelsonbarbudo.com.br\/index.php\/mato-grosso\/#breadcrumb","itemListElement":[{"@type":"ListItem","position":1,"name":"In\u00edcio","item":"https:\/\/nelsonbarbudo.com.br\/"},{"@type":"ListItem","position":2,"name":"Mato Grosso"}]},{"@type":"WebSite","@id":"https:\/\/nelsonbarbudo.com.br\/#website","url":"https:\/\/nelsonbarbudo.com.br\/","name":"Deputado Federal Nelson Barbudo","description":"PL - MT","potentialAction":[{"@type":"SearchAction","target":{"@type":"EntryPoint","urlTemplate":"https:\/\/nelsonbarbudo.com.br\/?s={search_term_string}"},"query-input":{"@type":"PropertyValueSpecification","valueRequired":true,"valueName":"search_term_string"}}],"inLanguage":"pt-BR"}]}},"_links":{"self":[{"href":"https:\/\/nelsonbarbudo.com.br\/index.php\/wp-json\/wp\/v2\/pages\/2093","targetHints":{"allow":["GET"]}}],"collection":[{"href":"https:\/\/nelsonbarbudo.com.br\/index.php\/wp-json\/wp\/v2\/pages"}],"about":[{"href":"https:\/\/nelsonbarbudo.com.br\/index.php\/wp-json\/wp\/v2\/types\/page"}],"author":[{"embeddable":true,"href":"https:\/\/nelsonbarbudo.com.br\/index.php\/wp-json\/wp\/v2\/users\/1"}],"replies":[{"embeddable":true,"href":"https:\/\/nelsonbarbudo.com.br\/index.php\/wp-json\/wp\/v2\/comments?post=2093"}],"version-history":[{"count":4,"href":"https:\/\/nelsonbarbudo.com.br\/index.php\/wp-json\/wp\/v2\/pages\/2093\/revisions"}],"predecessor-version":[{"id":2097,"href":"https:\/\/nelsonbarbudo.com.br\/index.php\/wp-json\/wp\/v2\/pages\/2093\/revisions\/2097"}],"wp:attachment":[{"href":"https:\/\/nelsonbarbudo.com.br\/index.php\/wp-json\/wp\/v2\/media?parent=2093"}],"curies":[{"name":"wp","href":"https:\/\/api.w.org\/{rel}","templated":true}]}}