{"id":2101,"date":"2024-09-09T16:36:32","date_gmt":"2024-09-09T19:36:32","guid":{"rendered":"https:\/\/nelsonbarbudo.com.br\/?page_id=2101"},"modified":"2024-09-09T16:38:30","modified_gmt":"2024-09-09T19:38:30","slug":"transparencia-na-politica","status":"publish","type":"page","link":"https:\/\/nelsonbarbudo.com.br\/index.php\/transparencia-na-politica\/","title":{"rendered":"Transpar\u00eancia na Pol\u00edtica"},"content":{"rendered":"\t\t<div data-elementor-type=\"wp-page\" data-elementor-id=\"2101\" class=\"elementor elementor-2101\">\n\t\t\t\t<div class=\"elementor-element elementor-element-db6971a e-flex e-con-boxed e-con e-parent\" data-id=\"db6971a\" data-element_type=\"container\">\n\t\t\t\t\t<div class=\"e-con-inner\">\n\t\t\t\t<div class=\"elementor-element elementor-element-b508916 elementor-widget elementor-widget-heading\" data-id=\"b508916\" data-element_type=\"widget\" data-widget_type=\"heading.default\">\n\t\t\t\t<div class=\"elementor-widget-container\">\n\t\t\t\t\t<h2 class=\"elementor-heading-title elementor-size-default\">Transpar\u00eancia na Pol\u00edtica<\/h2>\t\t\t\t<\/div>\n\t\t\t\t<\/div>\n\t\t\t\t<div class=\"elementor-element elementor-element-c983664 elementor-widget elementor-widget-spacer\" data-id=\"c983664\" data-element_type=\"widget\" data-widget_type=\"spacer.default\">\n\t\t\t\t<div class=\"elementor-widget-container\">\n\t\t\t\t\t\t\t<div class=\"elementor-spacer\">\n\t\t\t<div class=\"elementor-spacer-inner\"><\/div>\n\t\t<\/div>\n\t\t\t\t\t\t<\/div>\n\t\t\t\t<\/div>\n\t\t\t\t<div class=\"elementor-element elementor-element-54e0359 elementor-widget elementor-widget-wpsection_wps_blog_grid\" data-id=\"54e0359\" data-element_type=\"widget\" data-widget_type=\"wpsection_wps_blog_grid.default\">\n\t\t\t\t<div class=\"elementor-widget-container\">\n\t\t\t\t\t\n\n<section class=\"blog-grid\">\n    <div class=\"auto-container\">\n        <div class=\"row clearfix\">\n                            <div class=\"col-lg-4 col-md-4 col-sm-12 news-block\">\n                    <div class=\"wp_blog_block news-block-two wow fadeInUp animated\" data-wow-delay=\"00ms\" data-wow-duration=\"1500ms\">\n                        <div class=\"inner-box\">\n                            <div class=\"image-box\">\n\n                                <figure class=\"image mr_product_thumb\">\n                                    <a class=\"mr_product_link\" href=\"https:\/\/nelsonbarbudo.com.br\/index.php\/2026\/02\/03\/deputado-nelson-barbudo-cobra-uniao-da-direita-e-faz-alerta-para-2026-sem-uniao-podemos-entregar-o-brasil-a-esquerda\/\">\n                                        \n\t\t\t\t\t\t\t\t\t<img fetchpriority=\"high\" decoding=\"async\" width=\"525\" height=\"440\" src=\"https:\/\/nelsonbarbudo.com.br\/wp-content\/uploads\/2026\/02\/Captura-de-tela-2026-02-02-110700-e1771282331975.png\" class=\"attachment-post-thumbnail size-post-thumbnail wp-post-image\" alt=\"\" srcset=\"https:\/\/nelsonbarbudo.com.br\/wp-content\/uploads\/2026\/02\/Captura-de-tela-2026-02-02-110700-e1771282331975.png 525w, https:\/\/nelsonbarbudo.com.br\/wp-content\/uploads\/2026\/02\/Captura-de-tela-2026-02-02-110700-e1771282331975-300x251.png 300w, https:\/\/nelsonbarbudo.com.br\/wp-content\/uploads\/2026\/02\/Captura-de-tela-2026-02-02-110700-e1771282331975-370x310.png 370w\" sizes=\"(max-width: 525px) 100vw, 525px\" \/>  \n\n                                    <\/a>\n                                <\/figure>\n\n                                <span class=\"post-date mr_post_date\">03 fev<\/span>\n                            <\/div>\n                            <div class=\"lower-content\">\n                                <div class=\"subtitle_alignment\">\n                                    <span class=\"category mr_block_subtitle mr_featured_block_subtitle\">\n                                        <a href=\"https:\/\/nelsonbarbudo.com.br\/index.php\/category\/mato-grosso\/\">Mato Grosso<\/a>                                    <\/span>\n                                <\/div>\n\n                                <h3 class=\"mr_block_title mr_featured_block\"><a href=\"https:\/\/nelsonbarbudo.com.br\/index.php\/2026\/02\/03\/deputado-nelson-barbudo-cobra-uniao-da-direita-e-faz-alerta-para-2026-sem-uniao-podemos-entregar-o-brasil-a-esquerda\/\">Deputado Nelson Barbudo cobra uni\u00e3o da direita e faz alerta para 2026: \u201cSem uni\u00e3o, podemos entregar o Brasil \u00e0 esquerda\u201d<\/a><\/h3>\n                                <ul class=\"post-info clearfix\">\n                                    <li class=\"author-box mr_block_author\">\n                                        <div class=\"author-thumb\"><img alt='' src='https:\/\/secure.gravatar.com\/avatar\/b9fe02dd5c47fa8f3403fa53c592961d634ae71b86f7373da04d0e801510e425?s=90&#038;d=mm&#038;r=g' srcset='https:\/\/secure.gravatar.com\/avatar\/b9fe02dd5c47fa8f3403fa53c592961d634ae71b86f7373da04d0e801510e425?s=180&#038;d=mm&#038;r=g 2x' class='avatar avatar-90 photo' height='90' width='90' \/><\/div>\n                                        <a href=\"https:\/\/nelsonbarbudo.com.br\/index.php\/author\/imprensa\/\">Marlene Maidana<\/a>\n                                    <\/li>\n                                    <li class=\"mr_featured_block mr_block_comment\"><i class=\"\"><\/i>Nenhum coment\u00e1rio<\/li>\n                                <\/ul>\n\n                                <p class=\"mr_featured_block mr_f_block_text\">Deputado Nelson Barbudo cobra uni\u00e3o da direita e faz alerta para 2026: \u201cSem uni\u00e3o, podemos entregar o Brasil \u00e0 esquerda\u201d Em v\u00eddeos divulgados nas redes sociais, parlamentar afirma que ataques internos enfraquecem o campo conservador, enquanto a esquerda se mant\u00e9m coesa. Para ele, a mudan\u00e7a de postura \u00e9 decisiva para&hellip;<\/p>\n                                <div class=\"wps_read_button_area\">\n                                    <button class=\"wps_read_button\">\n                                        <a class=\"theme_btn_none\" href=\"https:\/\/nelsonbarbudo.com.br\/index.php\/2026\/02\/03\/deputado-nelson-barbudo-cobra-uniao-da-direita-e-faz-alerta-para-2026-sem-uniao-podemos-entregar-o-brasil-a-esquerda\/\">Ler Mais<\/a>\n                                    <\/button>\n                                <\/div>\n                            <\/div>\n                        <\/div>\n                    <\/div>\n                <\/div>\n                            <div class=\"col-lg-4 col-md-4 col-sm-12 news-block\">\n                    <div class=\"wp_blog_block news-block-two wow fadeInUp animated\" data-wow-delay=\"00ms\" data-wow-duration=\"1500ms\">\n                        <div class=\"inner-box\">\n                            <div class=\"image-box\">\n\n                                <figure class=\"image mr_product_thumb\">\n                                    <a class=\"mr_product_link\" href=\"https:\/\/nelsonbarbudo.com.br\/index.php\/2025\/07\/14\/com-alta-produtividade-e-articulacao-estrategica-nelson-barbudo-fecha-semestre-em-alta-e-projeta-2026-com-otimismo\/\">\n                                        \n\t\t\t\t\t\t\t\t\t<img decoding=\"async\" width=\"1000\" height=\"617\" src=\"https:\/\/nelsonbarbudo.com.br\/wp-content\/uploads\/2025\/07\/img20250219152645436MED.jpg\" class=\"attachment-post-thumbnail size-post-thumbnail wp-post-image\" alt=\"\" srcset=\"https:\/\/nelsonbarbudo.com.br\/wp-content\/uploads\/2025\/07\/img20250219152645436MED.jpg 1000w, https:\/\/nelsonbarbudo.com.br\/wp-content\/uploads\/2025\/07\/img20250219152645436MED-300x185.jpg 300w, https:\/\/nelsonbarbudo.com.br\/wp-content\/uploads\/2025\/07\/img20250219152645436MED-768x474.jpg 768w\" sizes=\"(max-width: 1000px) 100vw, 1000px\" \/>  \n\n                                    <\/a>\n                                <\/figure>\n\n                                <span class=\"post-date mr_post_date\">14 jul<\/span>\n                            <\/div>\n                            <div class=\"lower-content\">\n                                <div class=\"subtitle_alignment\">\n                                    <span class=\"category mr_block_subtitle mr_featured_block_subtitle\">\n                                        <a href=\"https:\/\/nelsonbarbudo.com.br\/index.php\/category\/noticias\/\">Not\u00edcias<\/a>                                    <\/span>\n                                <\/div>\n\n                                <h3 class=\"mr_block_title mr_featured_block\"><a href=\"https:\/\/nelsonbarbudo.com.br\/index.php\/2025\/07\/14\/com-alta-produtividade-e-articulacao-estrategica-nelson-barbudo-fecha-semestre-em-alta-e-projeta-2026-com-otimismo\/\">Com alta produtividade e articula\u00e7\u00e3o estrat\u00e9gica, Nelson Barbudo fecha semestre em alta e projeta 2026 com otimismo<\/a><\/h3>\n                                <ul class=\"post-info clearfix\">\n                                    <li class=\"author-box mr_block_author\">\n                                        <div class=\"author-thumb\"><img alt='' src='https:\/\/secure.gravatar.com\/avatar\/b9fe02dd5c47fa8f3403fa53c592961d634ae71b86f7373da04d0e801510e425?s=90&#038;d=mm&#038;r=g' srcset='https:\/\/secure.gravatar.com\/avatar\/b9fe02dd5c47fa8f3403fa53c592961d634ae71b86f7373da04d0e801510e425?s=180&#038;d=mm&#038;r=g 2x' class='avatar avatar-90 photo' height='90' width='90' \/><\/div>\n                                        <a href=\"https:\/\/nelsonbarbudo.com.br\/index.php\/author\/imprensa\/\">Marlene Maidana<\/a>\n                                    <\/li>\n                                    <li class=\"mr_featured_block mr_block_comment\"><i class=\"\"><\/i>Nenhum coment\u00e1rio<\/li>\n                                <\/ul>\n\n                                <p class=\"mr_featured_block mr_f_block_text\">Com alta produtividade e articula\u00e7\u00e3o estrat\u00e9gica, Nelson Barbudo fecha semestre em alta e projeta 2026 com otimismo Em meio \u00e0s movimenta\u00e7\u00f5es intensas do cen\u00e1rio pol\u00edtico nacional, o deputado federal Nelson Barbudo (PL-MT) encerra o primeiro semestre de 2025 com um balan\u00e7o positivo e j\u00e1 se posiciona como um dos nomes&hellip;<\/p>\n                                <div class=\"wps_read_button_area\">\n                                    <button class=\"wps_read_button\">\n                                        <a class=\"theme_btn_none\" href=\"https:\/\/nelsonbarbudo.com.br\/index.php\/2025\/07\/14\/com-alta-produtividade-e-articulacao-estrategica-nelson-barbudo-fecha-semestre-em-alta-e-projeta-2026-com-otimismo\/\">Ler Mais<\/a>\n                                    <\/button>\n                                <\/div>\n                            <\/div>\n                        <\/div>\n                    <\/div>\n                <\/div>\n                            <div class=\"col-lg-4 col-md-4 col-sm-12 news-block\">\n                    <div class=\"wp_blog_block news-block-two wow fadeInUp animated\" data-wow-delay=\"00ms\" data-wow-duration=\"1500ms\">\n                        <div class=\"inner-box\">\n                            <div class=\"image-box\">\n\n                                <figure class=\"image mr_product_thumb\">\n                                    <a class=\"mr_product_link\" href=\"https:\/\/nelsonbarbudo.com.br\/index.php\/2025\/06\/09\/pichacao-nao-e-arte-projeto-de-nelson-barbudo-agrava-penas-por-pichacao-e-mira-comercio-irregular-de-tintas\/\">\n                                        \n\t\t\t\t\t\t\t\t\t<img decoding=\"async\" width=\"640\" height=\"390\" src=\"https:\/\/nelsonbarbudo.com.br\/wp-content\/uploads\/2025\/06\/WhatsApp-Image-2025-06-09-at-12.17.26.jpeg\" class=\"attachment-post-thumbnail size-post-thumbnail wp-post-image\" alt=\"\" srcset=\"https:\/\/nelsonbarbudo.com.br\/wp-content\/uploads\/2025\/06\/WhatsApp-Image-2025-06-09-at-12.17.26.jpeg 640w, https:\/\/nelsonbarbudo.com.br\/wp-content\/uploads\/2025\/06\/WhatsApp-Image-2025-06-09-at-12.17.26-300x183.jpeg 300w\" sizes=\"(max-width: 640px) 100vw, 640px\" \/>  \n\n                                    <\/a>\n                                <\/figure>\n\n                                <span class=\"post-date mr_post_date\">09 jun<\/span>\n                            <\/div>\n                            <div class=\"lower-content\">\n                                <div class=\"subtitle_alignment\">\n                                    <span class=\"category mr_block_subtitle mr_featured_block_subtitle\">\n                                        <a href=\"https:\/\/nelsonbarbudo.com.br\/index.php\/category\/mato-grosso\/\">Mato Grosso<\/a>                                    <\/span>\n                                <\/div>\n\n                                <h3 class=\"mr_block_title mr_featured_block\"><a href=\"https:\/\/nelsonbarbudo.com.br\/index.php\/2025\/06\/09\/pichacao-nao-e-arte-projeto-de-nelson-barbudo-agrava-penas-por-pichacao-e-mira-comercio-irregular-de-tintas\/\">&#8220;Picha\u00e7\u00e3o n\u00e3o \u00e9 arte&#8221;: projeto de Nelson Barbudo agrava penas por picha\u00e7\u00e3o e mira com\u00e9rcio irregular de tintas<\/a><\/h3>\n                                <ul class=\"post-info clearfix\">\n                                    <li class=\"author-box mr_block_author\">\n                                        <div class=\"author-thumb\"><img alt='' src='https:\/\/secure.gravatar.com\/avatar\/b9fe02dd5c47fa8f3403fa53c592961d634ae71b86f7373da04d0e801510e425?s=90&#038;d=mm&#038;r=g' srcset='https:\/\/secure.gravatar.com\/avatar\/b9fe02dd5c47fa8f3403fa53c592961d634ae71b86f7373da04d0e801510e425?s=180&#038;d=mm&#038;r=g 2x' class='avatar avatar-90 photo' height='90' width='90' \/><\/div>\n                                        <a href=\"https:\/\/nelsonbarbudo.com.br\/index.php\/author\/imprensa\/\">Marlene Maidana<\/a>\n                                    <\/li>\n                                    <li class=\"mr_featured_block mr_block_comment\"><i class=\"\"><\/i>Nenhum coment\u00e1rio<\/li>\n                                <\/ul>\n\n                                <p class=\"mr_featured_block mr_f_block_text\">\u201cPicha\u00e7\u00e3o n\u00e3o \u00e9 arte\": projeto de Nelson Barbudo agrava penas por picha\u00e7\u00e3o e mira com\u00e9rcio irregular de tintas O deputado federal Nelson Barbudo (PL-MT)* apresentou o Projeto de Lei 2696\/2025, que prop\u00f5e aumento das penas para o crime de picha\u00e7\u00e3o e responsabiliza\u00e7\u00e3o de com\u00e9rcios que vendem tintas em desacordo com&hellip;<\/p>\n                                <div class=\"wps_read_button_area\">\n                                    <button class=\"wps_read_button\">\n                                        <a class=\"theme_btn_none\" href=\"https:\/\/nelsonbarbudo.com.br\/index.php\/2025\/06\/09\/pichacao-nao-e-arte-projeto-de-nelson-barbudo-agrava-penas-por-pichacao-e-mira-comercio-irregular-de-tintas\/\">Ler Mais<\/a>\n                                    <\/button>\n                                <\/div>\n                            <\/div>\n                        <\/div>\n                    <\/div>\n                <\/div>\n            \t\t\t\n       \n      \n \t\n\t\t\t\n\t\t\t\t\t\t\t\t   \n              <\/div>\n    <\/div>\n<\/section>\n\n\n\t\t\t\n\n\n\t\t\t\t<\/div>\n\t\t\t\t<\/div>\n\t\t\t\t\t<\/div>\n\t\t\t\t<\/div>\n\t\t\t\t<\/div>\n\t\t","protected":false},"excerpt":{"rendered":"<p>Transpar\u00eancia na Pol\u00edtica<\/p>\n","protected":false},"author":1,"featured_media":0,"parent":0,"menu_order":0,"comment_status":"closed","ping_status":"closed","template":"","meta":{"footnotes":""},"class_list":["post-2101","page","type-page","status-publish","hentry"],"yoast_head":"<!-- This site is optimized with the Yoast SEO plugin v25.4 - https:\/\/yoast.com\/wordpress\/plugins\/seo\/ -->\n<title>Transpar\u00eancia na Pol\u00edtica - Deputado Federal pelo Mato Grosso<\/title>\n<meta name=\"robots\" content=\"index, follow, max-snippet:-1, max-image-preview:large, max-video-preview:-1\" \/>\n<link rel=\"canonical\" href=\"https:\/\/nelsonbarbudo.com.br\/index.php\/transparencia-na-politica\/\" \/>\n<meta property=\"og:locale\" content=\"pt_BR\" \/>\n<meta property=\"og:type\" content=\"article\" \/>\n<meta property=\"og:title\" content=\"Transpar\u00eancia na Pol\u00edtica - Deputado Federal pelo Mato Grosso\" \/>\n<meta property=\"og:description\" content=\"Transpar\u00eancia na Pol\u00edtica\" \/>\n<meta property=\"og:url\" content=\"https:\/\/nelsonbarbudo.com.br\/index.php\/transparencia-na-politica\/\" \/>\n<meta property=\"og:site_name\" content=\"Deputado Federal pelo Mato Grosso\" \/>\n<meta property=\"article:modified_time\" content=\"2024-09-09T19:38:30+00:00\" \/>\n<meta name=\"twitter:card\" content=\"summary_large_image\" \/>\n<script type=\"application\/ld+json\" class=\"yoast-schema-graph\">{\"@context\":\"https:\/\/schema.org\",\"@graph\":[{\"@type\":\"WebPage\",\"@id\":\"https:\/\/nelsonbarbudo.com.br\/index.php\/transparencia-na-politica\/\",\"url\":\"https:\/\/nelsonbarbudo.com.br\/index.php\/transparencia-na-politica\/\",\"name\":\"Transpar\u00eancia na Pol\u00edtica - Deputado Federal pelo Mato Grosso\",\"isPartOf\":{\"@id\":\"https:\/\/nelsonbarbudo.com.br\/#website\"},\"datePublished\":\"2024-09-09T19:36:32+00:00\",\"dateModified\":\"2024-09-09T19:38:30+00:00\",\"breadcrumb\":{\"@id\":\"https:\/\/nelsonbarbudo.com.br\/index.php\/transparencia-na-politica\/#breadcrumb\"},\"inLanguage\":\"pt-BR\",\"potentialAction\":[{\"@type\":\"ReadAction\",\"target\":[\"https:\/\/nelsonbarbudo.com.br\/index.php\/transparencia-na-politica\/\"]}]},{\"@type\":\"BreadcrumbList\",\"@id\":\"https:\/\/nelsonbarbudo.com.br\/index.php\/transparencia-na-politica\/#breadcrumb\",\"itemListElement\":[{\"@type\":\"ListItem\",\"position\":1,\"name\":\"In\u00edcio\",\"item\":\"https:\/\/nelsonbarbudo.com.br\/\"},{\"@type\":\"ListItem\",\"position\":2,\"name\":\"Transpar\u00eancia na Pol\u00edtica\"}]},{\"@type\":\"WebSite\",\"@id\":\"https:\/\/nelsonbarbudo.com.br\/#website\",\"url\":\"https:\/\/nelsonbarbudo.com.br\/\",\"name\":\"Deputado Federal Nelson Barbudo\",\"description\":\"PL - MT\",\"potentialAction\":[{\"@type\":\"SearchAction\",\"target\":{\"@type\":\"EntryPoint\",\"urlTemplate\":\"https:\/\/nelsonbarbudo.com.br\/?s={search_term_string}\"},\"query-input\":{\"@type\":\"PropertyValueSpecification\",\"valueRequired\":true,\"valueName\":\"search_term_string\"}}],\"inLanguage\":\"pt-BR\"}]}<\/script>\n<!-- \/ Yoast SEO plugin. -->","yoast_head_json":{"title":"Transpar\u00eancia na Pol\u00edtica - Deputado Federal pelo Mato Grosso","robots":{"index":"index","follow":"follow","max-snippet":"max-snippet:-1","max-image-preview":"max-image-preview:large","max-video-preview":"max-video-preview:-1"},"canonical":"https:\/\/nelsonbarbudo.com.br\/index.php\/transparencia-na-politica\/","og_locale":"pt_BR","og_type":"article","og_title":"Transpar\u00eancia na Pol\u00edtica - Deputado Federal pelo Mato Grosso","og_description":"Transpar\u00eancia na Pol\u00edtica","og_url":"https:\/\/nelsonbarbudo.com.br\/index.php\/transparencia-na-politica\/","og_site_name":"Deputado Federal pelo Mato Grosso","article_modified_time":"2024-09-09T19:38:30+00:00","twitter_card":"summary_large_image","schema":{"@context":"https:\/\/schema.org","@graph":[{"@type":"WebPage","@id":"https:\/\/nelsonbarbudo.com.br\/index.php\/transparencia-na-politica\/","url":"https:\/\/nelsonbarbudo.com.br\/index.php\/transparencia-na-politica\/","name":"Transpar\u00eancia na Pol\u00edtica - Deputado Federal pelo Mato Grosso","isPartOf":{"@id":"https:\/\/nelsonbarbudo.com.br\/#website"},"datePublished":"2024-09-09T19:36:32+00:00","dateModified":"2024-09-09T19:38:30+00:00","breadcrumb":{"@id":"https:\/\/nelsonbarbudo.com.br\/index.php\/transparencia-na-politica\/#breadcrumb"},"inLanguage":"pt-BR","potentialAction":[{"@type":"ReadAction","target":["https:\/\/nelsonbarbudo.com.br\/index.php\/transparencia-na-politica\/"]}]},{"@type":"BreadcrumbList","@id":"https:\/\/nelsonbarbudo.com.br\/index.php\/transparencia-na-politica\/#breadcrumb","itemListElement":[{"@type":"ListItem","position":1,"name":"In\u00edcio","item":"https:\/\/nelsonbarbudo.com.br\/"},{"@type":"ListItem","position":2,"name":"Transpar\u00eancia na Pol\u00edtica"}]},{"@type":"WebSite","@id":"https:\/\/nelsonbarbudo.com.br\/#website","url":"https:\/\/nelsonbarbudo.com.br\/","name":"Deputado Federal Nelson Barbudo","description":"PL - MT","potentialAction":[{"@type":"SearchAction","target":{"@type":"EntryPoint","urlTemplate":"https:\/\/nelsonbarbudo.com.br\/?s={search_term_string}"},"query-input":{"@type":"PropertyValueSpecification","valueRequired":true,"valueName":"search_term_string"}}],"inLanguage":"pt-BR"}]}},"_links":{"self":[{"href":"https:\/\/nelsonbarbudo.com.br\/index.php\/wp-json\/wp\/v2\/pages\/2101","targetHints":{"allow":["GET"]}}],"collection":[{"href":"https:\/\/nelsonbarbudo.com.br\/index.php\/wp-json\/wp\/v2\/pages"}],"about":[{"href":"https:\/\/nelsonbarbudo.com.br\/index.php\/wp-json\/wp\/v2\/types\/page"}],"author":[{"embeddable":true,"href":"https:\/\/nelsonbarbudo.com.br\/index.php\/wp-json\/wp\/v2\/users\/1"}],"replies":[{"embeddable":true,"href":"https:\/\/nelsonbarbudo.com.br\/index.php\/wp-json\/wp\/v2\/comments?post=2101"}],"version-history":[{"count":4,"href":"https:\/\/nelsonbarbudo.com.br\/index.php\/wp-json\/wp\/v2\/pages\/2101\/revisions"}],"predecessor-version":[{"id":2105,"href":"https:\/\/nelsonbarbudo.com.br\/index.php\/wp-json\/wp\/v2\/pages\/2101\/revisions\/2105"}],"wp:attachment":[{"href":"https:\/\/nelsonbarbudo.com.br\/index.php\/wp-json\/wp\/v2\/media?parent=2101"}],"curies":[{"name":"wp","href":"https:\/\/api.w.org\/{rel}","templated":true}]}}