{"id":2110,"date":"2024-09-09T16:44:50","date_gmt":"2024-09-09T19:44:50","guid":{"rendered":"https:\/\/nelsonbarbudo.com.br\/?page_id=2110"},"modified":"2024-09-09T16:48:09","modified_gmt":"2024-09-09T19:48:09","slug":"agronegocio","status":"publish","type":"page","link":"https:\/\/nelsonbarbudo.com.br\/index.php\/agronegocio\/","title":{"rendered":"Agroneg\u00f3cio"},"content":{"rendered":"\t\t<div data-elementor-type=\"wp-page\" data-elementor-id=\"2110\" class=\"elementor elementor-2110\">\n\t\t\t\t<div class=\"elementor-element elementor-element-db6971a e-flex e-con-boxed e-con e-parent\" data-id=\"db6971a\" data-element_type=\"container\">\n\t\t\t\t\t<div class=\"e-con-inner\">\n\t\t\t\t<div class=\"elementor-element elementor-element-b508916 elementor-widget elementor-widget-heading\" data-id=\"b508916\" data-element_type=\"widget\" data-widget_type=\"heading.default\">\n\t\t\t\t<div class=\"elementor-widget-container\">\n\t\t\t\t\t<h2 class=\"elementor-heading-title elementor-size-default\">Agroneg\u00f3cio<\/h2>\t\t\t\t<\/div>\n\t\t\t\t<\/div>\n\t\t\t\t<div class=\"elementor-element elementor-element-c983664 elementor-widget elementor-widget-spacer\" data-id=\"c983664\" data-element_type=\"widget\" data-widget_type=\"spacer.default\">\n\t\t\t\t<div class=\"elementor-widget-container\">\n\t\t\t\t\t\t\t<div class=\"elementor-spacer\">\n\t\t\t<div class=\"elementor-spacer-inner\"><\/div>\n\t\t<\/div>\n\t\t\t\t\t\t<\/div>\n\t\t\t\t<\/div>\n\t\t\t\t<div class=\"elementor-element elementor-element-54e0359 elementor-widget elementor-widget-wpsection_wps_blog_grid\" data-id=\"54e0359\" data-element_type=\"widget\" data-widget_type=\"wpsection_wps_blog_grid.default\">\n\t\t\t\t<div class=\"elementor-widget-container\">\n\t\t\t\t\t\n\n<section class=\"blog-grid\">\n    <div class=\"auto-container\">\n        <div class=\"row clearfix\">\n                            <div class=\"col-lg-4 col-md-4 col-sm-12 news-block\">\n                    <div class=\"wp_blog_block news-block-two wow fadeInUp animated\" data-wow-delay=\"00ms\" data-wow-duration=\"1500ms\">\n                        <div class=\"inner-box\">\n                            <div class=\"image-box\">\n\n                                <figure class=\"image mr_product_thumb\">\n                                    <a class=\"mr_product_link\" href=\"https:\/\/nelsonbarbudo.com.br\/index.php\/2026\/03\/09\/o-pib-de-papel-e-a-forca-de-quem-realmente-sustenta-o-brasil\/\">\n                                        \n\t\t\t\t\t\t\t\t\t<img fetchpriority=\"high\" decoding=\"async\" width=\"640\" height=\"390\" src=\"https:\/\/nelsonbarbudo.com.br\/wp-content\/uploads\/2025\/11\/WhatsApp-Image-2025-11-12-at-16.55.48-1.jpeg\" class=\"attachment-post-thumbnail size-post-thumbnail wp-post-image\" alt=\"\" srcset=\"https:\/\/nelsonbarbudo.com.br\/wp-content\/uploads\/2025\/11\/WhatsApp-Image-2025-11-12-at-16.55.48-1.jpeg 640w, https:\/\/nelsonbarbudo.com.br\/wp-content\/uploads\/2025\/11\/WhatsApp-Image-2025-11-12-at-16.55.48-1-300x183.jpeg 300w\" sizes=\"(max-width: 640px) 100vw, 640px\" \/>  \n\n                                    <\/a>\n                                <\/figure>\n\n                                <span class=\"post-date mr_post_date\">09 mar<\/span>\n                            <\/div>\n                            <div class=\"lower-content\">\n                                <div class=\"subtitle_alignment\">\n                                    <span class=\"category mr_block_subtitle mr_featured_block_subtitle\">\n                                        <a href=\"https:\/\/nelsonbarbudo.com.br\/index.php\/category\/agronegocio\/\">Agroneg\u00f3cio<\/a>                                    <\/span>\n                                <\/div>\n\n                                <h3 class=\"mr_block_title mr_featured_block\"><a href=\"https:\/\/nelsonbarbudo.com.br\/index.php\/2026\/03\/09\/o-pib-de-papel-e-a-forca-de-quem-realmente-sustenta-o-brasil\/\">O PIB de papel e a for\u00e7a de quem realmente sustenta o Brasil<\/a><\/h3>\n                                <ul class=\"post-info clearfix\">\n                                    <li class=\"author-box mr_block_author\">\n                                        <div class=\"author-thumb\"><img alt='' src='https:\/\/secure.gravatar.com\/avatar\/b9fe02dd5c47fa8f3403fa53c592961d634ae71b86f7373da04d0e801510e425?s=90&#038;d=mm&#038;r=g' srcset='https:\/\/secure.gravatar.com\/avatar\/b9fe02dd5c47fa8f3403fa53c592961d634ae71b86f7373da04d0e801510e425?s=180&#038;d=mm&#038;r=g 2x' class='avatar avatar-90 photo' height='90' width='90' \/><\/div>\n                                        <a href=\"https:\/\/nelsonbarbudo.com.br\/index.php\/author\/imprensa\/\">Marlene Maidana<\/a>\n                                    <\/li>\n                                    <li class=\"mr_featured_block mr_block_comment\"><i class=\"\"><\/i>Nenhum coment\u00e1rio<\/li>\n                                <\/ul>\n\n                                <p class=\"mr_featured_block mr_f_block_text\">O PIB de papel e a for\u00e7a de quem realmente sustenta o Brasil O governo anunciou hoje o crescimento do PIB de 2025: 2,3%. Em Bras\u00edlia, j\u00e1 tem gente pronta para estourar espumante e vender a ideia de que o Brasil entrou numa fase de prosperidade. Mas eu pergunto a&hellip;<\/p>\n                                <div class=\"wps_read_button_area\">\n                                    <button class=\"wps_read_button\">\n                                        <a class=\"theme_btn_none\" href=\"https:\/\/nelsonbarbudo.com.br\/index.php\/2026\/03\/09\/o-pib-de-papel-e-a-forca-de-quem-realmente-sustenta-o-brasil\/\">Ler Mais<\/a>\n                                    <\/button>\n                                <\/div>\n                            <\/div>\n                        <\/div>\n                    <\/div>\n                <\/div>\n                            <div class=\"col-lg-4 col-md-4 col-sm-12 news-block\">\n                    <div class=\"wp_blog_block news-block-two wow fadeInUp animated\" data-wow-delay=\"00ms\" data-wow-duration=\"1500ms\">\n                        <div class=\"inner-box\">\n                            <div class=\"image-box\">\n\n                                <figure class=\"image mr_product_thumb\">\n                                    <a class=\"mr_product_link\" href=\"https:\/\/nelsonbarbudo.com.br\/index.php\/2025\/11\/12\/comissao-de-agricultura-aprova-troca-de-agrotoxico-para-defensivos-agricolas\/\">\n                                        \n\t\t\t\t\t\t\t\t\t<img decoding=\"async\" width=\"640\" height=\"390\" src=\"https:\/\/nelsonbarbudo.com.br\/wp-content\/uploads\/2025\/11\/WhatsApp-Image-2025-11-12-at-16.55.48.jpeg\" class=\"attachment-post-thumbnail size-post-thumbnail wp-post-image\" alt=\"\" srcset=\"https:\/\/nelsonbarbudo.com.br\/wp-content\/uploads\/2025\/11\/WhatsApp-Image-2025-11-12-at-16.55.48.jpeg 640w, https:\/\/nelsonbarbudo.com.br\/wp-content\/uploads\/2025\/11\/WhatsApp-Image-2025-11-12-at-16.55.48-300x183.jpeg 300w\" sizes=\"(max-width: 640px) 100vw, 640px\" \/>  \n\n                                    <\/a>\n                                <\/figure>\n\n                                <span class=\"post-date mr_post_date\">12 nov<\/span>\n                            <\/div>\n                            <div class=\"lower-content\">\n                                <div class=\"subtitle_alignment\">\n                                    <span class=\"category mr_block_subtitle mr_featured_block_subtitle\">\n                                        <a href=\"https:\/\/nelsonbarbudo.com.br\/index.php\/category\/agronegocio\/\">Agroneg\u00f3cio<\/a>                                    <\/span>\n                                <\/div>\n\n                                <h3 class=\"mr_block_title mr_featured_block\"><a href=\"https:\/\/nelsonbarbudo.com.br\/index.php\/2025\/11\/12\/comissao-de-agricultura-aprova-troca-de-agrotoxico-para-defensivos-agricolas\/\">COMISS\u00c3O DE AGRICULTURA APROVA TROCA DE \u201cAGROT\u00d3XICO\u201d PARA \u201cDEFENSIVOS AGR\u00cdCOLAS\u201d<\/a><\/h3>\n                                <ul class=\"post-info clearfix\">\n                                    <li class=\"author-box mr_block_author\">\n                                        <div class=\"author-thumb\"><img alt='' src='https:\/\/secure.gravatar.com\/avatar\/b9fe02dd5c47fa8f3403fa53c592961d634ae71b86f7373da04d0e801510e425?s=90&#038;d=mm&#038;r=g' srcset='https:\/\/secure.gravatar.com\/avatar\/b9fe02dd5c47fa8f3403fa53c592961d634ae71b86f7373da04d0e801510e425?s=180&#038;d=mm&#038;r=g 2x' class='avatar avatar-90 photo' height='90' width='90' \/><\/div>\n                                        <a href=\"https:\/\/nelsonbarbudo.com.br\/index.php\/author\/imprensa\/\">Marlene Maidana<\/a>\n                                    <\/li>\n                                    <li class=\"mr_featured_block mr_block_comment\"><i class=\"\"><\/i>Nenhum coment\u00e1rio<\/li>\n                                <\/ul>\n\n                                <p class=\"mr_featured_block mr_f_block_text\">COMISS\u00c3O DE AGRICULTURA APROVA TROCA DE \u201cAGROT\u00d3XICO\u201d PARA \u201cDEFENSIVOS AGR\u00cdCOLAS\u201d A Comiss\u00e3o de Agricultura da C\u00e2mara aprovou hoje o projeto que altera a lei para trocar o termo \u201cagrot\u00f3xico\u201d por \u201cdefensivo agr\u00edcola\u201d. Para o deputado Nelson Barbudo (PL-MT), relator da mat\u00e9ria, trata-se de justi\u00e7a ao agro e reconhecimento da import\u00e2ncia&hellip;<\/p>\n                                <div class=\"wps_read_button_area\">\n                                    <button class=\"wps_read_button\">\n                                        <a class=\"theme_btn_none\" href=\"https:\/\/nelsonbarbudo.com.br\/index.php\/2025\/11\/12\/comissao-de-agricultura-aprova-troca-de-agrotoxico-para-defensivos-agricolas\/\">Ler Mais<\/a>\n                                    <\/button>\n                                <\/div>\n                            <\/div>\n                        <\/div>\n                    <\/div>\n                <\/div>\n                            <div class=\"col-lg-4 col-md-4 col-sm-12 news-block\">\n                    <div class=\"wp_blog_block news-block-two wow fadeInUp animated\" data-wow-delay=\"00ms\" data-wow-duration=\"1500ms\">\n                        <div class=\"inner-box\">\n                            <div class=\"image-box\">\n\n                                <figure class=\"image mr_product_thumb\">\n                                    <a class=\"mr_product_link\" href=\"https:\/\/nelsonbarbudo.com.br\/index.php\/2025\/07\/09\/projeto-de-nelson-barbudo-e-aprovado-na-comissao-de-agricultura-e-garante-georreferenciamento-gratuito\/\">\n                                        \n\t\t\t\t\t\t\t\t\t<img decoding=\"async\" width=\"960\" height=\"592\" src=\"https:\/\/nelsonbarbudo.com.br\/wp-content\/uploads\/2025\/06\/WhatsApp-Image-2025-06-09-at-12.17.27-1.jpeg\" class=\"attachment-post-thumbnail size-post-thumbnail wp-post-image\" alt=\"\" srcset=\"https:\/\/nelsonbarbudo.com.br\/wp-content\/uploads\/2025\/06\/WhatsApp-Image-2025-06-09-at-12.17.27-1.jpeg 960w, https:\/\/nelsonbarbudo.com.br\/wp-content\/uploads\/2025\/06\/WhatsApp-Image-2025-06-09-at-12.17.27-1-300x185.jpeg 300w, https:\/\/nelsonbarbudo.com.br\/wp-content\/uploads\/2025\/06\/WhatsApp-Image-2025-06-09-at-12.17.27-1-768x474.jpeg 768w\" sizes=\"(max-width: 960px) 100vw, 960px\" \/>  \n\n                                    <\/a>\n                                <\/figure>\n\n                                <span class=\"post-date mr_post_date\">09 jul<\/span>\n                            <\/div>\n                            <div class=\"lower-content\">\n                                <div class=\"subtitle_alignment\">\n                                    <span class=\"category mr_block_subtitle mr_featured_block_subtitle\">\n                                        <a href=\"https:\/\/nelsonbarbudo.com.br\/index.php\/category\/agronegocio\/\">Agroneg\u00f3cio<\/a>                                    <\/span>\n                                <\/div>\n\n                                <h3 class=\"mr_block_title mr_featured_block\"><a href=\"https:\/\/nelsonbarbudo.com.br\/index.php\/2025\/07\/09\/projeto-de-nelson-barbudo-e-aprovado-na-comissao-de-agricultura-e-garante-georreferenciamento-gratuito\/\">Projeto de Nelson Barbudo \u00e9 aprovado na Comiss\u00e3o de Agricultura e garante georreferenciamento gratuito<\/a><\/h3>\n                                <ul class=\"post-info clearfix\">\n                                    <li class=\"author-box mr_block_author\">\n                                        <div class=\"author-thumb\"><img alt='' src='https:\/\/secure.gravatar.com\/avatar\/b9fe02dd5c47fa8f3403fa53c592961d634ae71b86f7373da04d0e801510e425?s=90&#038;d=mm&#038;r=g' srcset='https:\/\/secure.gravatar.com\/avatar\/b9fe02dd5c47fa8f3403fa53c592961d634ae71b86f7373da04d0e801510e425?s=180&#038;d=mm&#038;r=g 2x' class='avatar avatar-90 photo' height='90' width='90' \/><\/div>\n                                        <a href=\"https:\/\/nelsonbarbudo.com.br\/index.php\/author\/imprensa\/\">Marlene Maidana<\/a>\n                                    <\/li>\n                                    <li class=\"mr_featured_block mr_block_comment\"><i class=\"\"><\/i>Nenhum coment\u00e1rio<\/li>\n                                <\/ul>\n\n                                <p class=\"mr_featured_block mr_f_block_text\">Projeto de Nelson Barbudo \u00e9 aprovado na Comiss\u00e3o de Agricultura e garante georreferenciamento gratuito O deputado federal Nelson Barbudo (PL-MT) conquistou mais uma importante vit\u00f3ria na C\u00e2mara dos Deputados. Foi aprovado, nesta ter\u00e7a-feira (9), na Comiss\u00e3o de Agricultura, o Projeto de Lei 4737\/2023, de sua autoria, que pede que o&hellip;<\/p>\n                                <div class=\"wps_read_button_area\">\n                                    <button class=\"wps_read_button\">\n                                        <a class=\"theme_btn_none\" href=\"https:\/\/nelsonbarbudo.com.br\/index.php\/2025\/07\/09\/projeto-de-nelson-barbudo-e-aprovado-na-comissao-de-agricultura-e-garante-georreferenciamento-gratuito\/\">Ler Mais<\/a>\n                                    <\/button>\n                                <\/div>\n                            <\/div>\n                        <\/div>\n                    <\/div>\n                <\/div>\n            \t\t\t\n       \n      \n \t\n\t\t\t\n\t\t\t\t\t\t\t\t   \n              <\/div>\n    <\/div>\n<\/section>\n\n\n\t\t\t\n\n\n\t\t\t\t<\/div>\n\t\t\t\t<\/div>\n\t\t\t\t\t<\/div>\n\t\t\t\t<\/div>\n\t\t\t\t<\/div>\n\t\t","protected":false},"excerpt":{"rendered":"<p>Agroneg\u00f3cio<\/p>\n","protected":false},"author":1,"featured_media":0,"parent":0,"menu_order":0,"comment_status":"closed","ping_status":"closed","template":"","meta":{"footnotes":""},"class_list":["post-2110","page","type-page","status-publish","hentry"],"yoast_head":"<!-- This site is optimized with the Yoast SEO plugin v25.4 - https:\/\/yoast.com\/wordpress\/plugins\/seo\/ -->\n<title>Agroneg\u00f3cio - Deputado Federal pelo Mato Grosso<\/title>\n<meta name=\"robots\" content=\"index, follow, max-snippet:-1, max-image-preview:large, max-video-preview:-1\" \/>\n<link rel=\"canonical\" href=\"https:\/\/nelsonbarbudo.com.br\/index.php\/agronegocio\/\" \/>\n<meta property=\"og:locale\" content=\"pt_BR\" \/>\n<meta property=\"og:type\" content=\"article\" \/>\n<meta property=\"og:title\" content=\"Agroneg\u00f3cio - Deputado Federal pelo Mato Grosso\" \/>\n<meta property=\"og:description\" content=\"Agroneg\u00f3cio\" \/>\n<meta property=\"og:url\" content=\"https:\/\/nelsonbarbudo.com.br\/index.php\/agronegocio\/\" \/>\n<meta property=\"og:site_name\" content=\"Deputado Federal pelo Mato Grosso\" \/>\n<meta property=\"article:modified_time\" content=\"2024-09-09T19:48:09+00:00\" \/>\n<meta name=\"twitter:card\" content=\"summary_large_image\" \/>\n<script type=\"application\/ld+json\" class=\"yoast-schema-graph\">{\"@context\":\"https:\/\/schema.org\",\"@graph\":[{\"@type\":\"WebPage\",\"@id\":\"https:\/\/nelsonbarbudo.com.br\/index.php\/agronegocio\/\",\"url\":\"https:\/\/nelsonbarbudo.com.br\/index.php\/agronegocio\/\",\"name\":\"Agroneg\u00f3cio - Deputado Federal pelo Mato Grosso\",\"isPartOf\":{\"@id\":\"https:\/\/nelsonbarbudo.com.br\/#website\"},\"datePublished\":\"2024-09-09T19:44:50+00:00\",\"dateModified\":\"2024-09-09T19:48:09+00:00\",\"breadcrumb\":{\"@id\":\"https:\/\/nelsonbarbudo.com.br\/index.php\/agronegocio\/#breadcrumb\"},\"inLanguage\":\"pt-BR\",\"potentialAction\":[{\"@type\":\"ReadAction\",\"target\":[\"https:\/\/nelsonbarbudo.com.br\/index.php\/agronegocio\/\"]}]},{\"@type\":\"BreadcrumbList\",\"@id\":\"https:\/\/nelsonbarbudo.com.br\/index.php\/agronegocio\/#breadcrumb\",\"itemListElement\":[{\"@type\":\"ListItem\",\"position\":1,\"name\":\"In\u00edcio\",\"item\":\"https:\/\/nelsonbarbudo.com.br\/\"},{\"@type\":\"ListItem\",\"position\":2,\"name\":\"Agroneg\u00f3cio\"}]},{\"@type\":\"WebSite\",\"@id\":\"https:\/\/nelsonbarbudo.com.br\/#website\",\"url\":\"https:\/\/nelsonbarbudo.com.br\/\",\"name\":\"Deputado Federal Nelson Barbudo\",\"description\":\"PL - MT\",\"potentialAction\":[{\"@type\":\"SearchAction\",\"target\":{\"@type\":\"EntryPoint\",\"urlTemplate\":\"https:\/\/nelsonbarbudo.com.br\/?s={search_term_string}\"},\"query-input\":{\"@type\":\"PropertyValueSpecification\",\"valueRequired\":true,\"valueName\":\"search_term_string\"}}],\"inLanguage\":\"pt-BR\"}]}<\/script>\n<!-- \/ Yoast SEO plugin. -->","yoast_head_json":{"title":"Agroneg\u00f3cio - Deputado Federal pelo Mato Grosso","robots":{"index":"index","follow":"follow","max-snippet":"max-snippet:-1","max-image-preview":"max-image-preview:large","max-video-preview":"max-video-preview:-1"},"canonical":"https:\/\/nelsonbarbudo.com.br\/index.php\/agronegocio\/","og_locale":"pt_BR","og_type":"article","og_title":"Agroneg\u00f3cio - Deputado Federal pelo Mato Grosso","og_description":"Agroneg\u00f3cio","og_url":"https:\/\/nelsonbarbudo.com.br\/index.php\/agronegocio\/","og_site_name":"Deputado Federal pelo Mato Grosso","article_modified_time":"2024-09-09T19:48:09+00:00","twitter_card":"summary_large_image","schema":{"@context":"https:\/\/schema.org","@graph":[{"@type":"WebPage","@id":"https:\/\/nelsonbarbudo.com.br\/index.php\/agronegocio\/","url":"https:\/\/nelsonbarbudo.com.br\/index.php\/agronegocio\/","name":"Agroneg\u00f3cio - Deputado Federal pelo Mato Grosso","isPartOf":{"@id":"https:\/\/nelsonbarbudo.com.br\/#website"},"datePublished":"2024-09-09T19:44:50+00:00","dateModified":"2024-09-09T19:48:09+00:00","breadcrumb":{"@id":"https:\/\/nelsonbarbudo.com.br\/index.php\/agronegocio\/#breadcrumb"},"inLanguage":"pt-BR","potentialAction":[{"@type":"ReadAction","target":["https:\/\/nelsonbarbudo.com.br\/index.php\/agronegocio\/"]}]},{"@type":"BreadcrumbList","@id":"https:\/\/nelsonbarbudo.com.br\/index.php\/agronegocio\/#breadcrumb","itemListElement":[{"@type":"ListItem","position":1,"name":"In\u00edcio","item":"https:\/\/nelsonbarbudo.com.br\/"},{"@type":"ListItem","position":2,"name":"Agroneg\u00f3cio"}]},{"@type":"WebSite","@id":"https:\/\/nelsonbarbudo.com.br\/#website","url":"https:\/\/nelsonbarbudo.com.br\/","name":"Deputado Federal Nelson Barbudo","description":"PL - MT","potentialAction":[{"@type":"SearchAction","target":{"@type":"EntryPoint","urlTemplate":"https:\/\/nelsonbarbudo.com.br\/?s={search_term_string}"},"query-input":{"@type":"PropertyValueSpecification","valueRequired":true,"valueName":"search_term_string"}}],"inLanguage":"pt-BR"}]}},"_links":{"self":[{"href":"https:\/\/nelsonbarbudo.com.br\/index.php\/wp-json\/wp\/v2\/pages\/2110","targetHints":{"allow":["GET"]}}],"collection":[{"href":"https:\/\/nelsonbarbudo.com.br\/index.php\/wp-json\/wp\/v2\/pages"}],"about":[{"href":"https:\/\/nelsonbarbudo.com.br\/index.php\/wp-json\/wp\/v2\/types\/page"}],"author":[{"embeddable":true,"href":"https:\/\/nelsonbarbudo.com.br\/index.php\/wp-json\/wp\/v2\/users\/1"}],"replies":[{"embeddable":true,"href":"https:\/\/nelsonbarbudo.com.br\/index.php\/wp-json\/wp\/v2\/comments?post=2110"}],"version-history":[{"count":4,"href":"https:\/\/nelsonbarbudo.com.br\/index.php\/wp-json\/wp\/v2\/pages\/2110\/revisions"}],"predecessor-version":[{"id":2121,"href":"https:\/\/nelsonbarbudo.com.br\/index.php\/wp-json\/wp\/v2\/pages\/2110\/revisions\/2121"}],"wp:attachment":[{"href":"https:\/\/nelsonbarbudo.com.br\/index.php\/wp-json\/wp\/v2\/media?parent=2110"}],"curies":[{"name":"wp","href":"https:\/\/api.w.org\/{rel}","templated":true}]}}