{"id":2383,"date":"2025-04-08T11:44:10","date_gmt":"2025-04-08T14:44:10","guid":{"rendered":"https:\/\/nelsonbarbudo.com.br\/?page_id=2383"},"modified":"2025-04-08T11:48:31","modified_gmt":"2025-04-08T14:48:31","slug":"meus-projetos","status":"publish","type":"page","link":"https:\/\/nelsonbarbudo.com.br\/index.php\/meus-projetos\/","title":{"rendered":"Meus Projetos"},"content":{"rendered":"\t\t<div data-elementor-type=\"wp-page\" data-elementor-id=\"2383\" class=\"elementor elementor-2383\">\n\t\t\t\t<div class=\"elementor-element elementor-element-db6971a e-flex e-con-boxed e-con e-parent\" data-id=\"db6971a\" data-element_type=\"container\">\n\t\t\t\t\t<div class=\"e-con-inner\">\n\t\t\t\t<div class=\"elementor-element elementor-element-b508916 elementor-widget elementor-widget-heading\" data-id=\"b508916\" data-element_type=\"widget\" data-widget_type=\"heading.default\">\n\t\t\t\t<div class=\"elementor-widget-container\">\n\t\t\t\t\t<h2 class=\"elementor-heading-title elementor-size-default\">Meus Projetos<\/h2>\t\t\t\t<\/div>\n\t\t\t\t<\/div>\n\t\t\t\t<div class=\"elementor-element elementor-element-c983664 elementor-widget elementor-widget-spacer\" data-id=\"c983664\" data-element_type=\"widget\" data-widget_type=\"spacer.default\">\n\t\t\t\t<div class=\"elementor-widget-container\">\n\t\t\t\t\t\t\t<div class=\"elementor-spacer\">\n\t\t\t<div class=\"elementor-spacer-inner\"><\/div>\n\t\t<\/div>\n\t\t\t\t\t\t<\/div>\n\t\t\t\t<\/div>\n\t\t\t\t<div class=\"elementor-element elementor-element-54e0359 elementor-widget elementor-widget-wpsection_wps_blog_grid\" data-id=\"54e0359\" data-element_type=\"widget\" data-widget_type=\"wpsection_wps_blog_grid.default\">\n\t\t\t\t<div class=\"elementor-widget-container\">\n\t\t\t\t\t\n\n<section class=\"blog-grid\">\n    <div class=\"auto-container\">\n        <div class=\"row clearfix\">\n                            <div class=\"col-lg-4 col-md-4 col-sm-12 news-block\">\n                    <div class=\"wp_blog_block news-block-two wow fadeInUp animated\" data-wow-delay=\"00ms\" data-wow-duration=\"1500ms\">\n                        <div class=\"inner-box\">\n                            <div class=\"image-box\">\n\n                                <figure class=\"image mr_product_thumb\">\n                                    <a class=\"mr_product_link\" href=\"https:\/\/nelsonbarbudo.com.br\/index.php\/2026\/03\/09\/projeto-preve-aumento-de-pena-para-crimes-sexuais-cometidos-por-motoristas-de-aplicativo-e-taxistas\/\">\n                                        \n\t\t\t\t\t\t\t\t\t<img fetchpriority=\"high\" decoding=\"async\" width=\"620\" height=\"473\" src=\"https:\/\/nelsonbarbudo.com.br\/wp-content\/uploads\/2026\/03\/nelson-barbudo-620x473-1.jpg\" class=\"attachment-post-thumbnail size-post-thumbnail wp-post-image\" alt=\"\" srcset=\"https:\/\/nelsonbarbudo.com.br\/wp-content\/uploads\/2026\/03\/nelson-barbudo-620x473-1.jpg 620w, https:\/\/nelsonbarbudo.com.br\/wp-content\/uploads\/2026\/03\/nelson-barbudo-620x473-1-300x229.jpg 300w\" sizes=\"(max-width: 620px) 100vw, 620px\" \/>  \n\n                                    <\/a>\n                                <\/figure>\n\n                                <span class=\"post-date mr_post_date\">09 mar<\/span>\n                            <\/div>\n                            <div class=\"lower-content\">\n                                <div class=\"subtitle_alignment\">\n                                    <span class=\"category mr_block_subtitle mr_featured_block_subtitle\">\n                                        <a href=\"https:\/\/nelsonbarbudo.com.br\/index.php\/category\/noticias\/direitos-da-mulher\/\">Direitos da Mulher<\/a>                                    <\/span>\n                                <\/div>\n\n                                <h3 class=\"mr_block_title mr_featured_block\"><a href=\"https:\/\/nelsonbarbudo.com.br\/index.php\/2026\/03\/09\/projeto-preve-aumento-de-pena-para-crimes-sexuais-cometidos-por-motoristas-de-aplicativo-e-taxistas\/\">Projeto prev\u00ea aumento de pena para crimes sexuais cometidos por motoristas de aplicativo e taxistas<\/a><\/h3>\n                                <ul class=\"post-info clearfix\">\n                                    <li class=\"author-box mr_block_author\">\n                                        <div class=\"author-thumb\"><img alt='' src='https:\/\/secure.gravatar.com\/avatar\/b9fe02dd5c47fa8f3403fa53c592961d634ae71b86f7373da04d0e801510e425?s=90&#038;d=mm&#038;r=g' srcset='https:\/\/secure.gravatar.com\/avatar\/b9fe02dd5c47fa8f3403fa53c592961d634ae71b86f7373da04d0e801510e425?s=180&#038;d=mm&#038;r=g 2x' class='avatar avatar-90 photo' height='90' width='90' \/><\/div>\n                                        <a href=\"https:\/\/nelsonbarbudo.com.br\/index.php\/author\/imprensa\/\">Marlene Maidana<\/a>\n                                    <\/li>\n                                    <li class=\"mr_featured_block mr_block_comment\"><i class=\"\"><\/i>Nenhum coment\u00e1rio<\/li>\n                                <\/ul>\n\n                                <p class=\"mr_featured_block mr_f_block_text\">Projeto prev\u00ea aumento de pena para crimes sexuais cometidos por motoristas de aplicativo e taxistas Proposta em an\u00e1lise na C\u00e2mara agrava puni\u00e7\u00f5es para crimes contra a vida e a dignidade sexual praticados durante o exerc\u00edcio da atividade \u201cN\u00e3o podemos tratar como crime comum quando um motorista usa a profiss\u00e3o para&hellip;<\/p>\n                                <div class=\"wps_read_button_area\">\n                                    <button class=\"wps_read_button\">\n                                        <a class=\"theme_btn_none\" href=\"https:\/\/nelsonbarbudo.com.br\/index.php\/2026\/03\/09\/projeto-preve-aumento-de-pena-para-crimes-sexuais-cometidos-por-motoristas-de-aplicativo-e-taxistas\/\">Ler Mais<\/a>\n                                    <\/button>\n                                <\/div>\n                            <\/div>\n                        <\/div>\n                    <\/div>\n                <\/div>\n                            <div class=\"col-lg-4 col-md-4 col-sm-12 news-block\">\n                    <div class=\"wp_blog_block news-block-two wow fadeInUp animated\" data-wow-delay=\"00ms\" data-wow-duration=\"1500ms\">\n                        <div class=\"inner-box\">\n                            <div class=\"image-box\">\n\n                                <figure class=\"image mr_product_thumb\">\n                                    <a class=\"mr_product_link\" href=\"https:\/\/nelsonbarbudo.com.br\/index.php\/2026\/02\/09\/deputado-nelson-barbudo-apresenta-projeto-que-preve-afastamento-preventivo-de-agentes-publicos-denunciados-por-assedio-sexual\/\">\n                                        \n\t\t\t\t\t\t\t\t\t<img decoding=\"async\" width=\"525\" height=\"440\" src=\"https:\/\/nelsonbarbudo.com.br\/wp-content\/uploads\/2026\/02\/WhatsApp-Image-2026-02-03-at-11.32.11-2-e1771282585882.jpeg\" class=\"attachment-post-thumbnail size-post-thumbnail wp-post-image\" alt=\"\" srcset=\"https:\/\/nelsonbarbudo.com.br\/wp-content\/uploads\/2026\/02\/WhatsApp-Image-2026-02-03-at-11.32.11-2-e1771282585882.jpeg 525w, https:\/\/nelsonbarbudo.com.br\/wp-content\/uploads\/2026\/02\/WhatsApp-Image-2026-02-03-at-11.32.11-2-e1771282585882-300x251.jpeg 300w, https:\/\/nelsonbarbudo.com.br\/wp-content\/uploads\/2026\/02\/WhatsApp-Image-2026-02-03-at-11.32.11-2-e1771282585882-370x310.jpeg 370w\" sizes=\"(max-width: 525px) 100vw, 525px\" \/>  \n\n                                    <\/a>\n                                <\/figure>\n\n                                <span class=\"post-date mr_post_date\">09 fev<\/span>\n                            <\/div>\n                            <div class=\"lower-content\">\n                                <div class=\"subtitle_alignment\">\n                                    <span class=\"category mr_block_subtitle mr_featured_block_subtitle\">\n                                        <a href=\"https:\/\/nelsonbarbudo.com.br\/index.php\/category\/defesa-mulher\/\">Defesa-Mulher<\/a>                                    <\/span>\n                                <\/div>\n\n                                <h3 class=\"mr_block_title mr_featured_block\"><a href=\"https:\/\/nelsonbarbudo.com.br\/index.php\/2026\/02\/09\/deputado-nelson-barbudo-apresenta-projeto-que-preve-afastamento-preventivo-de-agentes-publicos-denunciados-por-assedio-sexual\/\">Deputado Nelson Barbudo apresenta projeto que prev\u00ea afastamento preventivo de agentes p\u00fablicos denunciados por ass\u00e9dio sexual<\/a><\/h3>\n                                <ul class=\"post-info clearfix\">\n                                    <li class=\"author-box mr_block_author\">\n                                        <div class=\"author-thumb\"><img alt='' src='https:\/\/secure.gravatar.com\/avatar\/b9fe02dd5c47fa8f3403fa53c592961d634ae71b86f7373da04d0e801510e425?s=90&#038;d=mm&#038;r=g' srcset='https:\/\/secure.gravatar.com\/avatar\/b9fe02dd5c47fa8f3403fa53c592961d634ae71b86f7373da04d0e801510e425?s=180&#038;d=mm&#038;r=g 2x' class='avatar avatar-90 photo' height='90' width='90' \/><\/div>\n                                        <a href=\"https:\/\/nelsonbarbudo.com.br\/index.php\/author\/imprensa\/\">Marlene Maidana<\/a>\n                                    <\/li>\n                                    <li class=\"mr_featured_block mr_block_comment\"><i class=\"\"><\/i>Nenhum coment\u00e1rio<\/li>\n                                <\/ul>\n\n                                <p class=\"mr_featured_block mr_f_block_text\">Deputado Nelson Barbudo apresenta projeto que prev\u00ea afastamento preventivo de agentes p\u00fablicos denunciados por ass\u00e9dio sexual O deputado federal Nelson Barbudo (PL-MT) apresentou na C\u00e2mara dos Deputados o Projeto de Lei n\u00ba 350\/2026, que estabelece o afastamento imediato e preventivo de agentes p\u00fablicos denunciados por ass\u00e9dio sexual contra mulheres no&hellip;<\/p>\n                                <div class=\"wps_read_button_area\">\n                                    <button class=\"wps_read_button\">\n                                        <a class=\"theme_btn_none\" href=\"https:\/\/nelsonbarbudo.com.br\/index.php\/2026\/02\/09\/deputado-nelson-barbudo-apresenta-projeto-que-preve-afastamento-preventivo-de-agentes-publicos-denunciados-por-assedio-sexual\/\">Ler Mais<\/a>\n                                    <\/button>\n                                <\/div>\n                            <\/div>\n                        <\/div>\n                    <\/div>\n                <\/div>\n                            <div class=\"col-lg-4 col-md-4 col-sm-12 news-block\">\n                    <div class=\"wp_blog_block news-block-two wow fadeInUp animated\" data-wow-delay=\"00ms\" data-wow-duration=\"1500ms\">\n                        <div class=\"inner-box\">\n                            <div class=\"image-box\">\n\n                                <figure class=\"image mr_product_thumb\">\n                                    <a class=\"mr_product_link\" href=\"https:\/\/nelsonbarbudo.com.br\/index.php\/2025\/11\/12\/comissao-de-agricultura-aprova-troca-de-agrotoxico-para-defensivos-agricolas\/\">\n                                        \n\t\t\t\t\t\t\t\t\t<img decoding=\"async\" width=\"640\" height=\"390\" src=\"https:\/\/nelsonbarbudo.com.br\/wp-content\/uploads\/2025\/11\/WhatsApp-Image-2025-11-12-at-16.55.48.jpeg\" class=\"attachment-post-thumbnail size-post-thumbnail wp-post-image\" alt=\"\" srcset=\"https:\/\/nelsonbarbudo.com.br\/wp-content\/uploads\/2025\/11\/WhatsApp-Image-2025-11-12-at-16.55.48.jpeg 640w, https:\/\/nelsonbarbudo.com.br\/wp-content\/uploads\/2025\/11\/WhatsApp-Image-2025-11-12-at-16.55.48-300x183.jpeg 300w\" sizes=\"(max-width: 640px) 100vw, 640px\" \/>  \n\n                                    <\/a>\n                                <\/figure>\n\n                                <span class=\"post-date mr_post_date\">12 nov<\/span>\n                            <\/div>\n                            <div class=\"lower-content\">\n                                <div class=\"subtitle_alignment\">\n                                    <span class=\"category mr_block_subtitle mr_featured_block_subtitle\">\n                                        <a href=\"https:\/\/nelsonbarbudo.com.br\/index.php\/category\/agronegocio\/\">Agroneg\u00f3cio<\/a>                                    <\/span>\n                                <\/div>\n\n                                <h3 class=\"mr_block_title mr_featured_block\"><a href=\"https:\/\/nelsonbarbudo.com.br\/index.php\/2025\/11\/12\/comissao-de-agricultura-aprova-troca-de-agrotoxico-para-defensivos-agricolas\/\">COMISS\u00c3O DE AGRICULTURA APROVA TROCA DE \u201cAGROT\u00d3XICO\u201d PARA \u201cDEFENSIVOS AGR\u00cdCOLAS\u201d<\/a><\/h3>\n                                <ul class=\"post-info clearfix\">\n                                    <li class=\"author-box mr_block_author\">\n                                        <div class=\"author-thumb\"><img alt='' src='https:\/\/secure.gravatar.com\/avatar\/b9fe02dd5c47fa8f3403fa53c592961d634ae71b86f7373da04d0e801510e425?s=90&#038;d=mm&#038;r=g' srcset='https:\/\/secure.gravatar.com\/avatar\/b9fe02dd5c47fa8f3403fa53c592961d634ae71b86f7373da04d0e801510e425?s=180&#038;d=mm&#038;r=g 2x' class='avatar avatar-90 photo' height='90' width='90' \/><\/div>\n                                        <a href=\"https:\/\/nelsonbarbudo.com.br\/index.php\/author\/imprensa\/\">Marlene Maidana<\/a>\n                                    <\/li>\n                                    <li class=\"mr_featured_block mr_block_comment\"><i class=\"\"><\/i>Nenhum coment\u00e1rio<\/li>\n                                <\/ul>\n\n                                <p class=\"mr_featured_block mr_f_block_text\">COMISS\u00c3O DE AGRICULTURA APROVA TROCA DE \u201cAGROT\u00d3XICO\u201d PARA \u201cDEFENSIVOS AGR\u00cdCOLAS\u201d A Comiss\u00e3o de Agricultura da C\u00e2mara aprovou hoje o projeto que altera a lei para trocar o termo \u201cagrot\u00f3xico\u201d por \u201cdefensivo agr\u00edcola\u201d. Para o deputado Nelson Barbudo (PL-MT), relator da mat\u00e9ria, trata-se de justi\u00e7a ao agro e reconhecimento da import\u00e2ncia&hellip;<\/p>\n                                <div class=\"wps_read_button_area\">\n                                    <button class=\"wps_read_button\">\n                                        <a class=\"theme_btn_none\" href=\"https:\/\/nelsonbarbudo.com.br\/index.php\/2025\/11\/12\/comissao-de-agricultura-aprova-troca-de-agrotoxico-para-defensivos-agricolas\/\">Ler Mais<\/a>\n                                    <\/button>\n                                <\/div>\n                            <\/div>\n                        <\/div>\n                    <\/div>\n                <\/div>\n            \t\t\t\n       \n      \n \t\n\t\t\t\n\t\t\t\t\t\t\t\t   \n              <\/div>\n    <\/div>\n<\/section>\n\n\n\t\t\t\n\n\n\t\t\t\t<\/div>\n\t\t\t\t<\/div>\n\t\t\t\t\t<\/div>\n\t\t\t\t<\/div>\n\t\t\t\t<\/div>\n\t\t","protected":false},"excerpt":{"rendered":"<p>Meus Projetos<\/p>\n","protected":false},"author":1,"featured_media":0,"parent":0,"menu_order":0,"comment_status":"closed","ping_status":"closed","template":"","meta":{"footnotes":""},"class_list":["post-2383","page","type-page","status-publish","hentry"],"yoast_head":"<!-- This site is optimized with the Yoast SEO plugin v25.4 - https:\/\/yoast.com\/wordpress\/plugins\/seo\/ -->\n<title>Meus Projetos - Deputado Federal pelo Mato Grosso<\/title>\n<meta name=\"robots\" content=\"index, follow, max-snippet:-1, max-image-preview:large, max-video-preview:-1\" \/>\n<link rel=\"canonical\" href=\"https:\/\/nelsonbarbudo.com.br\/index.php\/meus-projetos\/\" \/>\n<meta property=\"og:locale\" content=\"pt_BR\" \/>\n<meta property=\"og:type\" content=\"article\" \/>\n<meta property=\"og:title\" content=\"Meus Projetos - Deputado Federal pelo Mato Grosso\" \/>\n<meta property=\"og:description\" content=\"Meus Projetos\" \/>\n<meta property=\"og:url\" content=\"https:\/\/nelsonbarbudo.com.br\/index.php\/meus-projetos\/\" \/>\n<meta property=\"og:site_name\" content=\"Deputado Federal pelo Mato Grosso\" \/>\n<meta property=\"article:modified_time\" content=\"2025-04-08T14:48:31+00:00\" \/>\n<meta name=\"twitter:card\" content=\"summary_large_image\" \/>\n<meta name=\"twitter:label1\" content=\"Est. tempo de leitura\" \/>\n\t<meta name=\"twitter:data1\" content=\"1 minuto\" \/>\n<script type=\"application\/ld+json\" class=\"yoast-schema-graph\">{\"@context\":\"https:\/\/schema.org\",\"@graph\":[{\"@type\":\"WebPage\",\"@id\":\"https:\/\/nelsonbarbudo.com.br\/index.php\/meus-projetos\/\",\"url\":\"https:\/\/nelsonbarbudo.com.br\/index.php\/meus-projetos\/\",\"name\":\"Meus Projetos - Deputado Federal pelo Mato Grosso\",\"isPartOf\":{\"@id\":\"https:\/\/nelsonbarbudo.com.br\/#website\"},\"datePublished\":\"2025-04-08T14:44:10+00:00\",\"dateModified\":\"2025-04-08T14:48:31+00:00\",\"breadcrumb\":{\"@id\":\"https:\/\/nelsonbarbudo.com.br\/index.php\/meus-projetos\/#breadcrumb\"},\"inLanguage\":\"pt-BR\",\"potentialAction\":[{\"@type\":\"ReadAction\",\"target\":[\"https:\/\/nelsonbarbudo.com.br\/index.php\/meus-projetos\/\"]}]},{\"@type\":\"BreadcrumbList\",\"@id\":\"https:\/\/nelsonbarbudo.com.br\/index.php\/meus-projetos\/#breadcrumb\",\"itemListElement\":[{\"@type\":\"ListItem\",\"position\":1,\"name\":\"In\u00edcio\",\"item\":\"https:\/\/nelsonbarbudo.com.br\/\"},{\"@type\":\"ListItem\",\"position\":2,\"name\":\"Meus Projetos\"}]},{\"@type\":\"WebSite\",\"@id\":\"https:\/\/nelsonbarbudo.com.br\/#website\",\"url\":\"https:\/\/nelsonbarbudo.com.br\/\",\"name\":\"Deputado Federal Nelson Barbudo\",\"description\":\"PL - MT\",\"potentialAction\":[{\"@type\":\"SearchAction\",\"target\":{\"@type\":\"EntryPoint\",\"urlTemplate\":\"https:\/\/nelsonbarbudo.com.br\/?s={search_term_string}\"},\"query-input\":{\"@type\":\"PropertyValueSpecification\",\"valueRequired\":true,\"valueName\":\"search_term_string\"}}],\"inLanguage\":\"pt-BR\"}]}<\/script>\n<!-- \/ Yoast SEO plugin. -->","yoast_head_json":{"title":"Meus Projetos - Deputado Federal pelo Mato Grosso","robots":{"index":"index","follow":"follow","max-snippet":"max-snippet:-1","max-image-preview":"max-image-preview:large","max-video-preview":"max-video-preview:-1"},"canonical":"https:\/\/nelsonbarbudo.com.br\/index.php\/meus-projetos\/","og_locale":"pt_BR","og_type":"article","og_title":"Meus Projetos - Deputado Federal pelo Mato Grosso","og_description":"Meus Projetos","og_url":"https:\/\/nelsonbarbudo.com.br\/index.php\/meus-projetos\/","og_site_name":"Deputado Federal pelo Mato Grosso","article_modified_time":"2025-04-08T14:48:31+00:00","twitter_card":"summary_large_image","twitter_misc":{"Est. tempo de leitura":"1 minuto"},"schema":{"@context":"https:\/\/schema.org","@graph":[{"@type":"WebPage","@id":"https:\/\/nelsonbarbudo.com.br\/index.php\/meus-projetos\/","url":"https:\/\/nelsonbarbudo.com.br\/index.php\/meus-projetos\/","name":"Meus Projetos - Deputado Federal pelo Mato Grosso","isPartOf":{"@id":"https:\/\/nelsonbarbudo.com.br\/#website"},"datePublished":"2025-04-08T14:44:10+00:00","dateModified":"2025-04-08T14:48:31+00:00","breadcrumb":{"@id":"https:\/\/nelsonbarbudo.com.br\/index.php\/meus-projetos\/#breadcrumb"},"inLanguage":"pt-BR","potentialAction":[{"@type":"ReadAction","target":["https:\/\/nelsonbarbudo.com.br\/index.php\/meus-projetos\/"]}]},{"@type":"BreadcrumbList","@id":"https:\/\/nelsonbarbudo.com.br\/index.php\/meus-projetos\/#breadcrumb","itemListElement":[{"@type":"ListItem","position":1,"name":"In\u00edcio","item":"https:\/\/nelsonbarbudo.com.br\/"},{"@type":"ListItem","position":2,"name":"Meus Projetos"}]},{"@type":"WebSite","@id":"https:\/\/nelsonbarbudo.com.br\/#website","url":"https:\/\/nelsonbarbudo.com.br\/","name":"Deputado Federal Nelson Barbudo","description":"PL - MT","potentialAction":[{"@type":"SearchAction","target":{"@type":"EntryPoint","urlTemplate":"https:\/\/nelsonbarbudo.com.br\/?s={search_term_string}"},"query-input":{"@type":"PropertyValueSpecification","valueRequired":true,"valueName":"search_term_string"}}],"inLanguage":"pt-BR"}]}},"_links":{"self":[{"href":"https:\/\/nelsonbarbudo.com.br\/index.php\/wp-json\/wp\/v2\/pages\/2383","targetHints":{"allow":["GET"]}}],"collection":[{"href":"https:\/\/nelsonbarbudo.com.br\/index.php\/wp-json\/wp\/v2\/pages"}],"about":[{"href":"https:\/\/nelsonbarbudo.com.br\/index.php\/wp-json\/wp\/v2\/types\/page"}],"author":[{"embeddable":true,"href":"https:\/\/nelsonbarbudo.com.br\/index.php\/wp-json\/wp\/v2\/users\/1"}],"replies":[{"embeddable":true,"href":"https:\/\/nelsonbarbudo.com.br\/index.php\/wp-json\/wp\/v2\/comments?post=2383"}],"version-history":[{"count":7,"href":"https:\/\/nelsonbarbudo.com.br\/index.php\/wp-json\/wp\/v2\/pages\/2383\/revisions"}],"predecessor-version":[{"id":2390,"href":"https:\/\/nelsonbarbudo.com.br\/index.php\/wp-json\/wp\/v2\/pages\/2383\/revisions\/2390"}],"wp:attachment":[{"href":"https:\/\/nelsonbarbudo.com.br\/index.php\/wp-json\/wp\/v2\/media?parent=2383"}],"curies":[{"name":"wp","href":"https:\/\/api.w.org\/{rel}","templated":true}]}}