{"id":2451,"date":"2025-05-14T20:36:57","date_gmt":"2025-05-14T23:36:57","guid":{"rendered":"https:\/\/nelsonbarbudo.com.br\/?page_id=2451"},"modified":"2025-05-14T20:38:25","modified_gmt":"2025-05-14T23:38:25","slug":"entrevistas","status":"publish","type":"page","link":"https:\/\/nelsonbarbudo.com.br\/index.php\/entrevistas\/","title":{"rendered":"Entrevistas"},"content":{"rendered":"\t\t<div data-elementor-type=\"wp-page\" data-elementor-id=\"2451\" class=\"elementor elementor-2451\">\n\t\t\t\t<div class=\"elementor-element elementor-element-5f2401e e-flex e-con-boxed e-con e-parent\" data-id=\"5f2401e\" data-element_type=\"container\">\n\t\t\t\t\t<div class=\"e-con-inner\">\n\t\t\t\t<div class=\"elementor-element elementor-element-e11e1cd elementor-widget elementor-widget-spacer\" data-id=\"e11e1cd\" data-element_type=\"widget\" data-widget_type=\"spacer.default\">\n\t\t\t\t<div class=\"elementor-widget-container\">\n\t\t\t\t\t\t\t<div class=\"elementor-spacer\">\n\t\t\t<div class=\"elementor-spacer-inner\"><\/div>\n\t\t<\/div>\n\t\t\t\t\t\t<\/div>\n\t\t\t\t<\/div>\n\t\t\t\t\t<\/div>\n\t\t\t\t<\/div>\n\t\t<div class=\"elementor-element elementor-element-9cf8a5d e-flex e-con-boxed e-con e-parent\" data-id=\"9cf8a5d\" data-element_type=\"container\">\n\t\t\t\t\t<div class=\"e-con-inner\">\n\t\t\t\t<div class=\"elementor-element elementor-element-eae3593 elementor-widget elementor-widget-wpsection_wps_blog_grid\" data-id=\"eae3593\" data-element_type=\"widget\" data-widget_type=\"wpsection_wps_blog_grid.default\">\n\t\t\t\t<div class=\"elementor-widget-container\">\n\t\t\t\t\t\n\n<section class=\"blog-grid\">\n    <div class=\"auto-container\">\n        <div class=\"row clearfix\">\n                            <div class=\"col-lg-4 col-md-4 col-sm-12 news-block\">\n                    <div class=\"wp_blog_block news-block-two wow fadeInUp animated\" data-wow-delay=\"00ms\" data-wow-duration=\"1500ms\">\n                        <div class=\"inner-box\">\n                            <div class=\"image-box\">\n\n                                <figure class=\"image mr_product_thumb\">\n                                    <a class=\"mr_product_link\" href=\"https:\/\/nelsonbarbudo.com.br\/index.php\/2025\/05\/26\/entrevista-rdtvcast-querem-m4at4r-bolsonaro\/\">\n                                        \n\t\t\t\t\t\t\t\t\t<img fetchpriority=\"high\" decoding=\"async\" width=\"1290\" height=\"1231\" src=\"https:\/\/nelsonbarbudo.com.br\/wp-content\/uploads\/2025\/05\/WhatsApp-Image-2025-05-26-at-17.01.42.jpeg\" class=\"attachment-post-thumbnail size-post-thumbnail wp-post-image\" alt=\"\" srcset=\"https:\/\/nelsonbarbudo.com.br\/wp-content\/uploads\/2025\/05\/WhatsApp-Image-2025-05-26-at-17.01.42.jpeg 1290w, https:\/\/nelsonbarbudo.com.br\/wp-content\/uploads\/2025\/05\/WhatsApp-Image-2025-05-26-at-17.01.42-300x286.jpeg 300w, https:\/\/nelsonbarbudo.com.br\/wp-content\/uploads\/2025\/05\/WhatsApp-Image-2025-05-26-at-17.01.42-1024x977.jpeg 1024w, https:\/\/nelsonbarbudo.com.br\/wp-content\/uploads\/2025\/05\/WhatsApp-Image-2025-05-26-at-17.01.42-768x733.jpeg 768w\" sizes=\"(max-width: 1290px) 100vw, 1290px\" \/>  \n\n                                    <\/a>\n                                <\/figure>\n\n                                <span class=\"post-date mr_post_date\">26 maio<\/span>\n                            <\/div>\n                            <div class=\"lower-content\">\n                                <div class=\"subtitle_alignment\">\n                                    <span class=\"category mr_block_subtitle mr_featured_block_subtitle\">\n                                        <a href=\"https:\/\/nelsonbarbudo.com.br\/index.php\/category\/entrevistas\/\">Entrevistas<\/a>                                    <\/span>\n                                <\/div>\n\n                                <h3 class=\"mr_block_title mr_featured_block\"><a href=\"https:\/\/nelsonbarbudo.com.br\/index.php\/2025\/05\/26\/entrevista-rdtvcast-querem-m4at4r-bolsonaro\/\">ENTREVISTA RDTVCAST &#8211; &#8220;QUEREM M4T4R BOLSONARO&#8221;<\/a><\/h3>\n                                <ul class=\"post-info clearfix\">\n                                    <li class=\"author-box mr_block_author\">\n                                        <div class=\"author-thumb\"><img alt='' src='https:\/\/secure.gravatar.com\/avatar\/b9fe02dd5c47fa8f3403fa53c592961d634ae71b86f7373da04d0e801510e425?s=90&#038;d=mm&#038;r=g' srcset='https:\/\/secure.gravatar.com\/avatar\/b9fe02dd5c47fa8f3403fa53c592961d634ae71b86f7373da04d0e801510e425?s=180&#038;d=mm&#038;r=g 2x' class='avatar avatar-90 photo' height='90' width='90' \/><\/div>\n                                        <a href=\"https:\/\/nelsonbarbudo.com.br\/index.php\/author\/imprensa\/\">Marlene Maidana<\/a>\n                                    <\/li>\n                                    <li class=\"mr_featured_block mr_block_comment\"><i class=\"\"><\/i>Nenhum coment\u00e1rio<\/li>\n                                <\/ul>\n\n                                <p class=\"mr_featured_block mr_f_block_text\">ENTREVISTA RDTVCAST - \"QUEREM M4AT4R BOLSONARO\" https:\/\/youtube.com\/shorts\/K2K0sqBzaJs?si=QWXr5u4fXEldjDk2 RDTV CAST<\/p>\n                                <div class=\"wps_read_button_area\">\n                                    <button class=\"wps_read_button\">\n                                        <a class=\"theme_btn_none\" href=\"https:\/\/nelsonbarbudo.com.br\/index.php\/2025\/05\/26\/entrevista-rdtvcast-querem-m4at4r-bolsonaro\/\">Read More<\/a>\n                                    <\/button>\n                                <\/div>\n                            <\/div>\n                        <\/div>\n                    <\/div>\n                <\/div>\n                            <div class=\"col-lg-4 col-md-4 col-sm-12 news-block\">\n                    <div class=\"wp_blog_block news-block-two wow fadeInUp animated\" data-wow-delay=\"00ms\" data-wow-duration=\"1500ms\">\n                        <div class=\"inner-box\">\n                            <div class=\"image-box\">\n\n                                <figure class=\"image mr_product_thumb\">\n                                    <a class=\"mr_product_link\" href=\"https:\/\/nelsonbarbudo.com.br\/index.php\/2025\/05\/26\/entrevista-coletiva\/\">\n                                        \n\t\t\t\t\t\t\t\t\t<img decoding=\"async\" width=\"1290\" height=\"940\" src=\"https:\/\/nelsonbarbudo.com.br\/wp-content\/uploads\/2025\/05\/WhatsApp-Image-2025-05-26-at-16.27.49-1.jpeg\" class=\"attachment-post-thumbnail size-post-thumbnail wp-post-image\" alt=\"\" srcset=\"https:\/\/nelsonbarbudo.com.br\/wp-content\/uploads\/2025\/05\/WhatsApp-Image-2025-05-26-at-16.27.49-1.jpeg 1290w, https:\/\/nelsonbarbudo.com.br\/wp-content\/uploads\/2025\/05\/WhatsApp-Image-2025-05-26-at-16.27.49-1-300x219.jpeg 300w, https:\/\/nelsonbarbudo.com.br\/wp-content\/uploads\/2025\/05\/WhatsApp-Image-2025-05-26-at-16.27.49-1-1024x746.jpeg 1024w, https:\/\/nelsonbarbudo.com.br\/wp-content\/uploads\/2025\/05\/WhatsApp-Image-2025-05-26-at-16.27.49-1-768x560.jpeg 768w\" sizes=\"(max-width: 1290px) 100vw, 1290px\" \/>  \n\n                                    <\/a>\n                                <\/figure>\n\n                                <span class=\"post-date mr_post_date\">26 maio<\/span>\n                            <\/div>\n                            <div class=\"lower-content\">\n                                <div class=\"subtitle_alignment\">\n                                    <span class=\"category mr_block_subtitle mr_featured_block_subtitle\">\n                                        <a href=\"https:\/\/nelsonbarbudo.com.br\/index.php\/category\/entrevistas\/\">Entrevistas<\/a>                                    <\/span>\n                                <\/div>\n\n                                <h3 class=\"mr_block_title mr_featured_block\"><a href=\"https:\/\/nelsonbarbudo.com.br\/index.php\/2025\/05\/26\/entrevista-coletiva\/\">ENTREVISTA COLETIVA<\/a><\/h3>\n                                <ul class=\"post-info clearfix\">\n                                    <li class=\"author-box mr_block_author\">\n                                        <div class=\"author-thumb\"><img alt='' src='https:\/\/secure.gravatar.com\/avatar\/b9fe02dd5c47fa8f3403fa53c592961d634ae71b86f7373da04d0e801510e425?s=90&#038;d=mm&#038;r=g' srcset='https:\/\/secure.gravatar.com\/avatar\/b9fe02dd5c47fa8f3403fa53c592961d634ae71b86f7373da04d0e801510e425?s=180&#038;d=mm&#038;r=g 2x' class='avatar avatar-90 photo' height='90' width='90' \/><\/div>\n                                        <a href=\"https:\/\/nelsonbarbudo.com.br\/index.php\/author\/imprensa\/\">Marlene Maidana<\/a>\n                                    <\/li>\n                                    <li class=\"mr_featured_block mr_block_comment\"><i class=\"\"><\/i>Nenhum coment\u00e1rio<\/li>\n                                <\/ul>\n\n                                <p class=\"mr_featured_block mr_f_block_text\">ENTREVISTA COLETIVA - QUEM \u00c9 O DEPUTADO NELSON BARBUDO E QUAL O CEN\u00c1RIO POL\u00cdTICO PARA 2026 https:\/\/youtu.be\/L5l2qqfnorc?si=7IkAnrEh_Wm0sOTg TV ASSEMBL\u00c9IA<\/p>\n                                <div class=\"wps_read_button_area\">\n                                    <button class=\"wps_read_button\">\n                                        <a class=\"theme_btn_none\" href=\"https:\/\/nelsonbarbudo.com.br\/index.php\/2025\/05\/26\/entrevista-coletiva\/\">Read More<\/a>\n                                    <\/button>\n                                <\/div>\n                            <\/div>\n                        <\/div>\n                    <\/div>\n                <\/div>\n            \t\t\t\n       \n      \n \t\n\t\t\t\n\t\t\t\t\t\t\t\t   \n              <\/div>\n    <\/div>\n<\/section>\n\n\n\t\t\t\n\n\n\t\t\t\t<\/div>\n\t\t\t\t<\/div>\n\t\t\t\t\t<\/div>\n\t\t\t\t<\/div>\n\t\t<div class=\"elementor-element elementor-element-f3cc5c2 e-flex e-con-boxed e-con e-parent\" data-id=\"f3cc5c2\" data-element_type=\"container\">\n\t\t\t\t\t<div class=\"e-con-inner\">\n\t\t\t\t<div class=\"elementor-element elementor-element-59c89ca elementor-widget elementor-widget-spacer\" data-id=\"59c89ca\" data-element_type=\"widget\" data-widget_type=\"spacer.default\">\n\t\t\t\t<div class=\"elementor-widget-container\">\n\t\t\t\t\t\t\t<div class=\"elementor-spacer\">\n\t\t\t<div class=\"elementor-spacer-inner\"><\/div>\n\t\t<\/div>\n\t\t\t\t\t\t<\/div>\n\t\t\t\t<\/div>\n\t\t\t\t\t<\/div>\n\t\t\t\t<\/div>\n\t\t\t\t<\/div>\n\t\t","protected":false},"excerpt":{"rendered":"","protected":false},"author":1,"featured_media":0,"parent":0,"menu_order":0,"comment_status":"closed","ping_status":"closed","template":"tpl-default-elementor.php","meta":{"footnotes":""},"class_list":["post-2451","page","type-page","status-publish","hentry"],"yoast_head":"<!-- This site is optimized with the Yoast SEO plugin v25.4 - https:\/\/yoast.com\/wordpress\/plugins\/seo\/ -->\n<title>Entrevistas - Deputado Federal pelo Mato Grosso<\/title>\n<meta name=\"robots\" content=\"index, follow, max-snippet:-1, max-image-preview:large, max-video-preview:-1\" \/>\n<link rel=\"canonical\" href=\"https:\/\/nelsonbarbudo.com.br\/index.php\/entrevistas\/\" \/>\n<meta property=\"og:locale\" content=\"pt_BR\" \/>\n<meta property=\"og:type\" content=\"article\" \/>\n<meta property=\"og:title\" content=\"Entrevistas - Deputado Federal pelo Mato Grosso\" \/>\n<meta property=\"og:url\" content=\"https:\/\/nelsonbarbudo.com.br\/index.php\/entrevistas\/\" \/>\n<meta property=\"og:site_name\" content=\"Deputado Federal pelo Mato Grosso\" \/>\n<meta property=\"article:modified_time\" content=\"2025-05-14T23:38:25+00:00\" \/>\n<meta name=\"twitter:card\" content=\"summary_large_image\" \/>\n<script type=\"application\/ld+json\" class=\"yoast-schema-graph\">{\"@context\":\"https:\/\/schema.org\",\"@graph\":[{\"@type\":\"WebPage\",\"@id\":\"https:\/\/nelsonbarbudo.com.br\/index.php\/entrevistas\/\",\"url\":\"https:\/\/nelsonbarbudo.com.br\/index.php\/entrevistas\/\",\"name\":\"Entrevistas - Deputado Federal pelo Mato Grosso\",\"isPartOf\":{\"@id\":\"https:\/\/nelsonbarbudo.com.br\/#website\"},\"datePublished\":\"2025-05-14T23:36:57+00:00\",\"dateModified\":\"2025-05-14T23:38:25+00:00\",\"breadcrumb\":{\"@id\":\"https:\/\/nelsonbarbudo.com.br\/index.php\/entrevistas\/#breadcrumb\"},\"inLanguage\":\"pt-BR\",\"potentialAction\":[{\"@type\":\"ReadAction\",\"target\":[\"https:\/\/nelsonbarbudo.com.br\/index.php\/entrevistas\/\"]}]},{\"@type\":\"BreadcrumbList\",\"@id\":\"https:\/\/nelsonbarbudo.com.br\/index.php\/entrevistas\/#breadcrumb\",\"itemListElement\":[{\"@type\":\"ListItem\",\"position\":1,\"name\":\"In\u00edcio\",\"item\":\"https:\/\/nelsonbarbudo.com.br\/\"},{\"@type\":\"ListItem\",\"position\":2,\"name\":\"Entrevistas\"}]},{\"@type\":\"WebSite\",\"@id\":\"https:\/\/nelsonbarbudo.com.br\/#website\",\"url\":\"https:\/\/nelsonbarbudo.com.br\/\",\"name\":\"Deputado Federal Nelson Barbudo\",\"description\":\"PL - MT\",\"potentialAction\":[{\"@type\":\"SearchAction\",\"target\":{\"@type\":\"EntryPoint\",\"urlTemplate\":\"https:\/\/nelsonbarbudo.com.br\/?s={search_term_string}\"},\"query-input\":{\"@type\":\"PropertyValueSpecification\",\"valueRequired\":true,\"valueName\":\"search_term_string\"}}],\"inLanguage\":\"pt-BR\"}]}<\/script>\n<!-- \/ Yoast SEO plugin. -->","yoast_head_json":{"title":"Entrevistas - Deputado Federal pelo Mato Grosso","robots":{"index":"index","follow":"follow","max-snippet":"max-snippet:-1","max-image-preview":"max-image-preview:large","max-video-preview":"max-video-preview:-1"},"canonical":"https:\/\/nelsonbarbudo.com.br\/index.php\/entrevistas\/","og_locale":"pt_BR","og_type":"article","og_title":"Entrevistas - Deputado Federal pelo Mato Grosso","og_url":"https:\/\/nelsonbarbudo.com.br\/index.php\/entrevistas\/","og_site_name":"Deputado Federal pelo Mato Grosso","article_modified_time":"2025-05-14T23:38:25+00:00","twitter_card":"summary_large_image","schema":{"@context":"https:\/\/schema.org","@graph":[{"@type":"WebPage","@id":"https:\/\/nelsonbarbudo.com.br\/index.php\/entrevistas\/","url":"https:\/\/nelsonbarbudo.com.br\/index.php\/entrevistas\/","name":"Entrevistas - Deputado Federal pelo Mato Grosso","isPartOf":{"@id":"https:\/\/nelsonbarbudo.com.br\/#website"},"datePublished":"2025-05-14T23:36:57+00:00","dateModified":"2025-05-14T23:38:25+00:00","breadcrumb":{"@id":"https:\/\/nelsonbarbudo.com.br\/index.php\/entrevistas\/#breadcrumb"},"inLanguage":"pt-BR","potentialAction":[{"@type":"ReadAction","target":["https:\/\/nelsonbarbudo.com.br\/index.php\/entrevistas\/"]}]},{"@type":"BreadcrumbList","@id":"https:\/\/nelsonbarbudo.com.br\/index.php\/entrevistas\/#breadcrumb","itemListElement":[{"@type":"ListItem","position":1,"name":"In\u00edcio","item":"https:\/\/nelsonbarbudo.com.br\/"},{"@type":"ListItem","position":2,"name":"Entrevistas"}]},{"@type":"WebSite","@id":"https:\/\/nelsonbarbudo.com.br\/#website","url":"https:\/\/nelsonbarbudo.com.br\/","name":"Deputado Federal Nelson Barbudo","description":"PL - MT","potentialAction":[{"@type":"SearchAction","target":{"@type":"EntryPoint","urlTemplate":"https:\/\/nelsonbarbudo.com.br\/?s={search_term_string}"},"query-input":{"@type":"PropertyValueSpecification","valueRequired":true,"valueName":"search_term_string"}}],"inLanguage":"pt-BR"}]}},"_links":{"self":[{"href":"https:\/\/nelsonbarbudo.com.br\/index.php\/wp-json\/wp\/v2\/pages\/2451","targetHints":{"allow":["GET"]}}],"collection":[{"href":"https:\/\/nelsonbarbudo.com.br\/index.php\/wp-json\/wp\/v2\/pages"}],"about":[{"href":"https:\/\/nelsonbarbudo.com.br\/index.php\/wp-json\/wp\/v2\/types\/page"}],"author":[{"embeddable":true,"href":"https:\/\/nelsonbarbudo.com.br\/index.php\/wp-json\/wp\/v2\/users\/1"}],"replies":[{"embeddable":true,"href":"https:\/\/nelsonbarbudo.com.br\/index.php\/wp-json\/wp\/v2\/comments?post=2451"}],"version-history":[{"count":7,"href":"https:\/\/nelsonbarbudo.com.br\/index.php\/wp-json\/wp\/v2\/pages\/2451\/revisions"}],"predecessor-version":[{"id":2458,"href":"https:\/\/nelsonbarbudo.com.br\/index.php\/wp-json\/wp\/v2\/pages\/2451\/revisions\/2458"}],"wp:attachment":[{"href":"https:\/\/nelsonbarbudo.com.br\/index.php\/wp-json\/wp\/v2\/media?parent=2451"}],"curies":[{"name":"wp","href":"https:\/\/api.w.org\/{rel}","templated":true}]}}