{"id":384,"date":"2021-05-20T02:12:37","date_gmt":"2021-05-20T02:12:37","guid":{"rendered":"http:\/\/z.commonsupport.com\/lebulid\/?page_id=384"},"modified":"2025-02-05T08:15:14","modified_gmt":"2025-02-05T11:15:14","slug":"falar-com-o-deputado","status":"publish","type":"page","link":"https:\/\/nelsonbarbudo.com.br\/index.php\/falar-com-o-deputado\/","title":{"rendered":"Falar com o Deputado"},"content":{"rendered":"\t\t<div data-elementor-type=\"wp-page\" data-elementor-id=\"384\" class=\"elementor elementor-384\">\n\t\t\t\t\t\t<section class=\"elementor-section elementor-top-section elementor-element elementor-element-3c38afdd elementor-section-full_width elementor-section-height-default elementor-section-height-default\" data-id=\"3c38afdd\" data-element_type=\"section\">\n\t\t\t\t\t\t<div class=\"elementor-container elementor-column-gap-no\">\n\t\t\t\t\t<div class=\"elementor-column elementor-col-100 elementor-top-column elementor-element elementor-element-31c8e1d7\" data-id=\"31c8e1d7\" data-element_type=\"column\">\n\t\t\t<div class=\"elementor-widget-wrap elementor-element-populated\">\n\t\t\t\t\t\t<div class=\"elementor-element elementor-element-3989c7b8 elementor-widget elementor-widget-lebuild_contact_info\" data-id=\"3989c7b8\" data-element_type=\"widget\" data-widget_type=\"lebuild_contact_info.default\">\n\t\t\t\t<div class=\"elementor-widget-container\">\n\t\t\t\t\t        \n\t\t<section class=\"contact-info-area \">\n\t\t\t<div class=\"container\">\n\t\t\t\t<div class=\"row\">\n\t\t\t\t    \t\t\t\t\t<div class=\"col-xl-6 col-lg-6\">\n\t\t\t\t\t\t<div class=\"single-info-box\">\n\t\t\t\t\t\t\t<div class=\"title\">\n\t\t\t\t\t\t\t\t<h4>Bras\u00edlia DF<\/h4>\n\t\t\t\t\t\t\t<\/div>\n\t\t\t\t\t\t\t<div class=\"text\">\n\t\t\t\t\t\t\t\t\t\t\t\t\t\t\t\t\t\t\t\t\t\t\t\t<p>C\u00e2mara dos Deputados Anexo IV<br> 7\u00ba Andar, Gab. 739.<\/p>\t\t\t\t\t\t\t\t\t\t\t\t\t\t\t\t<p>Bras\u00edlia - DF - 70160-900<\/p>\t\t\t\t\t\t\t\t\t\t\t\t\t\t\t<\/div>\n\t\t\t\t\t\t<\/div>\n\t\t\t\t\t<\/div>\n\t\t\t\t\t\t\t\t\t\t<div class=\"col-xl-6 col-lg-6\">\n\t\t\t\t\t\t<div class=\"single-info-box\">\n\t\t\t\t\t\t\t<div class=\"title\">\n\t\t\t\t\t\t\t\t<h4>Cuiab\u00e1 MT<\/h4>\n\t\t\t\t\t\t\t<\/div>\n\t\t\t\t\t\t\t<div class=\"text\">\n\t\t\t\t\t\t\t\t\t\t\t\t\t\t\t\t\t\t\t\t\t\t\t\t<p>R. Mistral, 332 - Despraiado, Cuiab\u00e1<br>  Edif\u00edcio The Point, sala 603<\/p>\t\t\t\t\t\t\t\t\t\t\t\t\t\t\t\t<p>Cuiab\u00e1 - MT - 78048-222<\/p>\t\t\t\t\t\t\t\t\t\t\t\t\t\t\t<\/div>\n\t\t\t\t\t\t<\/div>\n\t\t\t\t\t<\/div>\n\t\t\t\t\t\t\t\t\t\t<div class=\"col-xl-6 col-lg-6\">\n\t\t\t\t\t\t<div class=\"single-info-box\">\n\t\t\t\t\t\t\t<div class=\"title\">\n\t\t\t\t\t\t\t\t<h4>Telefone<\/h4>\n\t\t\t\t\t\t\t<\/div>\n\t\t\t\t\t\t\t<div class=\"text\">\n\t\t\t\t\t\t\t\t\t\t\t\t\t\t\t\t\t\t\t\t\t\t\t\t<p>(61) 3215-5739<br> \t\t\t\t\t\t\t\t\t\t\t\t\t\t\t<\/div>\n\t\t\t\t\t\t<\/div>\n\t\t\t\t\t<\/div>\n\t\t\t\t\t\t\t\t\t\t<div class=\"col-xl-6 col-lg-6\">\n\t\t\t\t\t\t<div class=\"single-info-box\">\n\t\t\t\t\t\t\t<div class=\"title\">\n\t\t\t\t\t\t\t\t<h4>Redes Sociais<\/h4>\n\t\t\t\t\t\t\t<\/div>\n\t\t\t\t\t\t\t<div class=\"text\">\n\t\t\t\t\t\t\t\t\t\t\t\t\t\t\t\t\t\t\t\t\t\t\t\t<ul class=\"social-links-style1\"><li><a href=\"https:\/\/www.facebook.com\/onelsonbarbudo\"><i class=\"fab fa-facebook-f\" aria-hidden=\"true\"><\/i><\/a><\/li><li><a href=\"https:\/\/x.com\/nelsonbarbudo\"><i class=\"fab fa-twitter\" aria-hidden=\"true\"><\/i><\/a> <\/li><li><a href=\"https:\/\/www.instagram.com\/nelsonbarbudo\"><i class=\"fab fa-instagram\" aria-hidden=\"true\"><\/i><\/a><\/li><li><a href=\"https:\/\/www.youtube.com\/channel\/UC2wzaVfyw_DJ7Dw8vMqNoCw\"><i class=\"fab fa-youtube\" aria-hidden=\"true\"><\/i><\/a><\/li><li><a href=\"https:\/\/wa.me\/556196192290\"><i class=\"fab fa-whatsapp\" aria-hidden=\"true\"><\/i><\/a><\/li><\/ul>\t\t\t\t\t\t\t\t\t\t\t\t\t\t\t<\/div>\n\t\t\t\t\t\t<\/div>\n\t\t\t\t\t<\/div>\n\t\t\t\t\t\t\t\t\t<\/div>\n\t\t\t<\/div>\n\t\t<\/section>\n             \n\t\t\t\t\t\t<\/div>\n\t\t\t\t<\/div>\n\t\t\t\t\t<\/div>\n\t\t<\/div>\n\t\t\t\t\t<\/div>\n\t\t<\/section>\n\t\t\t\t<section class=\"elementor-section elementor-top-section elementor-element elementor-element-445318cd elementor-section-stretched elementor-section-boxed elementor-section-height-default elementor-section-height-default\" data-id=\"445318cd\" data-element_type=\"section\" data-settings=\"{&quot;stretch_section&quot;:&quot;section-stretched&quot;,&quot;background_background&quot;:&quot;classic&quot;}\">\n\t\t\t\t\t\t<div class=\"elementor-container elementor-column-gap-no\">\n\t\t\t\t\t<div class=\"elementor-column elementor-col-100 elementor-top-column elementor-element elementor-element-161dcde0\" data-id=\"161dcde0\" data-element_type=\"column\">\n\t\t\t<div class=\"elementor-widget-wrap elementor-element-populated\">\n\t\t\t\t\t\t<div class=\"elementor-element elementor-element-ff90b0c elementor-widget elementor-widget-lebuild_contact\" data-id=\"ff90b0c\" data-element_type=\"widget\" data-widget_type=\"lebuild_contact.default\">\n\t\t\t\t<div class=\"elementor-widget-container\">\n\t\t\t\t\t        \n\t\t<section class=\"contact-style1-area two\">\n\t\t\t<div class=\"container\">\n\t\t\t\t<div class=\"row\">\n\t\t\t\t\t<div class=\"col-xl-12\">\n\t\t\t\t\t\t<div class=\"contact-style1_form\">\n\t\t\t\t\t\t\t<div class=\"title\">\n\t\t\t\t\t\t\t\t<h4>Falar com o Gabinete do Depoutao Nelson Barbudo<\/h4>\n\t\t\t\t\t\t\t\t<p>Preencha o formul\u00e1rio abaixo que logo entraremos em contato.<span>*<\/span><\/p>\n\t\t\t\t\t\t\t<\/div>\n\t\t\t\t\t\t\t<div class=\"contact-form\">\n\t\t\t\t\t\t\t\t\n<div class=\"wpcf7 no-js\" id=\"wpcf7-f560-o1\" lang=\"en-US\" dir=\"ltr\" data-wpcf7-id=\"560\">\n<div class=\"screen-reader-response\"><p role=\"status\" aria-live=\"polite\" aria-atomic=\"true\"><\/p> <ul><\/ul><\/div>\n<form action=\"\/index.php\/wp-json\/wp\/v2\/pages\/384#wpcf7-f560-o1\" method=\"post\" class=\"wpcf7-form init\" aria-label=\"Contact form\" novalidate=\"novalidate\" data-status=\"init\">\n<fieldset class=\"hidden-fields-container\"><input type=\"hidden\" name=\"_wpcf7\" value=\"560\" \/><input type=\"hidden\" name=\"_wpcf7_version\" value=\"6.1\" \/><input type=\"hidden\" name=\"_wpcf7_locale\" value=\"en_US\" \/><input type=\"hidden\" name=\"_wpcf7_unit_tag\" value=\"wpcf7-f560-o1\" \/><input type=\"hidden\" name=\"_wpcf7_container_post\" value=\"0\" \/><input type=\"hidden\" name=\"_wpcf7_posted_data_hash\" value=\"\" \/>\n<\/fieldset>\n<div class=\"default-form2\">\n\t<div class=\"row\">\n\t\t<div class=\"col-xl-6\">\n\t\t\t<div class=\"input-box\">\n\t\t\t\t<p><span class=\"wpcf7-form-control-wrap\" data-name=\"text-109\"><input size=\"40\" maxlength=\"400\" class=\"wpcf7-form-control wpcf7-text wpcf7-validates-as-required\" aria-required=\"true\" aria-invalid=\"false\" placeholder=\"Seu Nome*\" value=\"\" type=\"text\" name=\"text-109\" \/><\/span>\n\t\t\t\t<\/p>\n\t\t\t<\/div>\n\t\t<\/div>\n\t\t<div class=\"col-xl-6\">\n\t\t\t<div class=\"input-box\">\n\t\t\t\t<p><span class=\"wpcf7-form-control-wrap\" data-name=\"email-884\"><input size=\"40\" maxlength=\"400\" class=\"wpcf7-form-control wpcf7-email wpcf7-validates-as-required wpcf7-text wpcf7-validates-as-email\" aria-required=\"true\" aria-invalid=\"false\" placeholder=\"Email*\" value=\"\" type=\"email\" name=\"email-884\" \/><\/span>\n\t\t\t\t<\/p>\n\t\t\t<\/div>\n\t\t<\/div>\n\t<\/div>\n\t<div class=\"row\">\n\t\t<div class=\"col-xl-6\">\n\t\t\t<div class=\"input-box\">\n\t\t\t\t<p><span class=\"wpcf7-form-control-wrap\" data-name=\"text-109\"><input size=\"40\" maxlength=\"400\" class=\"wpcf7-form-control wpcf7-text wpcf7-validates-as-required\" aria-required=\"true\" aria-invalid=\"false\" placeholder=\"Telefone*\" value=\"\" type=\"text\" name=\"text-109\" \/><\/span>\n\t\t\t\t<\/p>\n\t\t\t<\/div>\n\t\t<\/div>\n\t\t<div class=\"col-xl-6\">\n\t\t\t<div class=\"input-box\">\n\t\t\t\t<p><span class=\"wpcf7-form-control-wrap\" data-name=\"text-109\"><input size=\"40\" maxlength=\"400\" class=\"wpcf7-form-control wpcf7-text wpcf7-validates-as-required\" aria-required=\"true\" aria-invalid=\"false\" placeholder=\"Assunto\" value=\"\" type=\"text\" name=\"text-109\" \/><\/span>\n\t\t\t\t<\/p>\n\t\t\t<\/div>\n\t\t<\/div>\n\t<\/div>\n\t<div class=\"row\">\n\t\t<div class=\"col-xl-12\">\n\t\t\t<div class=\"input-box\">\n\t\t\t\t<p><span class=\"wpcf7-form-control-wrap\" data-name=\"textarea-845\"><textarea cols=\"40\" rows=\"10\" maxlength=\"2000\" class=\"wpcf7-form-control wpcf7-textarea wpcf7-validates-as-required\" aria-required=\"true\" aria-invalid=\"false\" placeholder=\"Mensagem\" name=\"textarea-845\"><\/textarea><\/span>\n\t\t\t\t<\/p>\n\t\t\t<\/div>\n\t\t\t<div class=\"button-box\">\n\t\t\t\t<p><input id=\"form_botcheck\" name=\"form_botcheck\" class=\"form-control\" type=\"hidden\" value=\"\" \/><button class=\"btn-one\" type=\"submit\" data-loading-text=\"Please wait...\"><span class=\"txt\">Enviar Mensagem <i class=\"flaticon-right-arrow-1 arrow1\"><\/i><\/span><\/button>\n\t\t\t\t<\/p>\n\t\t\t<\/div>\n\t\t<\/div>\n\t<\/div>\n<\/div><p style=\"display: none !important;\" class=\"akismet-fields-container\" data-prefix=\"_wpcf7_ak_\"><label>&#916;<textarea name=\"_wpcf7_ak_hp_textarea\" cols=\"45\" rows=\"8\" maxlength=\"100\"><\/textarea><\/label><input type=\"hidden\" id=\"ak_js_1\" name=\"_wpcf7_ak_js\" value=\"64\"\/><script>document.getElementById( \"ak_js_1\" ).setAttribute( \"value\", ( new Date() ).getTime() );<\/script><\/p><div class=\"wpcf7-response-output\" aria-hidden=\"true\"><\/div>\n<\/form>\n<\/div>\n\t\t\t\t\t\t\t<\/div>\n\t\t\t\t\t\t<\/div>\n\t\t\t\t\t<\/div>\n\t\t\t\t<\/div>\n\t\t\t<\/div>\n\t\t<\/section>\n             \n\t\t\t\t\t\t<\/div>\n\t\t\t\t<\/div>\n\t\t\t\t\t<\/div>\n\t\t<\/div>\n\t\t\t\t\t<\/div>\n\t\t<\/section>\n\t\t\t\t<\/div>\n\t\t","protected":false},"excerpt":{"rendered":"<p>Bras\u00edlia DF C\u00e2mara dos Deputados Anexo IV 7\u00ba Andar, Gab. 739. Bras\u00edlia &#8211; DF &#8211; 70160-900 Cuiab\u00e1 MT R. Mistral, 332 &#8211; Despraiado, Cuiab\u00e1 Edif\u00edcio The Point, sala 603 Cuiab\u00e1 &#8211; MT &#8211; 78048-222 Telefone (61) 3215-5739 Redes Sociais Falar com o Gabinete do Depoutao Nelson Barbudo Preencha o formul\u00e1rio abaixo que logo entraremos em [&hellip;]<\/p>\n","protected":false},"author":1,"featured_media":0,"parent":0,"menu_order":0,"comment_status":"closed","ping_status":"closed","template":"tpl-default-elementor.php","meta":{"footnotes":""},"class_list":["post-384","page","type-page","status-publish","hentry"],"yoast_head":"<!-- This site is optimized with the Yoast SEO plugin v25.4 - https:\/\/yoast.com\/wordpress\/plugins\/seo\/ -->\n<title>Falar com o Deputado - Deputado Federal pelo Mato Grosso<\/title>\n<meta name=\"robots\" content=\"index, follow, max-snippet:-1, max-image-preview:large, max-video-preview:-1\" \/>\n<link rel=\"canonical\" href=\"https:\/\/nelsonbarbudo.com.br\/index.php\/falar-com-o-deputado\/\" \/>\n<meta property=\"og:locale\" content=\"pt_BR\" \/>\n<meta property=\"og:type\" content=\"article\" \/>\n<meta property=\"og:title\" content=\"Falar com o Deputado - Deputado Federal pelo Mato Grosso\" \/>\n<meta property=\"og:description\" content=\"Bras\u00edlia DF C\u00e2mara dos Deputados Anexo IV 7\u00ba Andar, Gab. 739. Bras\u00edlia &#8211; DF &#8211; 70160-900 Cuiab\u00e1 MT R. Mistral, 332 &#8211; Despraiado, Cuiab\u00e1 Edif\u00edcio The Point, sala 603 Cuiab\u00e1 &#8211; MT &#8211; 78048-222 Telefone (61) 3215-5739 Redes Sociais Falar com o Gabinete do Depoutao Nelson Barbudo Preencha o formul\u00e1rio abaixo que logo entraremos em [&hellip;]\" \/>\n<meta property=\"og:url\" content=\"https:\/\/nelsonbarbudo.com.br\/index.php\/falar-com-o-deputado\/\" \/>\n<meta property=\"og:site_name\" content=\"Deputado Federal pelo Mato Grosso\" \/>\n<meta property=\"article:modified_time\" content=\"2025-02-05T11:15:14+00:00\" \/>\n<meta name=\"twitter:card\" content=\"summary_large_image\" \/>\n<meta name=\"twitter:label1\" content=\"Est. tempo de leitura\" \/>\n\t<meta name=\"twitter:data1\" content=\"1 minuto\" \/>\n<script type=\"application\/ld+json\" class=\"yoast-schema-graph\">{\"@context\":\"https:\/\/schema.org\",\"@graph\":[{\"@type\":\"WebPage\",\"@id\":\"https:\/\/nelsonbarbudo.com.br\/index.php\/falar-com-o-deputado\/\",\"url\":\"https:\/\/nelsonbarbudo.com.br\/index.php\/falar-com-o-deputado\/\",\"name\":\"Falar com o Deputado - Deputado Federal pelo Mato Grosso\",\"isPartOf\":{\"@id\":\"https:\/\/nelsonbarbudo.com.br\/#website\"},\"datePublished\":\"2021-05-20T02:12:37+00:00\",\"dateModified\":\"2025-02-05T11:15:14+00:00\",\"breadcrumb\":{\"@id\":\"https:\/\/nelsonbarbudo.com.br\/index.php\/falar-com-o-deputado\/#breadcrumb\"},\"inLanguage\":\"pt-BR\",\"potentialAction\":[{\"@type\":\"ReadAction\",\"target\":[\"https:\/\/nelsonbarbudo.com.br\/index.php\/falar-com-o-deputado\/\"]}]},{\"@type\":\"BreadcrumbList\",\"@id\":\"https:\/\/nelsonbarbudo.com.br\/index.php\/falar-com-o-deputado\/#breadcrumb\",\"itemListElement\":[{\"@type\":\"ListItem\",\"position\":1,\"name\":\"In\u00edcio\",\"item\":\"https:\/\/nelsonbarbudo.com.br\/\"},{\"@type\":\"ListItem\",\"position\":2,\"name\":\"Falar com o Deputado\"}]},{\"@type\":\"WebSite\",\"@id\":\"https:\/\/nelsonbarbudo.com.br\/#website\",\"url\":\"https:\/\/nelsonbarbudo.com.br\/\",\"name\":\"Deputado Federal Nelson Barbudo\",\"description\":\"PL - MT\",\"potentialAction\":[{\"@type\":\"SearchAction\",\"target\":{\"@type\":\"EntryPoint\",\"urlTemplate\":\"https:\/\/nelsonbarbudo.com.br\/?s={search_term_string}\"},\"query-input\":{\"@type\":\"PropertyValueSpecification\",\"valueRequired\":true,\"valueName\":\"search_term_string\"}}],\"inLanguage\":\"pt-BR\"}]}<\/script>\n<!-- \/ Yoast SEO plugin. -->","yoast_head_json":{"title":"Falar com o Deputado - Deputado Federal pelo Mato Grosso","robots":{"index":"index","follow":"follow","max-snippet":"max-snippet:-1","max-image-preview":"max-image-preview:large","max-video-preview":"max-video-preview:-1"},"canonical":"https:\/\/nelsonbarbudo.com.br\/index.php\/falar-com-o-deputado\/","og_locale":"pt_BR","og_type":"article","og_title":"Falar com o Deputado - Deputado Federal pelo Mato Grosso","og_description":"Bras\u00edlia DF C\u00e2mara dos Deputados Anexo IV 7\u00ba Andar, Gab. 739. Bras\u00edlia &#8211; DF &#8211; 70160-900 Cuiab\u00e1 MT R. Mistral, 332 &#8211; Despraiado, Cuiab\u00e1 Edif\u00edcio The Point, sala 603 Cuiab\u00e1 &#8211; MT &#8211; 78048-222 Telefone (61) 3215-5739 Redes Sociais Falar com o Gabinete do Depoutao Nelson Barbudo Preencha o formul\u00e1rio abaixo que logo entraremos em [&hellip;]","og_url":"https:\/\/nelsonbarbudo.com.br\/index.php\/falar-com-o-deputado\/","og_site_name":"Deputado Federal pelo Mato Grosso","article_modified_time":"2025-02-05T11:15:14+00:00","twitter_card":"summary_large_image","twitter_misc":{"Est. tempo de leitura":"1 minuto"},"schema":{"@context":"https:\/\/schema.org","@graph":[{"@type":"WebPage","@id":"https:\/\/nelsonbarbudo.com.br\/index.php\/falar-com-o-deputado\/","url":"https:\/\/nelsonbarbudo.com.br\/index.php\/falar-com-o-deputado\/","name":"Falar com o Deputado - Deputado Federal pelo Mato Grosso","isPartOf":{"@id":"https:\/\/nelsonbarbudo.com.br\/#website"},"datePublished":"2021-05-20T02:12:37+00:00","dateModified":"2025-02-05T11:15:14+00:00","breadcrumb":{"@id":"https:\/\/nelsonbarbudo.com.br\/index.php\/falar-com-o-deputado\/#breadcrumb"},"inLanguage":"pt-BR","potentialAction":[{"@type":"ReadAction","target":["https:\/\/nelsonbarbudo.com.br\/index.php\/falar-com-o-deputado\/"]}]},{"@type":"BreadcrumbList","@id":"https:\/\/nelsonbarbudo.com.br\/index.php\/falar-com-o-deputado\/#breadcrumb","itemListElement":[{"@type":"ListItem","position":1,"name":"In\u00edcio","item":"https:\/\/nelsonbarbudo.com.br\/"},{"@type":"ListItem","position":2,"name":"Falar com o Deputado"}]},{"@type":"WebSite","@id":"https:\/\/nelsonbarbudo.com.br\/#website","url":"https:\/\/nelsonbarbudo.com.br\/","name":"Deputado Federal Nelson Barbudo","description":"PL - MT","potentialAction":[{"@type":"SearchAction","target":{"@type":"EntryPoint","urlTemplate":"https:\/\/nelsonbarbudo.com.br\/?s={search_term_string}"},"query-input":{"@type":"PropertyValueSpecification","valueRequired":true,"valueName":"search_term_string"}}],"inLanguage":"pt-BR"}]}},"_links":{"self":[{"href":"https:\/\/nelsonbarbudo.com.br\/index.php\/wp-json\/wp\/v2\/pages\/384","targetHints":{"allow":["GET"]}}],"collection":[{"href":"https:\/\/nelsonbarbudo.com.br\/index.php\/wp-json\/wp\/v2\/pages"}],"about":[{"href":"https:\/\/nelsonbarbudo.com.br\/index.php\/wp-json\/wp\/v2\/types\/page"}],"author":[{"embeddable":true,"href":"https:\/\/nelsonbarbudo.com.br\/index.php\/wp-json\/wp\/v2\/users\/1"}],"replies":[{"embeddable":true,"href":"https:\/\/nelsonbarbudo.com.br\/index.php\/wp-json\/wp\/v2\/comments?post=384"}],"version-history":[{"count":21,"href":"https:\/\/nelsonbarbudo.com.br\/index.php\/wp-json\/wp\/v2\/pages\/384\/revisions"}],"predecessor-version":[{"id":2333,"href":"https:\/\/nelsonbarbudo.com.br\/index.php\/wp-json\/wp\/v2\/pages\/384\/revisions\/2333"}],"wp:attachment":[{"href":"https:\/\/nelsonbarbudo.com.br\/index.php\/wp-json\/wp\/v2\/media?parent=384"}],"curies":[{"name":"wp","href":"https:\/\/api.w.org\/{rel}","templated":true}]}}